{"id":33255,"date":"2025-01-02T02:19:19","date_gmt":"2025-01-02T01:19:19","guid":{"rendered":"http:\/\/automotive.system199.de\/shop\/produkt\/fk-gewindefahrwerk-ersatzteile-hinterachse-nur-1-seite-peugeot-207-2006-2012-mit-51mm-federbein\/"},"modified":"2025-01-02T02:19:22","modified_gmt":"2025-01-02T01:19:22","slug":"fk-gewindefahrwerk-ersatzteile-hinterachse-nur-1-seite-peugeot-207-2006-2012-mit-51mm-federbein","status":"publish","type":"product","link":"https:\/\/car-2.de\/shop\/produkt\/fk-gewindefahrwerk-ersatzteile-hinterachse-nur-1-seite-peugeot-207-2006-2012-mit-51mm-federbein\/","title":{"rendered":"FK Gewindefahrwerk Ersatzteile Hinterachse (nur 1 Seite) Peugeot 207  2006-2012 mit 51mm Federbein"},"content":{"rendered":"<p><span style=\"display: inline-block; width: 0px; overflow: hidden; line-height: 0;\" data-mce-type=\"bookmark\" class=\"mce_SELRES_start\">\ufeff<\/span><\/p>\n","protected":false},"excerpt":{"rendered":"<p>FK Gewindefahrwerk Ersatzteile Hinterachse (nur 1 Seite)Set bestehend aus 1 HA D\u00e4mpfer, 1 HA Feder und Gewindeklotz inkl. Nutmutternf\u00fcr Peugeot 207  2006 bis 2012nur f\u00fcr Fahrzeuge mit 51mm Federbeinklemmdurchmesser vorneMaterial: Stahl verzinktTieferlegung ca. 30 bis 60 mmmax. Achslast hinten 900 kgFK Gewindefahrwerk Ersatzteile Hinterachse (nur 1 Seite)Set bestehend aus 1 HA D\u00e4mpfer, 1 HA Feder und Gewindeklotz inkl. Nutmutternf\u00fcr Peugeot 207  2006 bis 2012nur f\u00fcr Fahrzeuge mit 51mm Federbeinklemmdurchmesser vorneMaterial: Stahl verzinktTieferlegung ca. 30 bis 60 mmmax. Achslast hinten 900 kg<\/p>\n","protected":false},"featured_media":57296,"comment_status":"closed","ping_status":"open","template":"","meta":[],"product_brand":[],"product_cat":[641,643],"product_tag":[],"class_list":{"0":"post-33255","1":"product","2":"type-product","3":"status-publish","4":"has-post-thumbnail","6":"product_cat-fahrwerk-tuning","7":"product_cat-gewindefahrwerk-ersatzteile","8":"pa_kfz-hersteller-peugeot","9":"pa_kfz-modell-1587","11":"first","12":"instock","13":"purchasable","14":"product-type-simple"},"_links":{"self":[{"href":"https:\/\/car-2.de\/shop\/wp-json\/wp\/v2\/product\/33255","targetHints":{"allow":["GET"]}}],"collection":[{"href":"https:\/\/car-2.de\/shop\/wp-json\/wp\/v2\/product"}],"about":[{"href":"https:\/\/car-2.de\/shop\/wp-json\/wp\/v2\/types\/product"}],"replies":[{"embeddable":true,"href":"https:\/\/car-2.de\/shop\/wp-json\/wp\/v2\/comments?post=33255"}],"wp:featuredmedia":[{"embeddable":true,"href":"https:\/\/car-2.de\/shop\/wp-json\/wp\/v2\/media\/57296"}],"wp:attachment":[{"href":"https:\/\/car-2.de\/shop\/wp-json\/wp\/v2\/media?parent=33255"}],"wp:term":[{"taxonomy":"product_brand","embeddable":true,"href":"https:\/\/car-2.de\/shop\/wp-json\/wp\/v2\/product_brand?post=33255"},{"taxonomy":"product_cat","embeddable":true,"href":"https:\/\/car-2.de\/shop\/wp-json\/wp\/v2\/product_cat?post=33255"},{"taxonomy":"product_tag","embeddable":true,"href":"https:\/\/car-2.de\/shop\/wp-json\/wp\/v2\/product_tag?post=33255"}],"curies":[{"name":"wp","href":"https:\/\/api.w.org\/{rel}","templated":true}]}}