{"id":33156,"date":"2025-01-02T02:18:59","date_gmt":"2025-01-02T01:18:59","guid":{"rendered":"http:\/\/automotive.system199.de\/shop\/produkt\/fk-gewindefahrwerk-sportfahrwerk-audi-a6-c6-4f-avant-2005-2011\/"},"modified":"2025-01-02T02:19:01","modified_gmt":"2025-01-02T01:19:01","slug":"fk-gewindefahrwerk-sportfahrwerk-audi-a6-c6-4f-avant-2005-2011","status":"publish","type":"product","link":"https:\/\/car-2.de\/shop\/produkt\/fk-gewindefahrwerk-sportfahrwerk-audi-a6-c6-4f-avant-2005-2011\/","title":{"rendered":"FK Gewindefahrwerk Sportfahrwerk Audi A6 C6\/4F Avant  2005-2011"},"content":{"rendered":"<p>Das FK Gewindefahrwerk ist die erste Wahl bei allen, die ihr Fahrzeug tunen m\u00f6chten:- einfache und individuelle H\u00f6henverstellbarkeit im gepr\u00fcften Verstellbereich- sportlich straffe Fahrt- erstklassige Qualit\u00e4t f\u00fcr eine hohe Lebensdauer- mehr Fahrspa\u00df durch exzellentes Kurvenverhalten- einbaufertige Komplettl\u00f6sung- optimal abgestimmte FK Qualit\u00e4ts-Sportd\u00e4mpferLieferumfang:1x FK Gewindefahrwerk und Hakenschl\u00fcssel<span style=\"display: inline-block; width: 0px; overflow: hidden; line-height: 0;\" data-mce-type=\"bookmark\" class=\"mce_SELRES_start\">\ufeff<\/span><\/p>\n","protected":false},"excerpt":{"rendered":"<p>FK Gewindefahrwerk, h\u00f6henverstellbares Sportfahrwerkf\u00fcr Audi A6 C6\/4F Avant  2005 bis 2011T\u00dcV zugelassen \/ inkl. Teilegutachten nach \u00a719.3Tieferlegung ca. 30 bis 75 mmMaterial: Stahl verzinktindividuell h\u00f6henverstellbar, inkl. Hakenschl\u00fcsselmax. Achslast vorne 1290 kgmax. Achslast hinten 1280 kgnur VorderradantriebFK Gewindefahrwerk, h\u00f6henverstellbares Sportfahrwerkf\u00fcr Audi A6 C6\/4F Avant  2005 bis 2011T\u00dcV zugelassen \/ inkl. Teilegutachten nach \u00a719.3Tieferlegung ca. 30 bis 75 mmMaterial: Stahl verzinktindividuell h\u00f6henverstellbar, inkl. Hakenschl\u00fcsselmax. Achslast vorne 1290 kgmax. Achslast hinten 1280 kgnur Vorderradantrieb<\/p>\n","protected":false},"featured_media":57051,"comment_status":"closed","ping_status":"open","template":"","meta":[],"product_brand":[],"product_cat":[641,646],"product_tag":[],"class_list":{"0":"post-33156","1":"product","2":"type-product","3":"status-publish","4":"has-post-thumbnail","6":"product_cat-fahrwerk-tuning","7":"product_cat-gewindefahrwerk","8":"pa_kfz-hersteller-audi","9":"pa_kfz-modell-a6-avant-4f5-c6","11":"first","12":"instock","13":"purchasable","14":"product-type-simple"},"_links":{"self":[{"href":"https:\/\/car-2.de\/shop\/wp-json\/wp\/v2\/product\/33156","targetHints":{"allow":["GET"]}}],"collection":[{"href":"https:\/\/car-2.de\/shop\/wp-json\/wp\/v2\/product"}],"about":[{"href":"https:\/\/car-2.de\/shop\/wp-json\/wp\/v2\/types\/product"}],"replies":[{"embeddable":true,"href":"https:\/\/car-2.de\/shop\/wp-json\/wp\/v2\/comments?post=33156"}],"wp:featuredmedia":[{"embeddable":true,"href":"https:\/\/car-2.de\/shop\/wp-json\/wp\/v2\/media\/57051"}],"wp:attachment":[{"href":"https:\/\/car-2.de\/shop\/wp-json\/wp\/v2\/media?parent=33156"}],"wp:term":[{"taxonomy":"product_brand","embeddable":true,"href":"https:\/\/car-2.de\/shop\/wp-json\/wp\/v2\/product_brand?post=33156"},{"taxonomy":"product_cat","embeddable":true,"href":"https:\/\/car-2.de\/shop\/wp-json\/wp\/v2\/product_cat?post=33156"},{"taxonomy":"product_tag","embeddable":true,"href":"https:\/\/car-2.de\/shop\/wp-json\/wp\/v2\/product_tag?post=33156"}],"curies":[{"name":"wp","href":"https:\/\/api.w.org\/{rel}","templated":true}]}}