{"id":33127,"date":"2025-01-02T02:18:51","date_gmt":"2025-01-02T01:18:51","guid":{"rendered":"http:\/\/automotive.system199.de\/shop\/produkt\/led-leuchten-set-universal-mit-externem-schalter-chrom\/"},"modified":"2025-01-02T02:18:52","modified_gmt":"2025-01-02T01:18:52","slug":"led-leuchten-set-universal-mit-externem-schalter-chrom","status":"publish","type":"product","link":"https:\/\/car-2.de\/shop\/produkt\/led-leuchten-set-universal-mit-externem-schalter-chrom\/","title":{"rendered":"LED Leuchten Set universal mit externem Schalter, chrom"},"content":{"rendered":"<p>Das LED Tagfahrlicht und die LED Positionsleuchten aus dem Hause FK und dem FK Onlineshop f\u00fcr Tuning und sportliches Autozubeh\u00f6r sind nicht nur eine Bereicherung f\u00fcr die Optik Ihres Fahrzeugs, sondern auch eine Bereicherung f\u00fcr Ihre Sicherheit und die anderer Verkehrsteilnehmer. Nicht umsonst, sieht man auf den Stra\u00dfen immer mehr Fahrzeuge, bei denen das Tagfahrlicht sowohl mit LEDs als auch mit Halogenbirnen schon ab Werk verbaut wird. Ab dem 7. Februar 2011 ist laut EU-Kommission das Tagfahrlicht Pflichtprogramm bei Neuwagen. Sie fragen sich warum? LED Tagfahrlichter sowie Positionslichter f\u00fchren nachweislich dazu, dass man im Stra\u00dfenverkehr auch Tags\u00fcber deutlich besser erkannt wird, insbesondere bei Fahrten durch Alleen, Blendung bei tief stehender Sonne oder mangelndem Kontrast bei diesigem Wetter. Das Tagfahrlicht hilft so gef\u00e4hrliche Fehleinsch\u00e4tzungen zu vermeiden, womit sich automatisch auch die Unfallgefahr verringert. Zudem haben LEDs die Eigenschaft sehr hell und auff\u00e4llig zu sein, weshalb sich diese besonders gut f\u00fcr den Einsatz in einer Tagfahrleuchte oder aber auch in einem Positionslicht eignen. Auch wenn die LED Tagfahrleuchten Tags\u00fcber w\u00e4hrend der Fahrt durchgehend in Betrieb sind, sind sie so sparsam im Umgang mit Energie, dass Sie sich hierum keinesfalls sorgen m\u00fcssen. Aus diesen Gr\u00fcnden k\u00f6nnen wir Ihnen das Nachr\u00fcsten von Tagfahrlichtern an Ihrem Fahrzeug nur empfehlen. Unsere Tagfahrleuchten und auch Positionslichter werden in bester FK Qualit\u00e4t mit Kabelstrang und \u0096 sofern LED \u0096 Leuchtmittel direkt zu Ihnen ausgeliefert, sodass Sie diese sofort und einfach Montieren k\u00f6nnen. Mit unseren LED Tagfahrlichtern und unseren LED Positionslichtern k\u00f6nnen Sie Ihrem Fahrzeug nat\u00fcrlich auch einen ultimativen Look verleihen. Passend zu diesem bieten wir in unserem FK Onlineshop f\u00fcr Tuning und sportliches Autozubeh\u00f6r auch noch LED R\u00fcckleuchten, LED Blinker und viele weitere Beleuchtungen f\u00fcr eine Vielzahl von Fahrzeugen an.<span style=\"display: inline-block; width: 0px; overflow: hidden; line-height: 0;\" data-mce-type=\"bookmark\" class=\"mce_SELRES_start\">\ufeff<\/span><\/p>\n","protected":false},"excerpt":{"rendered":"<p>Farbe: chrommit E Pr\u00fcfzeichenmanuelle Schaltung \u00fcber externen Schalter (im Lieferumfangenthalten)links + rechts (Set)Universal LED LeuchtenTop Qualit\u00e4t im top DesignFarbe: chrommit E Pr\u00fcfzeichenmanuelle Schaltung \u00fcber externen Schalter (im Lieferumfangenthalten)links + rechts (Set)Universal LED LeuchtenTop Qualit\u00e4t im top Design<\/p>\n","protected":false},"featured_media":56924,"comment_status":"closed","ping_status":"open","template":"","meta":[],"product_brand":[],"product_cat":[665,637],"product_tag":[],"class_list":{"0":"post-33127","1":"product","2":"type-product","3":"status-publish","4":"has-post-thumbnail","6":"product_cat-leuchten","7":"product_cat-sale","8":"pa_kfz-hersteller-universal","9":"pa_kfz-modell-universal","11":"first","12":"instock","13":"purchasable","14":"product-type-simple"},"_links":{"self":[{"href":"https:\/\/car-2.de\/shop\/wp-json\/wp\/v2\/product\/33127","targetHints":{"allow":["GET"]}}],"collection":[{"href":"https:\/\/car-2.de\/shop\/wp-json\/wp\/v2\/product"}],"about":[{"href":"https:\/\/car-2.de\/shop\/wp-json\/wp\/v2\/types\/product"}],"replies":[{"embeddable":true,"href":"https:\/\/car-2.de\/shop\/wp-json\/wp\/v2\/comments?post=33127"}],"wp:featuredmedia":[{"embeddable":true,"href":"https:\/\/car-2.de\/shop\/wp-json\/wp\/v2\/media\/56924"}],"wp:attachment":[{"href":"https:\/\/car-2.de\/shop\/wp-json\/wp\/v2\/media?parent=33127"}],"wp:term":[{"taxonomy":"product_brand","embeddable":true,"href":"https:\/\/car-2.de\/shop\/wp-json\/wp\/v2\/product_brand?post=33127"},{"taxonomy":"product_cat","embeddable":true,"href":"https:\/\/car-2.de\/shop\/wp-json\/wp\/v2\/product_cat?post=33127"},{"taxonomy":"product_tag","embeddable":true,"href":"https:\/\/car-2.de\/shop\/wp-json\/wp\/v2\/product_tag?post=33127"}],"curies":[{"name":"wp","href":"https:\/\/api.w.org\/{rel}","templated":true}]}}