{"id":33123,"date":"2025-01-02T02:18:51","date_gmt":"2025-01-02T01:18:51","guid":{"rendered":"http:\/\/automotive.system199.de\/shop\/produkt\/autofahne-autoflagge-spanien-fahne-mit-halterung-fuer-seitenfenster-30x45cm\/"},"modified":"2025-01-02T02:18:51","modified_gmt":"2025-01-02T01:18:51","slug":"autofahne-autoflagge-spanien-fahne-mit-halterung-fuer-seitenfenster-30x45cm","status":"publish","type":"product","link":"https:\/\/car-2.de\/shop\/produkt\/autofahne-autoflagge-spanien-fahne-mit-halterung-fuer-seitenfenster-30x45cm\/","title":{"rendered":"Autofahne Autoflagge Spanien Fahne mit Halterung f\u00fcr Seitenfenster 30x45cm"},"content":{"rendered":"<p>Die Auto Fahne ist ein Muss f\u00fcr jeden Fan. Egal ob zu den Olympischen Spielen oder zur EM \/ WM im Fu\u00dfball, Handball oder einer anderen Sportart. Im Autokorso darf die Autofahne auf keinen Fall fehlen. Das Montieren der Autoflagge ist durch die Klemmhalterung kinderleicht und in wenigen Sekunden erledigt. Die Halterung der Autofahne ist aus stabilem, bruchsicherem Kunststoff und h\u00e4lt somit auch bei h\u00f6heren Geschwindigkeiten. Die Autofahnen passen an fast jedes Auto (au\u00dfer Cabrios). Holen Sie sich jetzt die Autofahne damit Sie beim n\u00e4chsten Event oder im Urlaub Flagge zeigen k\u00f6nnen.<span style=\"display: inline-block; width: 0px; overflow: hidden; line-height: 0;\" data-mce-type=\"bookmark\" class=\"mce_SELRES_start\">\ufeff<\/span><\/p>\n","protected":false},"excerpt":{"rendered":"<p>Spanien AutofahneMa\u00dfe: 30 x 45 cmmit Halterung f\u00fcr das Seitenfenster am Autoeinfache Montage und sicherer Halt durch stabile Klemmhalterung aus Kunststoffpassender Fanartikel zur Fu\u00dfball EM 2016 in FrankreichSpanien AutofahneMa\u00dfe: 30 x 45 cmmit Halterung f\u00fcr das Seitenfenster am Autoeinfache Montage und sicherer Halt durch stabile Klemmhalterung aus Kunststoffpassender Fanartikel zur Fu\u00dfball EM 2016 in Frankreich<\/p>\n","protected":false},"featured_media":56888,"comment_status":"closed","ping_status":"open","template":"","meta":[],"product_brand":[],"product_cat":[669,637],"product_tag":[],"class_list":{"0":"post-33123","1":"product","2":"type-product","3":"status-publish","4":"has-post-thumbnail","6":"product_cat-fahne","7":"product_cat-sale","8":"pa_kfz-hersteller-universal","9":"pa_kfz-modell-universal","11":"first","12":"instock","13":"purchasable","14":"product-type-simple"},"_links":{"self":[{"href":"https:\/\/car-2.de\/shop\/wp-json\/wp\/v2\/product\/33123","targetHints":{"allow":["GET"]}}],"collection":[{"href":"https:\/\/car-2.de\/shop\/wp-json\/wp\/v2\/product"}],"about":[{"href":"https:\/\/car-2.de\/shop\/wp-json\/wp\/v2\/types\/product"}],"replies":[{"embeddable":true,"href":"https:\/\/car-2.de\/shop\/wp-json\/wp\/v2\/comments?post=33123"}],"wp:featuredmedia":[{"embeddable":true,"href":"https:\/\/car-2.de\/shop\/wp-json\/wp\/v2\/media\/56888"}],"wp:attachment":[{"href":"https:\/\/car-2.de\/shop\/wp-json\/wp\/v2\/media?parent=33123"}],"wp:term":[{"taxonomy":"product_brand","embeddable":true,"href":"https:\/\/car-2.de\/shop\/wp-json\/wp\/v2\/product_brand?post=33123"},{"taxonomy":"product_cat","embeddable":true,"href":"https:\/\/car-2.de\/shop\/wp-json\/wp\/v2\/product_cat?post=33123"},{"taxonomy":"product_tag","embeddable":true,"href":"https:\/\/car-2.de\/shop\/wp-json\/wp\/v2\/product_tag?post=33123"}],"curies":[{"name":"wp","href":"https:\/\/api.w.org\/{rel}","templated":true}]}}