{"id":33114,"date":"2025-01-02T02:18:43","date_gmt":"2025-01-02T01:18:43","guid":{"rendered":"http:\/\/automotive.system199.de\/shop\/produkt\/federspanner-satz-fuer-mcpherson-federbeine-tauschbare-spannplatten\/"},"modified":"2025-01-02T02:18:47","modified_gmt":"2025-01-02T01:18:47","slug":"federspanner-satz-fuer-mcpherson-federbeine-tauschbare-spannplatten","status":"publish","type":"product","link":"https:\/\/car-2.de\/shop\/produkt\/federspanner-satz-fuer-mcpherson-federbeine-tauschbare-spannplatten\/","title":{"rendered":"Federspanner Satz f\u00fcr McPherson Federbeine tauschbare Spannplatten"},"content":{"rendered":"<p>Federspanner Satz f\u00fcr McPherson Federbeine:Egal ob sie nur die Sto\u00dfd\u00e4mpfer oder Domlager ersetzen oder ihr Fahrzeug mit einem Sportfahrwerk oder Gewindefahrwerk tieferlegen wollen, mit diesem Profi Federspanner Satz ist das Ein- und Ausbauen der Fahrwerksfedern sicher und einfach. Dieser Federspanner ist speziell f\u00fcr McPherson Federbeine geeignet. Durch die 3 austauschbaren Federhalter Paare und das im Lieferumfang enthaltene Distanzst\u00fcck k\u00f6nnen sie diesen Federspanner f\u00fcr fast jedes Fahrzeug verwenden, egal welche Gr\u00f6\u00dfe die Federn haben. Der Federspanner ist auch f\u00fcr die Verwendung mit einem Schlagschrauber geeignet, was die Arbeit zus\u00e4tzlich noch vereinfacht.Technische Daten:universal Federspanner SatzSpannweg ca. 300mmmax. Spannkraft 850kgSchlagschraubergeeignetmit 30mm Distanzst\u00fcckMa\u00dfe der Federhalter: 1. Auflagefl\u00e4che von 65 &#8211; 125 mm (Anwendungsbereich 80 &#8211; 115 mm)  2. Auflagefl\u00e4che von 88 &#8211; 160 mm (Anwendungsbereich 110 &#8211; 150 mm)  3. Auflagefl\u00e4che von 126 &#8211; 212 mm (Anwendungsbereich 140 &#8211; 195 mm) hohe Belastbarkeit Lieferumfang:3 Paar Federhalter in unterschiedlichen Gr\u00f6\u00dfen1 30mm Distanzst\u00fcck1 praktischer Kunststoffkoffer\u00a0Bei Interesse an weiteren Werkzeugen sind Sie in unserem OnlineShop genau richtig, wir k\u00f6nnen Ihnen dort ein gro\u00dfes Angebot in diesemBereich bieten\u00a0<span style=\"display: inline-block; width: 0px; overflow: hidden; line-height: 0;\" data-mce-type=\"bookmark\" class=\"mce_SELRES_start\">\ufeff<\/span><\/p>\n","protected":false},"excerpt":{"rendered":"<p>Spannweg ca. 300mm; max. Spannkraft 850kgmit 3 Paar Federhalter in unterschiedlichen Gr\u00f6\u00dfeninkl. Koffermit 30mm Distanzst\u00fcckverwendbar bei fast allen PKWs mit McPherson FederbeinenSpannweg ca. 300mm; max. Spannkraft 850kgmit 3 Paar Federhalter in unterschiedlichen Gr\u00f6\u00dfeninkl. Koffermit 30mm Distanzst\u00fcckverwendbar bei fast allen PKWs mit McPherson Federbeinen<\/p>\n","protected":false},"featured_media":56860,"comment_status":"closed","ping_status":"open","template":"","meta":[],"product_brand":[],"product_cat":[659],"product_tag":[],"class_list":{"0":"post-33114","1":"product","2":"type-product","3":"status-publish","4":"has-post-thumbnail","6":"product_cat-normale-versandkosten","7":"pa_kfz-hersteller-universal","8":"pa_kfz-modell-universal","10":"first","11":"instock","12":"purchasable","13":"product-type-simple"},"_links":{"self":[{"href":"https:\/\/car-2.de\/shop\/wp-json\/wp\/v2\/product\/33114","targetHints":{"allow":["GET"]}}],"collection":[{"href":"https:\/\/car-2.de\/shop\/wp-json\/wp\/v2\/product"}],"about":[{"href":"https:\/\/car-2.de\/shop\/wp-json\/wp\/v2\/types\/product"}],"replies":[{"embeddable":true,"href":"https:\/\/car-2.de\/shop\/wp-json\/wp\/v2\/comments?post=33114"}],"wp:featuredmedia":[{"embeddable":true,"href":"https:\/\/car-2.de\/shop\/wp-json\/wp\/v2\/media\/56860"}],"wp:attachment":[{"href":"https:\/\/car-2.de\/shop\/wp-json\/wp\/v2\/media?parent=33114"}],"wp:term":[{"taxonomy":"product_brand","embeddable":true,"href":"https:\/\/car-2.de\/shop\/wp-json\/wp\/v2\/product_brand?post=33114"},{"taxonomy":"product_cat","embeddable":true,"href":"https:\/\/car-2.de\/shop\/wp-json\/wp\/v2\/product_cat?post=33114"},{"taxonomy":"product_tag","embeddable":true,"href":"https:\/\/car-2.de\/shop\/wp-json\/wp\/v2\/product_tag?post=33114"}],"curies":[{"name":"wp","href":"https:\/\/api.w.org\/{rel}","templated":true}]}}