{"id":33113,"date":"2025-01-02T02:18:43","date_gmt":"2025-01-02T01:18:43","guid":{"rendered":"http:\/\/automotive.system199.de\/shop\/produkt\/auto-folie-rallye-streifen-gold-selbstklebend-1-rolle-10-3cm-x-350cm\/"},"modified":"2025-01-02T02:18:46","modified_gmt":"2025-01-02T01:18:46","slug":"auto-folie-rallye-streifen-gold-selbstklebend-1-rolle-10-3cm-x-350cm","status":"publish","type":"product","link":"https:\/\/car-2.de\/shop\/produkt\/auto-folie-rallye-streifen-gold-selbstklebend-1-rolle-10-3cm-x-350cm\/","title":{"rendered":"Auto Folie Rallye Streifen gold selbstklebend 1 Rolle = 10\/3cm x 350cm"},"content":{"rendered":"<p><span style=\"display: inline-block; width: 0px; overflow: hidden; line-height: 0;\" data-mce-type=\"bookmark\" class=\"mce_SELRES_start\">\ufeff<\/span><\/p>\n","protected":false},"excerpt":{"rendered":"<p>selbstklebende FolieFarbe: goldGr\u00f6\u00dfe: 10\/3cm x 350cmUV best\u00e4ndig und wetterbest\u00e4ndigschadet Ihrem Lack nichtr\u00fcckstandsfreie Entfernung m\u00f6glicheinfache HandhabungRacing Look ohne Lackierenselbstklebende FolieFarbe: goldGr\u00f6\u00dfe: 10\/3cm x 350cmUV best\u00e4ndig und wetterbest\u00e4ndigschadet Ihrem Lack nichtr\u00fcckstandsfreie Entfernung m\u00f6glicheinfache HandhabungRacing Look ohne Lackieren<\/p>\n","protected":false},"featured_media":56855,"comment_status":"closed","ping_status":"open","template":"","meta":[],"product_brand":[],"product_cat":[651,637],"product_tag":[],"class_list":{"0":"post-33113","1":"product","2":"type-product","3":"status-publish","4":"has-post-thumbnail","6":"product_cat-auto-folie-aufkleber","7":"product_cat-sale","9":"first","10":"instock","11":"purchasable","12":"product-type-simple"},"_links":{"self":[{"href":"https:\/\/car-2.de\/shop\/wp-json\/wp\/v2\/product\/33113","targetHints":{"allow":["GET"]}}],"collection":[{"href":"https:\/\/car-2.de\/shop\/wp-json\/wp\/v2\/product"}],"about":[{"href":"https:\/\/car-2.de\/shop\/wp-json\/wp\/v2\/types\/product"}],"replies":[{"embeddable":true,"href":"https:\/\/car-2.de\/shop\/wp-json\/wp\/v2\/comments?post=33113"}],"wp:featuredmedia":[{"embeddable":true,"href":"https:\/\/car-2.de\/shop\/wp-json\/wp\/v2\/media\/56855"}],"wp:attachment":[{"href":"https:\/\/car-2.de\/shop\/wp-json\/wp\/v2\/media?parent=33113"}],"wp:term":[{"taxonomy":"product_brand","embeddable":true,"href":"https:\/\/car-2.de\/shop\/wp-json\/wp\/v2\/product_brand?post=33113"},{"taxonomy":"product_cat","embeddable":true,"href":"https:\/\/car-2.de\/shop\/wp-json\/wp\/v2\/product_cat?post=33113"},{"taxonomy":"product_tag","embeddable":true,"href":"https:\/\/car-2.de\/shop\/wp-json\/wp\/v2\/product_tag?post=33113"}],"curies":[{"name":"wp","href":"https:\/\/api.w.org\/{rel}","templated":true}]}}