{"id":33105,"date":"2025-01-02T02:18:43","date_gmt":"2025-01-02T01:18:43","guid":{"rendered":"http:\/\/automotive.system199.de\/shop\/produkt\/hitzeblech-aufkleber-ca-200-x-120-mm-universal\/"},"modified":"2025-01-02T02:18:45","modified_gmt":"2025-01-02T01:18:45","slug":"hitzeblech-aufkleber-ca-200-x-120-mm-universal","status":"publish","type":"product","link":"https:\/\/car-2.de\/shop\/produkt\/hitzeblech-aufkleber-ca-200-x-120-mm-universal\/","title":{"rendered":"Hitzeblech Aufkleber ca. 200 x 120 mm universal"},"content":{"rendered":"<p>Artikelbeschreibung:Um seinen Wagen optisch aufzuwerten muss man nicht immer viel Geld in die Hand nehmen oder sich auf eine gr\u00f6\u00dfere Materialschlacht einstellen. Denn die kleinen, feinen Details machen den Unterschied. Sie sorgen f\u00fcr einen einzigartigen, unverwechselbaren Look, mit dem Ihr Auto aus der Menge hervorsticht. Mit einem Hitzeblech Aufkleber von FK k\u00f6nnen Sie dem Heck Ihres Wagens schnell und wirkungsvoll eine sportliche Optik verpassen, ohne tief in die Tasche greifen zu m\u00fcssen. Die selbstklebende Folie des FK Hitzeschutzblech-Kleber l\u00e4sst sich einfach abziehen und und passgenau am Fahrzeug anbringen. Durch die hohe Detailtreue ist der Lufteinlass-Aufkleber aus der Entfernung nicht von einem echten Lufteinlass zu unterscheiden. Die Verwendung hochwertiger Materialien f\u00fchrt zu einer langen Lebensdauer und durch die edle, in chrom und anthrazit gehaltene Farbgebung, ist er ein absoluter Blickfang an jedem sportlich getunten Auto!So setzen Sie ein optisches Highlight an Ihrem Fahrzeug, bei dem Design, Qualit\u00e4t und Preis-Leistungsverh\u00e4ltnis gleichauf sind.&nbsp;Details:- verleiht Ihrem Wagen eine sportlich getunte Optik- kratzfeste, selbstklebende Folie- schnell und einfach montierbar: abziehen, aufkleben, fertig!- FK Hitzeschutzblech-Aufkleber sind eintragungsfrei, also f\u00fcr den Stra\u00dfenverkehr zugelassen- hervorragendes Preis-Leistungs-Verh\u00e4ltnis- lange Lebensdauer durch die Verwendung hochwertiger Materialien- erstklassige Verarbeitung- ausgezeichnete Qualit\u00e4t- Neu und OVP- Sofort lieferbarLieferumfang:1 x FK Hitzeschutz AufkleberHinweise:Die Darstellung von Farben variiert je nach genutzterComputerhardware und der Kalibrierung Ihres Monitores. Farbabweichungenzwischen Produktabbildung und realem Artikel sind physikalisch bedingtund nicht vermeidbar.Wir weisen darauf hin, dass wir f\u00fcr erh\u00f6hten Zeitbedarf bei der Montage keine Haftung \u00fcbernehmen.Wissenswertes:Einbauanleitung: S\u00e4ubern Sie die Fl\u00e4che, auf der Sie den Hitzeschutz-Aufkleber anbringen wollen. Die selbstklebende Folie ist kratzfest und dauerhaft haltbar. Achten sie beim Aufkleben darauf, die Folie richtig zu straffen und so Falten zu vermeiden. Eingeschlossene Luft k\u00f6nnen\/sollten sie w\u00e4hrend des Aufklebens herausdr\u00fccken, um Ausbeulungen zu vermeiden. Ziehen Sie die selbstklebende Folie ab und kleben Sie den Lufteinlass-Kleber an die gew\u00fcnschte Position. Wir w\u00fcnschen gute Fahrt!Wir freuen uns auf Ihren Besuch in unserem Online-Shop. Dort finden Sie ein breites Sortiment an Artikeln aus dem Bereich Rennsport- und Leistungstuning, wie zum Beispiel Alarmanlagen,Feuerl\u00f6scher,Werkzeug, Batterie und Zubeh\u00f6r,Fahrzeugpflege Ventilkappen und FunkfernbedienungSchauen Sie einfach mal vorbei und \u00fcberzeugen Sie sich selbst!<span style=\"display: inline-block; width: 0px; overflow: hidden; line-height: 0;\" data-mce-type=\"bookmark\" class=\"mce_SELRES_start\">\ufeff<\/span><\/p>\n","protected":false},"excerpt":{"rendered":"<p>Aufkleber in Hitzeblech OptikMa\u00dfe ca. 200 x 120 mmG\u00fcnstiges optisches TuningEinfach und schnell montiertAufkleber in Hitzeblech OptikMa\u00dfe ca. 200 x 120 mmG\u00fcnstiges optisches TuningEinfach und schnell montiert<\/p>\n","protected":false},"featured_media":56820,"comment_status":"closed","ping_status":"open","template":"","meta":[],"product_brand":[],"product_cat":[659],"product_tag":[],"class_list":{"0":"post-33105","1":"product","2":"type-product","3":"status-publish","4":"has-post-thumbnail","6":"product_cat-normale-versandkosten","7":"pa_kfz-hersteller-universal","8":"pa_kfz-modell-universal","10":"first","11":"instock","12":"purchasable","13":"product-type-simple"},"_links":{"self":[{"href":"https:\/\/car-2.de\/shop\/wp-json\/wp\/v2\/product\/33105","targetHints":{"allow":["GET"]}}],"collection":[{"href":"https:\/\/car-2.de\/shop\/wp-json\/wp\/v2\/product"}],"about":[{"href":"https:\/\/car-2.de\/shop\/wp-json\/wp\/v2\/types\/product"}],"replies":[{"embeddable":true,"href":"https:\/\/car-2.de\/shop\/wp-json\/wp\/v2\/comments?post=33105"}],"wp:featuredmedia":[{"embeddable":true,"href":"https:\/\/car-2.de\/shop\/wp-json\/wp\/v2\/media\/56820"}],"wp:attachment":[{"href":"https:\/\/car-2.de\/shop\/wp-json\/wp\/v2\/media?parent=33105"}],"wp:term":[{"taxonomy":"product_brand","embeddable":true,"href":"https:\/\/car-2.de\/shop\/wp-json\/wp\/v2\/product_brand?post=33105"},{"taxonomy":"product_cat","embeddable":true,"href":"https:\/\/car-2.de\/shop\/wp-json\/wp\/v2\/product_cat?post=33105"},{"taxonomy":"product_tag","embeddable":true,"href":"https:\/\/car-2.de\/shop\/wp-json\/wp\/v2\/product_tag?post=33105"}],"curies":[{"name":"wp","href":"https:\/\/api.w.org\/{rel}","templated":true}]}}