{"id":33061,"date":"2025-01-02T02:18:35","date_gmt":"2025-01-02T01:18:35","guid":{"rendered":"http:\/\/automotive.system199.de\/shop\/produkt\/seitenblinker-blinker-set-led-bmw-3er-e46-98-02-klar\/"},"modified":"2025-01-02T02:18:40","modified_gmt":"2025-01-02T01:18:40","slug":"seitenblinker-blinker-set-led-bmw-3er-e46-98-02-klar","status":"publish","type":"product","link":"https:\/\/car-2.de\/shop\/produkt\/seitenblinker-blinker-set-led-bmw-3er-e46-98-02-klar\/","title":{"rendered":"Seitenblinker Blinker Set LED BMW 3er E46  98-02 klar"},"content":{"rendered":"<p>LED Seitenblinker,die optische Aufwertung innerhalb weniger Minuten. Binnen Minutenhaben Sie Ihr Fahrzeug mit den hochwertigen und eleganten LEDSeitenblinker ausgestattet bzw. nachger\u00fcstet. Die Hochleistungs-LEDs haben eine bessere Leuchtwirkung als Gl\u00fchlampen und sehen beiweiten optisch besser aus. Nebenbei haben Sie auch die M\u00f6glichkeitdie Blinker zwischen schwarzer und Chromausf\u00fchrung zu w\u00e4hlen. Alslangerfahrene Tuningprofis geh\u00f6ren die Seitenblinker zu den erstenUmbauma\u00dfnahmen die man machen sollte. Werten Sie Ihr Fahrzeug mitden hochwertigen Blinkern optisch auf. Auch aus Sicherheitsgr\u00fcndensind LED Seitenblinker zu empfehlen da diese nicht nur auff\u00e4lligersind, sondern durch die LEDs und der verwendeten neuerenChrystal-Reflektortechnik auff\u00e4lliger sind und somit von anderenVerkehrsteilnehmer schneller wahrgenommen werden!KEINE KOSTENEINTRAGUNGSFREI: Dieses LED Seitenblinkerset ist wenn nichtanderes angegeben mit e-Zeichen ausgestattet und sind somiteintragungsfrei. Es fallen keine Kosten f\u00fcr eine kostenpflichtigeEintragung in die Fahrzeugpapiere an.GERINGE EINBAUKOSTEN:Die LED Seitenblinker k\u00f6nnen problemlos von jeder Fachwerkstatt alsauch Hobbymonteur binnen ca. 20 Minuten eingebaut werden.Einbauanleitung:Die LED Seitenblinker m\u00fcssen an die Originalen Kabel befestigtwerden. Nicht immer liegt eine englische Einbauanleitung f\u00fcr dieSeitenblinker bei.Die Qualit\u00e4t: DieLED Seitenblinker sind in erstausr\u00fcsterqualit\u00e4t hergestellt undwerden von namhaften Produzenten f\u00fcr das Zubeh\u00f6rgesch\u00e4ftproduziert.Der Preis: ImRegelfall sind diese LED Seitenblinker g\u00fcnstiger als die OriginalenSeitenblinker. Hier lohnt sich ein Preischeck, selbst wenn nur imFalle einen Unfalls nur ein Blinker defekt sein sollte. Die LEDSeitenblinker sind eine g\u00fcnstige Umr\u00fcstm\u00f6glichkeit im Falle einesUnfalls oder im Falle einer Nachr\u00fcstung wenn die originalenSeitenblinker undicht sein sollte!Die LEDSeitenblinkertechnik: Die LED Seitenblinker sind nicht nurtechnisch sondern auch optisch ausgereift und sind im \u00fcbrigen schon100.000 fach erfolgreich weltweit eingebaut. Sie m\u00f6chten IhremFahrzeug eine sportliche Note geben? Dann sollten Sie gleich diesestolle LED Seitenblinker gleich bestellen.WeitereAusf\u00fchrungsdetails: LED Seitenblinker f\u00fcrdie Originalbefestigung an Ihrem Fahrzeug und neuerer Technik verbesserte Lichtwertegegen\u00fcber Gl\u00fchlampenr\u00fcckleuchten durch neuerer LED Technikwenn nicht andersangegeben auch f\u00fcr Bordcomputer technisch passend, das bedeutet Siebekommen keine Fehlermeldung angezeigtkeine Eintragung undEintragungskosten in die Papiere n\u00f6tig, da mit &quot;E&quot;Pr\u00fcfzeichen versehen Einfache Montage da dieOriginal Seitenblinker Befestigungspunkte des Fahrzeugs verwendetwerden.Lange Lebensdauer durchdie Verwendung von hochwertigen Material und ChormbeschichtungenLieferumfang:1 LED Seitenblinkersetbestehenden aus einem rechten und linken LED Seitenblinker.<span style=\"display: inline-block; width: 0px; overflow: hidden; line-height: 0;\" data-mce-type=\"bookmark\" class=\"mce_SELRES_start\">\ufeff<\/span><\/p>\n","protected":false},"excerpt":{"rendered":"<p>f\u00fcr BMW 3er E46f\u00fcr Baujahr: 1998 bis 2002Farbe: klarmit E Pr\u00fcfzeichen (eintragungsfrei)links + rechts (Set)einfache Montagebeste Verarbeitungf\u00fcr BMW 3er E46f\u00fcr Baujahr: 1998 bis 2002Farbe: klarmit E Pr\u00fcfzeichen (eintragungsfrei)links + rechts (Set)einfache Montagebeste Verarbeitung<\/p>\n","protected":false},"featured_media":56774,"comment_status":"closed","ping_status":"open","template":"","meta":[],"product_brand":[],"product_cat":[633,639],"product_tag":[],"class_list":{"0":"post-33061","1":"product","2":"type-product","3":"status-publish","4":"has-post-thumbnail","6":"product_cat-beleuchtung-tuning","7":"product_cat-blinker","8":"pa_kfz-hersteller-bmw","9":"pa_kfz-modell-3er-e46","11":"first","12":"instock","13":"purchasable","14":"product-type-simple"},"_links":{"self":[{"href":"https:\/\/car-2.de\/shop\/wp-json\/wp\/v2\/product\/33061","targetHints":{"allow":["GET"]}}],"collection":[{"href":"https:\/\/car-2.de\/shop\/wp-json\/wp\/v2\/product"}],"about":[{"href":"https:\/\/car-2.de\/shop\/wp-json\/wp\/v2\/types\/product"}],"replies":[{"embeddable":true,"href":"https:\/\/car-2.de\/shop\/wp-json\/wp\/v2\/comments?post=33061"}],"wp:featuredmedia":[{"embeddable":true,"href":"https:\/\/car-2.de\/shop\/wp-json\/wp\/v2\/media\/56774"}],"wp:attachment":[{"href":"https:\/\/car-2.de\/shop\/wp-json\/wp\/v2\/media?parent=33061"}],"wp:term":[{"taxonomy":"product_brand","embeddable":true,"href":"https:\/\/car-2.de\/shop\/wp-json\/wp\/v2\/product_brand?post=33061"},{"taxonomy":"product_cat","embeddable":true,"href":"https:\/\/car-2.de\/shop\/wp-json\/wp\/v2\/product_cat?post=33061"},{"taxonomy":"product_tag","embeddable":true,"href":"https:\/\/car-2.de\/shop\/wp-json\/wp\/v2\/product_tag?post=33061"}],"curies":[{"name":"wp","href":"https:\/\/api.w.org\/{rel}","templated":true}]}}