{"id":33043,"date":"2025-01-02T02:18:28","date_gmt":"2025-01-02T01:18:28","guid":{"rendered":"http:\/\/automotive.system199.de\/shop\/produkt\/fk-lenkradhalterung-rennsimulator-egaming-lenkradgestell-schwarz-ohne-sitz\/"},"modified":"2025-01-02T02:18:32","modified_gmt":"2025-01-02T01:18:32","slug":"fk-lenkradhalterung-rennsimulator-egaming-lenkradgestell-schwarz-ohne-sitz","status":"publish","type":"product","link":"https:\/\/car-2.de\/shop\/produkt\/fk-lenkradhalterung-rennsimulator-egaming-lenkradgestell-schwarz-ohne-sitz\/","title":{"rendered":"FK Lenkradhalterung Rennsimulator eGaming Lenkradgestell schwarz ohne Sitz"},"content":{"rendered":"<p><span style=\"display: inline-block; width: 0px; overflow: hidden; line-height: 0;\" data-mce-type=\"bookmark\" class=\"mce_SELRES_start\">\ufeff<\/span><\/p>\n","protected":false},"excerpt":{"rendered":"<p>FK Lenkradhalterung Rennsimulator eGaming Lenkradgestell ohne SitzRennsimulator f\u00fcr PC oder SpielekonsoleHalterung f\u00fcr Lenkr\u00e4der zur Verwendung mit dem eigenen Sofa oder Sesselverstellbarer Stahlrahmen in schwarzFK Lenkradhalterung Rennsimulator eGaming Lenkradgestell ohne SitzRennsimulator f\u00fcr PC oder SpielekonsoleHalterung f\u00fcr Lenkr\u00e4der zur Verwendung mit dem eigenen Sofa oder Sesselverstellbarer Stahlrahmen in schwarz<\/p>\n","protected":false},"featured_media":56601,"comment_status":"closed","ping_status":"open","template":"","meta":[],"product_brand":[],"product_cat":[674,655],"product_tag":[],"class_list":{"0":"post-33043","1":"product","2":"type-product","3":"status-publish","4":"has-post-thumbnail","6":"product_cat-game-sitz","7":"product_cat-sportsitze-gurte","8":"pa_kfz-hersteller-universal","9":"pa_kfz-modell-universal","11":"first","12":"instock","13":"purchasable","14":"product-type-simple"},"_links":{"self":[{"href":"https:\/\/car-2.de\/shop\/wp-json\/wp\/v2\/product\/33043","targetHints":{"allow":["GET"]}}],"collection":[{"href":"https:\/\/car-2.de\/shop\/wp-json\/wp\/v2\/product"}],"about":[{"href":"https:\/\/car-2.de\/shop\/wp-json\/wp\/v2\/types\/product"}],"replies":[{"embeddable":true,"href":"https:\/\/car-2.de\/shop\/wp-json\/wp\/v2\/comments?post=33043"}],"wp:featuredmedia":[{"embeddable":true,"href":"https:\/\/car-2.de\/shop\/wp-json\/wp\/v2\/media\/56601"}],"wp:attachment":[{"href":"https:\/\/car-2.de\/shop\/wp-json\/wp\/v2\/media?parent=33043"}],"wp:term":[{"taxonomy":"product_brand","embeddable":true,"href":"https:\/\/car-2.de\/shop\/wp-json\/wp\/v2\/product_brand?post=33043"},{"taxonomy":"product_cat","embeddable":true,"href":"https:\/\/car-2.de\/shop\/wp-json\/wp\/v2\/product_cat?post=33043"},{"taxonomy":"product_tag","embeddable":true,"href":"https:\/\/car-2.de\/shop\/wp-json\/wp\/v2\/product_tag?post=33043"}],"curies":[{"name":"wp","href":"https:\/\/api.w.org\/{rel}","templated":true}]}}