{"id":33035,"date":"2025-01-02T02:18:28","date_gmt":"2025-01-02T01:18:28","guid":{"rendered":"http:\/\/automotive.system199.de\/shop\/produkt\/fk-gamingstuhl-egame-seats-esports-spielsitz-london-schwarz-gruen\/"},"modified":"2025-01-02T02:18:31","modified_gmt":"2025-01-02T01:18:31","slug":"fk-gamingstuhl-egame-seats-esports-spielsitz-london-schwarz-gruen","status":"publish","type":"product","link":"https:\/\/car-2.de\/shop\/produkt\/fk-gamingstuhl-egame-seats-esports-spielsitz-london-schwarz-gruen\/","title":{"rendered":"FK Gamingstuhl eGame Seats eSports Spielsitz London schwarz\/gr\u00fcn"},"content":{"rendered":"<p><span style=\"display: inline-block; width: 0px; overflow: hidden; line-height: 0;\" data-mce-type=\"bookmark\" class=\"mce_SELRES_start\">\ufeff<\/span><\/p>\n","protected":false},"excerpt":{"rendered":"<p>FK Gamingstuhl eGame Seats eSports SpielsitzFarbe: schwarz\/gr\u00fcnR\u00fcckenlehne + H\u00f6he verstellbarstabiles Fu\u00dfkreuz, maximal belastbar bis 100 kgBezug: hochwertiges Kunstlederideal f\u00fcr Gamer, bequemes Sitzen auch bei l\u00e4ngerem Computer spielenFK Gamingstuhl eGame Seats eSports SpielsitzFarbe: schwarz\/gr\u00fcnR\u00fcckenlehne + H\u00f6he verstellbarstabiles Fu\u00dfkreuz, maximal belastbar bis 100 kgBezug: hochwertiges Kunstlederideal f\u00fcr Gamer, bequemes Sitzen auch bei l\u00e4ngerem Computer spielen<\/p>\n","protected":false},"featured_media":56587,"comment_status":"closed","ping_status":"open","template":"","meta":[],"product_brand":[],"product_cat":[657,655],"product_tag":[],"class_list":{"0":"post-33035","1":"product","2":"type-product","3":"status-publish","4":"has-post-thumbnail","6":"product_cat-buerostuhl","7":"product_cat-sportsitze-gurte","8":"pa_kfz-hersteller-universal","9":"pa_kfz-modell-universal","11":"first","12":"instock","13":"purchasable","14":"product-type-simple"},"_links":{"self":[{"href":"https:\/\/car-2.de\/shop\/wp-json\/wp\/v2\/product\/33035","targetHints":{"allow":["GET"]}}],"collection":[{"href":"https:\/\/car-2.de\/shop\/wp-json\/wp\/v2\/product"}],"about":[{"href":"https:\/\/car-2.de\/shop\/wp-json\/wp\/v2\/types\/product"}],"replies":[{"embeddable":true,"href":"https:\/\/car-2.de\/shop\/wp-json\/wp\/v2\/comments?post=33035"}],"wp:featuredmedia":[{"embeddable":true,"href":"https:\/\/car-2.de\/shop\/wp-json\/wp\/v2\/media\/56587"}],"wp:attachment":[{"href":"https:\/\/car-2.de\/shop\/wp-json\/wp\/v2\/media?parent=33035"}],"wp:term":[{"taxonomy":"product_brand","embeddable":true,"href":"https:\/\/car-2.de\/shop\/wp-json\/wp\/v2\/product_brand?post=33035"},{"taxonomy":"product_cat","embeddable":true,"href":"https:\/\/car-2.de\/shop\/wp-json\/wp\/v2\/product_cat?post=33035"},{"taxonomy":"product_tag","embeddable":true,"href":"https:\/\/car-2.de\/shop\/wp-json\/wp\/v2\/product_tag?post=33035"}],"curies":[{"name":"wp","href":"https:\/\/api.w.org\/{rel}","templated":true}]}}