{"id":32970,"date":"2025-01-02T02:18:11","date_gmt":"2025-01-02T01:18:11","guid":{"rendered":"http:\/\/automotive.system199.de\/shop\/produkt\/fk-sportsitz-buerodrehstuhl-detroit-schwarz-gruen-chefsessel-drehstuhl-buerostuhl\/"},"modified":"2025-01-02T02:18:14","modified_gmt":"2025-01-02T01:18:14","slug":"fk-sportsitz-buerodrehstuhl-detroit-schwarz-gruen-chefsessel-drehstuhl-buerostuhl","status":"publish","type":"product","link":"https:\/\/car-2.de\/shop\/produkt\/fk-sportsitz-buerodrehstuhl-detroit-schwarz-gruen-chefsessel-drehstuhl-buerostuhl\/","title":{"rendered":"FK Sportsitz B\u00fcrodrehstuhl Detroit schwarz\/gr\u00fcn Chefsessel Drehstuhl B\u00fcrostuhl"},"content":{"rendered":"<p><span style=\"display: inline-block; width: 0px; overflow: hidden; line-height: 0;\" data-mce-type=\"bookmark\" class=\"mce_SELRES_start\">\ufeff<\/span><\/p>\n","protected":false},"excerpt":{"rendered":"<p>Farbe: schwarz\/gr\u00fcnmit Armlehnen, R\u00fcckenlehne + H\u00f6he verstellbarMa\u00dfe: ca. 131  x 27 x 57 cmstabiles Fu\u00dfkreuz aus Metall, maximal belastbar bis 100 kgBezug: hochwertiges Kunstlederauch in schwarz\/rot + schwarz u.v.m.Farbe: schwarz\/gr\u00fcnmit Armlehnen, R\u00fcckenlehne + H\u00f6he verstellbarMa\u00dfe: ca. 131  x 27 x 57 cmstabiles Fu\u00dfkreuz aus Metall, maximal belastbar bis 100 kgBezug: hochwertiges Kunstlederauch in schwarz\/rot + schwarz u.v.m.<\/p>\n","protected":false},"featured_media":56257,"comment_status":"closed","ping_status":"open","template":"","meta":[],"product_brand":[],"product_cat":[657,655],"product_tag":[],"class_list":{"0":"post-32970","1":"product","2":"type-product","3":"status-publish","4":"has-post-thumbnail","6":"product_cat-buerostuhl","7":"product_cat-sportsitze-gurte","8":"pa_kfz-hersteller-universal","9":"pa_kfz-modell-universal","11":"first","12":"instock","13":"purchasable","14":"product-type-simple"},"_links":{"self":[{"href":"https:\/\/car-2.de\/shop\/wp-json\/wp\/v2\/product\/32970","targetHints":{"allow":["GET"]}}],"collection":[{"href":"https:\/\/car-2.de\/shop\/wp-json\/wp\/v2\/product"}],"about":[{"href":"https:\/\/car-2.de\/shop\/wp-json\/wp\/v2\/types\/product"}],"replies":[{"embeddable":true,"href":"https:\/\/car-2.de\/shop\/wp-json\/wp\/v2\/comments?post=32970"}],"wp:featuredmedia":[{"embeddable":true,"href":"https:\/\/car-2.de\/shop\/wp-json\/wp\/v2\/media\/56257"}],"wp:attachment":[{"href":"https:\/\/car-2.de\/shop\/wp-json\/wp\/v2\/media?parent=32970"}],"wp:term":[{"taxonomy":"product_brand","embeddable":true,"href":"https:\/\/car-2.de\/shop\/wp-json\/wp\/v2\/product_brand?post=32970"},{"taxonomy":"product_cat","embeddable":true,"href":"https:\/\/car-2.de\/shop\/wp-json\/wp\/v2\/product_cat?post=32970"},{"taxonomy":"product_tag","embeddable":true,"href":"https:\/\/car-2.de\/shop\/wp-json\/wp\/v2\/product_tag?post=32970"}],"curies":[{"name":"wp","href":"https:\/\/api.w.org\/{rel}","templated":true}]}}