{"id":32908,"date":"2025-01-02T02:17:48","date_gmt":"2025-01-02T01:17:48","guid":{"rendered":"http:\/\/automotive.system199.de\/shop\/produkt\/verschleissteile-rueckleuchte-links-opel-astra-j-2009-2012-schwarz\/"},"modified":"2025-01-02T02:17:50","modified_gmt":"2025-01-02T01:17:50","slug":"verschleissteile-rueckleuchte-links-opel-astra-j-2009-2012-schwarz","status":"publish","type":"product","link":"https:\/\/car-2.de\/shop\/produkt\/verschleissteile-rueckleuchte-links-opel-astra-j-2009-2012-schwarz\/","title":{"rendered":"Verschlei\u00dfteile R\u00fcckleuchte links Opel Astra J  2009-2012 schwarz"},"content":{"rendered":"<p>Zubeh\u00f6r R\u00fcckleuchte Opel Astra J<span style=\"display: inline-block; width: 0px; overflow: hidden; line-height: 0;\" data-mce-type=\"bookmark\" class=\"mce_SELRES_start\">\ufeff<\/span><\/p>\n","protected":false},"excerpt":{"rendered":"<p>f\u00fcr Opel Astra Jf\u00fcr Baujahr: 2009 bis 2012Farbe: schwarzmit E Pr\u00fcfzeichen (eintragungsfrei)links \/ FahrerseiteZubeh\u00f6r R\u00fcckleuchteLeuchtmittel: H21W\/W5Wf\u00fcr Opel Astra Jf\u00fcr Baujahr: 2009 bis 2012Farbe: schwarzmit E Pr\u00fcfzeichen (eintragungsfrei)links \/ FahrerseiteZubeh\u00f6r R\u00fcckleuchteLeuchtmittel: H21W\/W5W<\/p>\n","protected":false},"featured_media":55838,"comment_status":"closed","ping_status":"open","template":"","meta":[],"product_brand":[],"product_cat":[633,640],"product_tag":[],"class_list":{"0":"post-32908","1":"product","2":"type-product","3":"status-publish","4":"has-post-thumbnail","6":"product_cat-beleuchtung-tuning","7":"product_cat-rueckleuchten","8":"pa_kfz-hersteller-opel","9":"pa_kfz-modell-astra-j","11":"first","12":"instock","13":"purchasable","14":"product-type-simple"},"_links":{"self":[{"href":"https:\/\/car-2.de\/shop\/wp-json\/wp\/v2\/product\/32908","targetHints":{"allow":["GET"]}}],"collection":[{"href":"https:\/\/car-2.de\/shop\/wp-json\/wp\/v2\/product"}],"about":[{"href":"https:\/\/car-2.de\/shop\/wp-json\/wp\/v2\/types\/product"}],"replies":[{"embeddable":true,"href":"https:\/\/car-2.de\/shop\/wp-json\/wp\/v2\/comments?post=32908"}],"wp:featuredmedia":[{"embeddable":true,"href":"https:\/\/car-2.de\/shop\/wp-json\/wp\/v2\/media\/55838"}],"wp:attachment":[{"href":"https:\/\/car-2.de\/shop\/wp-json\/wp\/v2\/media?parent=32908"}],"wp:term":[{"taxonomy":"product_brand","embeddable":true,"href":"https:\/\/car-2.de\/shop\/wp-json\/wp\/v2\/product_brand?post=32908"},{"taxonomy":"product_cat","embeddable":true,"href":"https:\/\/car-2.de\/shop\/wp-json\/wp\/v2\/product_cat?post=32908"},{"taxonomy":"product_tag","embeddable":true,"href":"https:\/\/car-2.de\/shop\/wp-json\/wp\/v2\/product_tag?post=32908"}],"curies":[{"name":"wp","href":"https:\/\/api.w.org\/{rel}","templated":true}]}}