{"id":32900,"date":"2025-01-02T02:17:48","date_gmt":"2025-01-02T01:17:48","guid":{"rendered":"http:\/\/automotive.system199.de\/shop\/produkt\/verschleissteile-rueckleuchte-rechts-vw-lt-96-06\/"},"modified":"2025-01-02T02:17:48","modified_gmt":"2025-01-02T01:17:48","slug":"verschleissteile-rueckleuchte-rechts-vw-lt-96-06","status":"publish","type":"product","link":"https:\/\/car-2.de\/shop\/produkt\/verschleissteile-rueckleuchte-rechts-vw-lt-96-06\/","title":{"rendered":"Verschlei\u00dfteile R\u00fcckleuchte rechts VW LT  96-06"},"content":{"rendered":"<p>Ihre R\u00fcckleuchte eingeschlagen? Sie ben\u00f6tigen aus irgendeinem anderen Grund eine neue, g\u00fcnstige R\u00fcckleuchte f\u00fcr Ihr Fahrzeug, wollen aber dabei auf keinen Fall auf die Qualit\u00e4t und das Design Ihrer alten original R\u00fcckleuchte verzichten? Bei uns finden Sie eine gr\u00f6\u00dfere Auswahl an Zubeh\u00f6r R\u00fcckleuchten. Sie haben die Eigenschaft, dass sie wie das Original aussehen und g\u00fcnstiger sind als die originalen R\u00fcckleuchten Ihres Fahrzeugherstellers, selbstverst\u00e4ndlich ohne negative Auswirkungen auf die Qualit\u00e4t. Die Zubeh\u00f6r R\u00fcckleuchten werden jeweils einzeln verkauft, achten Sie also beim Kauf darauf ob es sich um die linke (Fahrerseite) Zubeh\u00f6r R\u00fcckleuchte handelt oder um die rechte (Beifahrerseite). Sie werden installationsbereit ausgeliefert, sodass Sie Ihre bei uns erstandene Zubeh\u00f6rr\u00fcckleuchte unmittelbar verbauen und in Betrieb nehmen k\u00f6nnen &#8211; lediglich das Leuchtmittel muss separat beschafft werden. Des \u00d6fteren gibt es Sondermodelle oder Sportversionen eines Fahrzeugs, welche dem Serienmodell optisch \u00fcberlegen sind. Auch die R\u00fcckleuchten sind oftmals von diesen Ver\u00e4nderungen betroffen. In diesem Fall k\u00f6nnen Sie auch diese Zubeh\u00f6rr\u00fcckleuchten als Einzelteil bei uns erstehen, um somit Ihr Serienmodell aufzuwerten. F\u00fcr gr\u00f6\u00dfere optische Ver\u00e4nderungen, Tuning oder sportliches Auftreten erhalten sie selbstverst\u00e4ndlich auch Design oder LED R\u00fcckleuchten bei uns im Shop. Diese sind wie die Zubeh\u00f6r R\u00fcckleuchten auch passgenau f\u00fcr das jeweilige Fahrzeugmodell, einbaubereit und qualitativ hochwertig.<span style=\"display: inline-block; width: 0px; overflow: hidden; line-height: 0;\" data-mce-type=\"bookmark\" class=\"mce_SELRES_start\">\ufeff<\/span><\/p>\n","protected":false},"excerpt":{"rendered":"<p>f\u00fcr VW LTZubeh\u00f6r R\u00fcckleuchte f\u00fcr VW LTf\u00fcr Baujahr: 1996 bis 2006mit E Pr\u00fcfzeichen (eintragungsfrei)rechts \/ Beifahrerseitef\u00fcr VW LTZubeh\u00f6r R\u00fcckleuchte f\u00fcr VW LTf\u00fcr Baujahr: 1996 bis 2006mit E Pr\u00fcfzeichen (eintragungsfrei)rechts \/ Beifahrerseite<\/p>\n","protected":false},"featured_media":55789,"comment_status":"closed","ping_status":"open","template":"","meta":[],"product_brand":[],"product_cat":[633,640],"product_tag":[],"class_list":{"0":"post-32900","1":"product","2":"type-product","3":"status-publish","4":"has-post-thumbnail","6":"product_cat-beleuchtung-tuning","7":"product_cat-rueckleuchten","8":"pa_kfz-hersteller-vw","9":"pa_kfz-modell-lt","11":"first","12":"instock","13":"purchasable","14":"product-type-simple"},"_links":{"self":[{"href":"https:\/\/car-2.de\/shop\/wp-json\/wp\/v2\/product\/32900","targetHints":{"allow":["GET"]}}],"collection":[{"href":"https:\/\/car-2.de\/shop\/wp-json\/wp\/v2\/product"}],"about":[{"href":"https:\/\/car-2.de\/shop\/wp-json\/wp\/v2\/types\/product"}],"replies":[{"embeddable":true,"href":"https:\/\/car-2.de\/shop\/wp-json\/wp\/v2\/comments?post=32900"}],"wp:featuredmedia":[{"embeddable":true,"href":"https:\/\/car-2.de\/shop\/wp-json\/wp\/v2\/media\/55789"}],"wp:attachment":[{"href":"https:\/\/car-2.de\/shop\/wp-json\/wp\/v2\/media?parent=32900"}],"wp:term":[{"taxonomy":"product_brand","embeddable":true,"href":"https:\/\/car-2.de\/shop\/wp-json\/wp\/v2\/product_brand?post=32900"},{"taxonomy":"product_cat","embeddable":true,"href":"https:\/\/car-2.de\/shop\/wp-json\/wp\/v2\/product_cat?post=32900"},{"taxonomy":"product_tag","embeddable":true,"href":"https:\/\/car-2.de\/shop\/wp-json\/wp\/v2\/product_tag?post=32900"}],"curies":[{"name":"wp","href":"https:\/\/api.w.org\/{rel}","templated":true}]}}