{"id":32846,"date":"2025-01-10T13:37:03","date_gmt":"2025-01-10T12:37:03","guid":{"rendered":"http:\/\/automotive.system199.de\/shop\/produkt\/led-rueckleuchten-set-vw-passat-3b-variant-97-00-schwarz\/"},"modified":"2025-01-10T13:37:11","modified_gmt":"2025-01-10T12:37:11","slug":"led-rueckleuchten-set-vw-passat-3b-variant-97-00-schwarz","status":"publish","type":"product","link":"https:\/\/car-2.de\/shop\/produkt\/led-rueckleuchten-set-vw-passat-3b-variant-97-00-schwarz\/","title":{"rendered":"LED R\u00fcckleuchten Set VW Passat 3B Variant  97-00 schwarz"},"content":{"rendered":"<p><span style=\"display: inline-block; width: 0px; overflow: hidden; line-height: 0;\" data-mce-type=\"bookmark\" class=\"mce_SELRES_start\">\ufeff<\/span><\/p>\n","protected":false},"excerpt":{"rendered":"<p>f\u00fcr Baujahr:1997 bis 2000Farbe: schwarzmit E Pr\u00fcfzeichen (eintragungsfrei)led R\u00fcckleuchten VW Passat B5 3Bnur f\u00fcr Variantmit LED Blinkerlinks + rechts (Set)Top Qualit\u00e4t und Designf\u00fcr Baujahr:1997 bis 2000Farbe: schwarzmit E Pr\u00fcfzeichen (eintragungsfrei)led R\u00fcckleuchten VW Passat B5 3Bnur f\u00fcr Variantmit LED Blinkerlinks + rechts (Set)Top Qualit\u00e4t und Design<\/p>\n","protected":false},"featured_media":55152,"comment_status":"closed","ping_status":"open","template":"","meta":[],"product_brand":[],"product_cat":[633,640],"product_tag":[],"class_list":{"0":"post-32846","1":"product","2":"type-product","3":"status-publish","4":"has-post-thumbnail","6":"product_cat-beleuchtung-tuning","7":"product_cat-rueckleuchten","8":"pa_kfz-hersteller-vw","9":"pa_kfz-modell-passat-b5-3b","11":"first","12":"instock","13":"purchasable","14":"product-type-simple"},"_links":{"self":[{"href":"https:\/\/car-2.de\/shop\/wp-json\/wp\/v2\/product\/32846","targetHints":{"allow":["GET"]}}],"collection":[{"href":"https:\/\/car-2.de\/shop\/wp-json\/wp\/v2\/product"}],"about":[{"href":"https:\/\/car-2.de\/shop\/wp-json\/wp\/v2\/types\/product"}],"replies":[{"embeddable":true,"href":"https:\/\/car-2.de\/shop\/wp-json\/wp\/v2\/comments?post=32846"}],"wp:featuredmedia":[{"embeddable":true,"href":"https:\/\/car-2.de\/shop\/wp-json\/wp\/v2\/media\/55152"}],"wp:attachment":[{"href":"https:\/\/car-2.de\/shop\/wp-json\/wp\/v2\/media?parent=32846"}],"wp:term":[{"taxonomy":"product_brand","embeddable":true,"href":"https:\/\/car-2.de\/shop\/wp-json\/wp\/v2\/product_brand?post=32846"},{"taxonomy":"product_cat","embeddable":true,"href":"https:\/\/car-2.de\/shop\/wp-json\/wp\/v2\/product_cat?post=32846"},{"taxonomy":"product_tag","embeddable":true,"href":"https:\/\/car-2.de\/shop\/wp-json\/wp\/v2\/product_tag?post=32846"}],"curies":[{"name":"wp","href":"https:\/\/api.w.org\/{rel}","templated":true}]}}