{"id":32837,"date":"2025-01-02T02:17:00","date_gmt":"2025-01-02T01:17:00","guid":{"rendered":"http:\/\/automotive.system199.de\/shop\/produkt\/led-rueckleuchten-set-skoda-fabia-5-tuerig-ab-2007-klar-rot\/"},"modified":"2025-01-02T02:17:02","modified_gmt":"2025-01-02T01:17:02","slug":"led-rueckleuchten-set-skoda-fabia-5-tuerig-ab-2007-klar-rot","status":"publish","type":"product","link":"https:\/\/car-2.de\/shop\/produkt\/led-rueckleuchten-set-skoda-fabia-5-tuerig-ab-2007-klar-rot\/","title":{"rendered":"LED R\u00fcckleuchten Set Skoda Fabia 5-t\u00fcrig  ab 2007 klar\/rot"},"content":{"rendered":"<p><span style=\"display: inline-block; width: 0px; overflow: hidden; line-height: 0;\" data-mce-type=\"bookmark\" class=\"mce_SELRES_start\">\ufeff<\/span><\/p>\n","protected":false},"excerpt":{"rendered":"<p>f\u00fcr Skoda Fabia 2 (5J)f\u00fcr Baujahr: ab 2007Farbe: rot\/klarmit E Pr\u00fcfzeichen (eintragungsfrei)led R\u00fcckleuchten Skoda Fabia 2 5Jlinks + rechts (Set)Top Qualit\u00e4t und Designf\u00fcr Skoda Fabia 2 (5J)f\u00fcr Baujahr: ab 2007Farbe: rot\/klarmit E Pr\u00fcfzeichen (eintragungsfrei)led R\u00fcckleuchten Skoda Fabia 2 5Jlinks + rechts (Set)Top Qualit\u00e4t und Design<\/p>\n","protected":false},"featured_media":55049,"comment_status":"closed","ping_status":"open","template":"","meta":[],"product_brand":[],"product_cat":[633,640],"product_tag":[],"class_list":{"0":"post-32837","1":"product","2":"type-product","3":"status-publish","4":"has-post-thumbnail","6":"product_cat-beleuchtung-tuning","7":"product_cat-rueckleuchten","8":"pa_kfz-hersteller-skoda","9":"pa_kfz-modell-fabia-2-5j","11":"first","12":"instock","13":"purchasable","14":"product-type-simple"},"_links":{"self":[{"href":"https:\/\/car-2.de\/shop\/wp-json\/wp\/v2\/product\/32837","targetHints":{"allow":["GET"]}}],"collection":[{"href":"https:\/\/car-2.de\/shop\/wp-json\/wp\/v2\/product"}],"about":[{"href":"https:\/\/car-2.de\/shop\/wp-json\/wp\/v2\/types\/product"}],"replies":[{"embeddable":true,"href":"https:\/\/car-2.de\/shop\/wp-json\/wp\/v2\/comments?post=32837"}],"wp:featuredmedia":[{"embeddable":true,"href":"https:\/\/car-2.de\/shop\/wp-json\/wp\/v2\/media\/55049"}],"wp:attachment":[{"href":"https:\/\/car-2.de\/shop\/wp-json\/wp\/v2\/media?parent=32837"}],"wp:term":[{"taxonomy":"product_brand","embeddable":true,"href":"https:\/\/car-2.de\/shop\/wp-json\/wp\/v2\/product_brand?post=32837"},{"taxonomy":"product_cat","embeddable":true,"href":"https:\/\/car-2.de\/shop\/wp-json\/wp\/v2\/product_cat?post=32837"},{"taxonomy":"product_tag","embeddable":true,"href":"https:\/\/car-2.de\/shop\/wp-json\/wp\/v2\/product_tag?post=32837"}],"curies":[{"name":"wp","href":"https:\/\/api.w.org\/{rel}","templated":true}]}}