{"id":32798,"date":"2025-01-02T02:16:36","date_gmt":"2025-01-02T01:16:36","guid":{"rendered":"http:\/\/automotive.system199.de\/shop\/produkt\/led-rueckleuchten-set-ford-focus-5-tuerer-ab-2014-smoke\/"},"modified":"2025-01-02T02:16:40","modified_gmt":"2025-01-02T01:16:40","slug":"led-rueckleuchten-set-ford-focus-5-tuerer-ab-2014-smoke","status":"publish","type":"product","link":"https:\/\/car-2.de\/shop\/produkt\/led-rueckleuchten-set-ford-focus-5-tuerer-ab-2014-smoke\/","title":{"rendered":"LED R\u00fcckleuchten Set Ford Focus 5-T\u00fcrer  ab 2014 smoke"},"content":{"rendered":"<p><span style=\"display: inline-block; width: 0px; overflow: hidden; line-height: 0;\" data-mce-type=\"bookmark\" class=\"mce_SELRES_start\">\ufeff<\/span><\/p>\n","protected":false},"excerpt":{"rendered":"<p>f\u00fcr Ford Focus 5 T\u00fcrer Baujahr ab 2014Farbe: smokemit E Pr\u00fcfzeichen (eintragungsfrei)links + rechts (Set)LED R\u00fcckleuchtenf\u00fcr Ford Focus 5 T\u00fcrer Baujahr ab 2014Farbe: smokemit E Pr\u00fcfzeichen (eintragungsfrei)links + rechts (Set)LED R\u00fcckleuchten<\/p>\n","protected":false},"featured_media":54647,"comment_status":"closed","ping_status":"open","template":"","meta":[],"product_brand":[],"product_cat":[633,640],"product_tag":[],"class_list":{"0":"post-32798","1":"product","2":"type-product","3":"status-publish","4":"has-post-thumbnail","6":"product_cat-beleuchtung-tuning","7":"product_cat-rueckleuchten","8":"pa_kfz-hersteller-ford","9":"pa_kfz-modell-focus-3-c346","11":"first","12":"instock","13":"purchasable","14":"product-type-simple"},"_links":{"self":[{"href":"https:\/\/car-2.de\/shop\/wp-json\/wp\/v2\/product\/32798","targetHints":{"allow":["GET"]}}],"collection":[{"href":"https:\/\/car-2.de\/shop\/wp-json\/wp\/v2\/product"}],"about":[{"href":"https:\/\/car-2.de\/shop\/wp-json\/wp\/v2\/types\/product"}],"replies":[{"embeddable":true,"href":"https:\/\/car-2.de\/shop\/wp-json\/wp\/v2\/comments?post=32798"}],"wp:featuredmedia":[{"embeddable":true,"href":"https:\/\/car-2.de\/shop\/wp-json\/wp\/v2\/media\/54647"}],"wp:attachment":[{"href":"https:\/\/car-2.de\/shop\/wp-json\/wp\/v2\/media?parent=32798"}],"wp:term":[{"taxonomy":"product_brand","embeddable":true,"href":"https:\/\/car-2.de\/shop\/wp-json\/wp\/v2\/product_brand?post=32798"},{"taxonomy":"product_cat","embeddable":true,"href":"https:\/\/car-2.de\/shop\/wp-json\/wp\/v2\/product_cat?post=32798"},{"taxonomy":"product_tag","embeddable":true,"href":"https:\/\/car-2.de\/shop\/wp-json\/wp\/v2\/product_tag?post=32798"}],"curies":[{"name":"wp","href":"https:\/\/api.w.org\/{rel}","templated":true}]}}