{"id":32778,"date":"2025-01-02T02:16:29","date_gmt":"2025-01-02T01:16:29","guid":{"rendered":"http:\/\/automotive.system199.de\/shop\/produkt\/led-rueckleuchten-set-mercedes-c-klasse-typ-w203-limo-05-07-chrom\/"},"modified":"2025-01-02T02:16:30","modified_gmt":"2025-01-02T01:16:30","slug":"led-rueckleuchten-set-mercedes-c-klasse-typ-w203-limo-05-07-chrom","status":"publish","type":"product","link":"https:\/\/car-2.de\/shop\/produkt\/led-rueckleuchten-set-mercedes-c-klasse-typ-w203-limo-05-07-chrom\/","title":{"rendered":"LED R\u00fcckleuchten Set Mercedes C-Klasse Typ W203 Limo  05-07 chrom"},"content":{"rendered":"<p><span style=\"display: inline-block; width: 0px; overflow: hidden; line-height: 0;\" data-mce-type=\"bookmark\" class=\"mce_SELRES_start\">\ufeff<\/span><\/p>\n","protected":false},"excerpt":{"rendered":"<p>f\u00fcr Mercedes-Benz C-Klasse (203)f\u00fcr Baujahr: 2005 bis 2007Farbe: chromlinks + rechts (Set)mit E Pr\u00fcfzeichenled R\u00fcckleuchten Mercedes Benz C Klasse 203Top Qualit\u00e4t im top Designf\u00fcr Mercedes-Benz C-Klasse (203)f\u00fcr Baujahr: 2005 bis 2007Farbe: chromlinks + rechts (Set)mit E Pr\u00fcfzeichenled R\u00fcckleuchten Mercedes Benz C Klasse 203Top Qualit\u00e4t im top Design<\/p>\n","protected":false},"featured_media":54464,"comment_status":"closed","ping_status":"open","template":"","meta":[],"product_brand":[],"product_cat":[633,640],"product_tag":[],"class_list":{"0":"post-32778","1":"product","2":"type-product","3":"status-publish","4":"has-post-thumbnail","6":"product_cat-beleuchtung-tuning","7":"product_cat-rueckleuchten","8":"pa_kfz-hersteller-mercedes-benz","9":"pa_kfz-modell-c-klasse-203","11":"first","12":"instock","13":"purchasable","14":"product-type-simple"},"_links":{"self":[{"href":"https:\/\/car-2.de\/shop\/wp-json\/wp\/v2\/product\/32778","targetHints":{"allow":["GET"]}}],"collection":[{"href":"https:\/\/car-2.de\/shop\/wp-json\/wp\/v2\/product"}],"about":[{"href":"https:\/\/car-2.de\/shop\/wp-json\/wp\/v2\/types\/product"}],"replies":[{"embeddable":true,"href":"https:\/\/car-2.de\/shop\/wp-json\/wp\/v2\/comments?post=32778"}],"wp:featuredmedia":[{"embeddable":true,"href":"https:\/\/car-2.de\/shop\/wp-json\/wp\/v2\/media\/54464"}],"wp:attachment":[{"href":"https:\/\/car-2.de\/shop\/wp-json\/wp\/v2\/media?parent=32778"}],"wp:term":[{"taxonomy":"product_brand","embeddable":true,"href":"https:\/\/car-2.de\/shop\/wp-json\/wp\/v2\/product_brand?post=32778"},{"taxonomy":"product_cat","embeddable":true,"href":"https:\/\/car-2.de\/shop\/wp-json\/wp\/v2\/product_cat?post=32778"},{"taxonomy":"product_tag","embeddable":true,"href":"https:\/\/car-2.de\/shop\/wp-json\/wp\/v2\/product_tag?post=32778"}],"curies":[{"name":"wp","href":"https:\/\/api.w.org\/{rel}","templated":true}]}}