{"id":32765,"date":"2025-01-02T02:16:13","date_gmt":"2025-01-02T01:16:13","guid":{"rendered":"http:\/\/automotive.system199.de\/shop\/produkt\/led-rueckleuchten-set-lightbar-audi-a5-8t-coupe-sportback-07-11-schwarz\/"},"modified":"2025-01-02T02:16:18","modified_gmt":"2025-01-02T01:16:18","slug":"led-rueckleuchten-set-lightbar-audi-a5-8t-coupe-sportback-07-11-schwarz","status":"publish","type":"product","link":"https:\/\/car-2.de\/shop\/produkt\/led-rueckleuchten-set-lightbar-audi-a5-8t-coupe-sportback-07-11-schwarz\/","title":{"rendered":"LED R\u00fcckleuchten Set Lightbar Audi A5 8T Coupe\/Sportback  07-11 schwarz"},"content":{"rendered":"<p><span style=\"display: inline-block; width: 0px; overflow: hidden; line-height: 0;\" data-mce-type=\"bookmark\" class=\"mce_SELRES_start\">\ufeff<\/span><\/p>\n","protected":false},"excerpt":{"rendered":"<p>f\u00fcr Audi A5 8T Coupe\/Sportback Baujahr 2007 bis 2011Farbe: schwarzmit E Pr\u00fcfzeichen (eintragungsfrei)nur f\u00fcr Fahrzeuge mit original Halogen R\u00fcckleuchtenlinks + rechts (Set)LED R\u00fcckleuchten mit LED Blinkerf\u00fcr Audi A5 8T Coupe\/Sportback Baujahr 2007 bis 2011Farbe: schwarzmit E Pr\u00fcfzeichen (eintragungsfrei)nur f\u00fcr Fahrzeuge mit original Halogen R\u00fcckleuchtenlinks + rechts (Set)LED R\u00fcckleuchten mit LED Blinker<\/p>\n","protected":false},"featured_media":54252,"comment_status":"closed","ping_status":"open","template":"","meta":[],"product_brand":[],"product_cat":[633,640],"product_tag":[],"class_list":{"0":"post-32765","1":"product","2":"type-product","3":"status-publish","4":"has-post-thumbnail","6":"product_cat-beleuchtung-tuning","7":"product_cat-rueckleuchten","8":"pa_kfz-hersteller-audi","9":"pa_kfz-modell-a5-8t-8ta-8f","11":"first","12":"instock","13":"purchasable","14":"product-type-simple"},"_links":{"self":[{"href":"https:\/\/car-2.de\/shop\/wp-json\/wp\/v2\/product\/32765","targetHints":{"allow":["GET"]}}],"collection":[{"href":"https:\/\/car-2.de\/shop\/wp-json\/wp\/v2\/product"}],"about":[{"href":"https:\/\/car-2.de\/shop\/wp-json\/wp\/v2\/types\/product"}],"replies":[{"embeddable":true,"href":"https:\/\/car-2.de\/shop\/wp-json\/wp\/v2\/comments?post=32765"}],"wp:featuredmedia":[{"embeddable":true,"href":"https:\/\/car-2.de\/shop\/wp-json\/wp\/v2\/media\/54252"}],"wp:attachment":[{"href":"https:\/\/car-2.de\/shop\/wp-json\/wp\/v2\/media?parent=32765"}],"wp:term":[{"taxonomy":"product_brand","embeddable":true,"href":"https:\/\/car-2.de\/shop\/wp-json\/wp\/v2\/product_brand?post=32765"},{"taxonomy":"product_cat","embeddable":true,"href":"https:\/\/car-2.de\/shop\/wp-json\/wp\/v2\/product_cat?post=32765"},{"taxonomy":"product_tag","embeddable":true,"href":"https:\/\/car-2.de\/shop\/wp-json\/wp\/v2\/product_tag?post=32765"}],"curies":[{"name":"wp","href":"https:\/\/api.w.org\/{rel}","templated":true}]}}