{"id":32757,"date":"2025-01-02T02:16:06","date_gmt":"2025-01-02T01:16:06","guid":{"rendered":"http:\/\/automotive.system199.de\/shop\/produkt\/rueckleuchten-set-audi-a3-typ-8l-96-00-rot-klar\/"},"modified":"2025-01-02T02:16:10","modified_gmt":"2025-01-02T01:16:10","slug":"rueckleuchten-set-audi-a3-typ-8l-96-00-rot-klar","status":"publish","type":"product","link":"https:\/\/car-2.de\/shop\/produkt\/rueckleuchten-set-audi-a3-typ-8l-96-00-rot-klar\/","title":{"rendered":"R\u00fcckleuchten Set Audi A3 Typ 8L  96-00, rot\/klar"},"content":{"rendered":"<p><span style=\"display: inline-block; width: 0px; overflow: hidden; line-height: 0;\" data-mce-type=\"bookmark\" class=\"mce_SELRES_start\">\ufeff<\/span><\/p>\n","protected":false},"excerpt":{"rendered":"<p>f\u00fcr Baujahr: 1996 bis 2000Farbe: rot\/klarmit E Pr\u00fcfzeichenR\u00fcckleuchten Audi A3 8Llinks + rechts (Set)Design R\u00fcckleuchtenTop Qualit\u00e4t im top Designf\u00fcr Baujahr: 1996 bis 2000Farbe: rot\/klarmit E Pr\u00fcfzeichenR\u00fcckleuchten Audi A3 8Llinks + rechts (Set)Design R\u00fcckleuchtenTop Qualit\u00e4t im top Design<\/p>\n","protected":false},"featured_media":54097,"comment_status":"closed","ping_status":"open","template":"","meta":[],"product_brand":[],"product_cat":[633,640],"product_tag":[],"class_list":{"0":"post-32757","1":"product","2":"type-product","3":"status-publish","4":"has-post-thumbnail","6":"product_cat-beleuchtung-tuning","7":"product_cat-rueckleuchten","8":"pa_kfz-hersteller-audi","9":"pa_kfz-modell-a3-8l","11":"first","12":"instock","13":"purchasable","14":"product-type-simple"},"_links":{"self":[{"href":"https:\/\/car-2.de\/shop\/wp-json\/wp\/v2\/product\/32757","targetHints":{"allow":["GET"]}}],"collection":[{"href":"https:\/\/car-2.de\/shop\/wp-json\/wp\/v2\/product"}],"about":[{"href":"https:\/\/car-2.de\/shop\/wp-json\/wp\/v2\/types\/product"}],"replies":[{"embeddable":true,"href":"https:\/\/car-2.de\/shop\/wp-json\/wp\/v2\/comments?post=32757"}],"wp:featuredmedia":[{"embeddable":true,"href":"https:\/\/car-2.de\/shop\/wp-json\/wp\/v2\/media\/54097"}],"wp:attachment":[{"href":"https:\/\/car-2.de\/shop\/wp-json\/wp\/v2\/media?parent=32757"}],"wp:term":[{"taxonomy":"product_brand","embeddable":true,"href":"https:\/\/car-2.de\/shop\/wp-json\/wp\/v2\/product_brand?post=32757"},{"taxonomy":"product_cat","embeddable":true,"href":"https:\/\/car-2.de\/shop\/wp-json\/wp\/v2\/product_cat?post=32757"},{"taxonomy":"product_tag","embeddable":true,"href":"https:\/\/car-2.de\/shop\/wp-json\/wp\/v2\/product_tag?post=32757"}],"curies":[{"name":"wp","href":"https:\/\/api.w.org\/{rel}","templated":true}]}}