{"id":32737,"date":"2025-01-02T02:15:58","date_gmt":"2025-01-02T01:15:58","guid":{"rendered":"http:\/\/automotive.system199.de\/shop\/produkt\/verschleissteile-rueckleuchte-links-mercedes-benz\/"},"modified":"2025-01-02T02:16:03","modified_gmt":"2025-01-02T01:16:03","slug":"verschleissteile-rueckleuchte-links-mercedes-benz","status":"publish","type":"product","link":"https:\/\/car-2.de\/shop\/produkt\/verschleissteile-rueckleuchte-links-mercedes-benz\/","title":{"rendered":"Verschlei\u00dfteile R\u00fcckleuchte links Mercedes-Benz"},"content":{"rendered":"<p>Design R\u00fcckleuchten ver\u00e4ndern das Erscheinungsbild Ihres Fahrzeuges und lassen Ihre Fahrzeug in einer sportlichen Optik dank technisch verbesserter Reflektoren in der Tuning bekannten sogenannte crystal Optik erscheinen. Diese Reflektoren zeigen eine gr\u00f6\u00dfere optische Lichtwirkung und das zu einem extrem g\u00fcnstigen Preis.Mit dem Nachr\u00fcsten von hochwertigen Design R\u00fcckleuchten werten Sie Ihr Fahrzeug auch in Sachen Sicherheit entsprechend auf. Design R\u00fcckleuchten sind nicht nur optisch sch\u00f6ner sondern durch die Integration der neuen Reflektortechnik sind diese auch deutlich auffallender. Mit dieser schnellen Tuningma\u00dfnahme haben Sie binnen Minuten eine Top Optik an Ihrem Fahrzeugheck.und geben Ihrem Fahrzeug eine sportliche Optik bei Tag und bei Nacht.&nbsp;Die Design R\u00fcckleuchten sind mehr als ein klares Signal f\u00fcr einen sportliches Fahrzeug.KEINE KOSTEN EINTRAGUNGSFREI: Dieses R\u00fcckleuchtenset ist wenn nicht anderes angegeben mit e-Zeichen ausgestattet und sind somit Eintragungsfrei. Es fallen keine Kosten f\u00fcr eine kostenpflichtige Eintragung in die Fahrzeugpapiere an.GERINGE EINBAUKOSTEN: Die Design R\u00fcckleuchten k\u00f6nnen problemlos von jeder Fachwerkstatt binnen ca. 1 Stunde eingebaut werden. Einbauanleitung: Die Design R\u00fcckleuchten werden teilweise komplett mit Kabelbaum und einer &quot;englischen&quot; Einbauanleitung ausgeliefert oder mittels Stecker die auf den Serienkabelbaum passen. Die Qualit\u00e4t: Die Design R\u00fcckleuchten sind in Erstausr\u00fcsterqualit\u00e4t zu vergleichen und werden von namhaftenProduzenten f\u00fcr das Zubeh\u00f6rgesch\u00e4ft produziert.Der Preis: Im Regelfall sind diese Design R\u00fcckleuchten g\u00fcnstiger als die Originalen R\u00fcckleuchten. Hier lohnt sich ein Preischeck, selbst wenn nur im Falle einen Unfalls nur eine R\u00fcckleuchte defekt sein sollte. Die R\u00fcckleuchten sind eine g\u00fcnstige Umr\u00fcstm\u00f6glichkeit im Falle eines Unfalls oder im Falle einer Nachr\u00fcstung wenn die Originalr\u00fcckleuchte undicht sein sollte!DIE R\u00fcckleuchtentechnik: Die Design R\u00fcckleuchten sind nicht nur technisch sondern auch optisch ausgereift und sind im \u00fcbrigen schon 100.000 fach erfolgreich weltweit eingebaut. Sie m\u00f6chten Ihrem Fahrzeug eine sportliche Note geben? Dann sollten Sie gleich dieses tolle R\u00fcckleuchtenset gleich bestellen.Weitere Ausf\u00fchrungsdetails: Design R\u00fcckleuchten in Tuningoptik mit entsprechender moderner Technikverbesserte optische Lichtwerte da Crystal-Technik im Einsatzwenn nicht anders angegeben auch f\u00fcr Bordcomputer technisch passend Anschluss erfolgt \u00fcber fahrzeugspezifischen Stecker Leuchtmittel sind im Lieferumfang nicht enthaltenkeine Eintragung und Eintragungskosten in die Papiere n\u00f6tig, da mit &quot;E&quot; Pr\u00fcfzeichen versehen Einfache Montage da die Original R\u00fcckleuchten Befestigungspunkte des Fahrzeugs verwendet werden.Lange Lebensdauer durch die Verwendung von hochwertigen Material und ChormbeschichtungenLieferumfang:bestehend aus einer rechten oder einer linken Design R\u00fcckleuchte<span style=\"display: inline-block; width: 0px; overflow: hidden; line-height: 0;\" data-mce-type=\"bookmark\" class=\"mce_SELRES_start\">\ufeff<\/span><\/p>\n","protected":false},"excerpt":{"rendered":"<p>f\u00fcr Mercedes-Benz SprinterZubeh\u00f6r R\u00fcckleuchte f\u00fcr Mercedes-Benzf\u00fcr Baujahr:mit E Pr\u00fcfzeichen (eintragungsfrei)links \/ Fahrerseitef\u00fcr Mercedes-Benz SprinterZubeh\u00f6r R\u00fcckleuchte f\u00fcr Mercedes-Benzf\u00fcr Baujahr:mit E Pr\u00fcfzeichen (eintragungsfrei)links \/ Fahrerseite<\/p>\n","protected":false},"featured_media":54014,"comment_status":"closed","ping_status":"open","template":"","meta":[],"product_brand":[],"product_cat":[633,634],"product_tag":[],"class_list":{"0":"post-32737","1":"product","2":"type-product","3":"status-publish","4":"has-post-thumbnail","6":"product_cat-beleuchtung-tuning","7":"product_cat-scheinwerfer","8":"pa_kfz-hersteller-mercedes-benz","9":"pa_kfz-modell-sprinter","11":"first","12":"instock","13":"purchasable","14":"product-type-simple"},"_links":{"self":[{"href":"https:\/\/car-2.de\/shop\/wp-json\/wp\/v2\/product\/32737","targetHints":{"allow":["GET"]}}],"collection":[{"href":"https:\/\/car-2.de\/shop\/wp-json\/wp\/v2\/product"}],"about":[{"href":"https:\/\/car-2.de\/shop\/wp-json\/wp\/v2\/types\/product"}],"replies":[{"embeddable":true,"href":"https:\/\/car-2.de\/shop\/wp-json\/wp\/v2\/comments?post=32737"}],"wp:featuredmedia":[{"embeddable":true,"href":"https:\/\/car-2.de\/shop\/wp-json\/wp\/v2\/media\/54014"}],"wp:attachment":[{"href":"https:\/\/car-2.de\/shop\/wp-json\/wp\/v2\/media?parent=32737"}],"wp:term":[{"taxonomy":"product_brand","embeddable":true,"href":"https:\/\/car-2.de\/shop\/wp-json\/wp\/v2\/product_brand?post=32737"},{"taxonomy":"product_cat","embeddable":true,"href":"https:\/\/car-2.de\/shop\/wp-json\/wp\/v2\/product_cat?post=32737"},{"taxonomy":"product_tag","embeddable":true,"href":"https:\/\/car-2.de\/shop\/wp-json\/wp\/v2\/product_tag?post=32737"}],"curies":[{"name":"wp","href":"https:\/\/api.w.org\/{rel}","templated":true}]}}