{"id":32616,"date":"2025-01-02T02:15:20","date_gmt":"2025-01-02T01:15:20","guid":{"rendered":"http:\/\/automotive.system199.de\/shop\/produkt\/verschleissteile-frontblinker-links-seat-alhambra-95-00\/"},"modified":"2025-01-02T02:15:21","modified_gmt":"2025-01-02T01:15:21","slug":"verschleissteile-frontblinker-links-seat-alhambra-95-00","status":"publish","type":"product","link":"https:\/\/car-2.de\/shop\/produkt\/verschleissteile-frontblinker-links-seat-alhambra-95-00\/","title":{"rendered":"Verschlei\u00dfteile Frontblinker links Seat Alhambra  95-00"},"content":{"rendered":"<p>Design Frontblinker ist das optische &quot;Must-Have&quot; in Sachen Beleuchtungstuning. Mit diesen sch\u00f6nen Frontblinkern ver\u00e4ndern Sie die Frontoptik entscheidend. Mit der neuen Crystal-Reflektortechnik verleihen Sie Ihrem Fahrzeug eine sportliche und auch edle Linie. Die Design Frontblinker sind auch eine perfekte Erg\u00e4nzung zu Designscheinwerfer. Den nur durch sch\u00f6ne Blinker kommen die Tuningscheinwerfer auch wirklich erst richtig zur Geltung. Dank der neuen Crystal-Reflektortechnik ist das Leuchterscheinungsbild auff\u00e4lliger und Sie werden somit von anderen Verkehrsteilnehmer schneller wahrgenommen.KEINE KOSTEN EINTRAGUNGSFREI: Dieses Design Frontblinker ist wenn nicht anderes angegeben mit e-Zeichen ausgestattet und sind somit eintragungsfrei. Es fallen keine Kosten f\u00fcr eine kostenpflichtige Eintragung in die Fahrzeugpapiere an.GERINGE EINBAUKOSTEN: Diese hochwertigen Frontblinker k\u00f6nnen problemlos von jeder Fachwerkstatt als auch Hobbymonteur binnen ca. 30 Minuten eingebaut werden.Einbauanleitung: Die Frontblinker m\u00fcssen an die Originalen Kabel befestigt werden. Nicht immer liegt eine englische Einbauanleitung f\u00fcr die Seitenblinker bei.Die Qualit\u00e4t: Die Frontblinker sind in Erstausr\u00fcsterqualit\u00e4t hergestellt und werden von namhaften Produzenten f\u00fcr das Zubeh\u00f6rgesch\u00e4ft produziert.Der Preis: Im Regelfall sind diese Frontblinker g\u00fcnstiger als die originalen Frontblinker. Hier lohnt sich ein Preischeck, selbst wenn nur im Falle einen Unfalls nur ein Blinker defekt sein sollte. Die Frontblinker sind eine g\u00fcnstige Umr\u00fcstm\u00f6glichkeit im Falle eines Unfalls oder im Falle einer Nachr\u00fcstung wenn die originalen Frontblinker undicht sein sollte!Die Design Frontblinkertechnik: Die Frontblinker sind nicht nur technisch sondern auch optisch ausgereift und sind im \u00fcbrigen schon 100.000 fach erfolgreich weltweit eingebaut. Sie m\u00f6chten Ihrem Fahrzeug eine sportliche Note geben? Dann sollten Sie gleich dieses tolle Seitenblinker gleich bestellen.Weitere Ausf\u00fchrungsdetails: Design Frontblinker f\u00fcr die Originalbefestigung an Ihrem Fahrzeug und neuerer Technik verbesserte Lichtwerte gegen\u00fcber Gl\u00fchlampenr\u00fcckleuchten durch neuerer Reflektortechnikwenn nicht anders angegeben auch f\u00fcr Bordcomputer technisch passend, das bedeutet Sie bekommen keine Fehlermeldung angezeigtkeine Eintragung und Eintragungskosten in die Papiere n\u00f6tig, da mit &quot;E&quot; Pr\u00fcfzeichen versehen Einfache Montage da die Original Frontblinker Befestigungspunkte des Fahrzeugs verwendet werden.Lange Lebensdauer durch die Verwendung von hochwertigen Material und ChormbeschichtungenLieferumfang:bestehend aus einem linken oder einem rechten Frontblinker<span style=\"display: inline-block; width: 0px; overflow: hidden; line-height: 0;\" data-mce-type=\"bookmark\" class=\"mce_SELRES_start\">\ufeff<\/span><\/p>\n","protected":false},"excerpt":{"rendered":"<p>f\u00fcr Seat AlhambraZubeh\u00f6r Frontblinker f\u00fcr Seat 0f\u00fcr Baujahr:mit E Pr\u00fcfzeichen (eintragungsfrei)links \/ FahrerseiteLeuchtmittel: PY21Wf\u00fcr Seat AlhambraZubeh\u00f6r Frontblinker f\u00fcr Seat 0f\u00fcr Baujahr:mit E Pr\u00fcfzeichen (eintragungsfrei)links \/ FahrerseiteLeuchtmittel: PY21W<\/p>\n","protected":false},"featured_media":53229,"comment_status":"closed","ping_status":"open","template":"","meta":[],"product_brand":[],"product_cat":[633,639],"product_tag":[],"class_list":{"0":"post-32616","1":"product","2":"type-product","3":"status-publish","4":"has-post-thumbnail","6":"product_cat-beleuchtung-tuning","7":"product_cat-blinker","8":"pa_kfz-hersteller-seat","9":"pa_kfz-modell-alhambra","11":"first","12":"instock","13":"purchasable","14":"product-type-simple"},"_links":{"self":[{"href":"https:\/\/car-2.de\/shop\/wp-json\/wp\/v2\/product\/32616","targetHints":{"allow":["GET"]}}],"collection":[{"href":"https:\/\/car-2.de\/shop\/wp-json\/wp\/v2\/product"}],"about":[{"href":"https:\/\/car-2.de\/shop\/wp-json\/wp\/v2\/types\/product"}],"replies":[{"embeddable":true,"href":"https:\/\/car-2.de\/shop\/wp-json\/wp\/v2\/comments?post=32616"}],"wp:featuredmedia":[{"embeddable":true,"href":"https:\/\/car-2.de\/shop\/wp-json\/wp\/v2\/media\/53229"}],"wp:attachment":[{"href":"https:\/\/car-2.de\/shop\/wp-json\/wp\/v2\/media?parent=32616"}],"wp:term":[{"taxonomy":"product_brand","embeddable":true,"href":"https:\/\/car-2.de\/shop\/wp-json\/wp\/v2\/product_brand?post=32616"},{"taxonomy":"product_cat","embeddable":true,"href":"https:\/\/car-2.de\/shop\/wp-json\/wp\/v2\/product_cat?post=32616"},{"taxonomy":"product_tag","embeddable":true,"href":"https:\/\/car-2.de\/shop\/wp-json\/wp\/v2\/product_tag?post=32616"}],"curies":[{"name":"wp","href":"https:\/\/api.w.org\/{rel}","templated":true}]}}