{"id":32608,"date":"2025-01-02T02:15:11","date_gmt":"2025-01-02T01:15:11","guid":{"rendered":"http:\/\/automotive.system199.de\/shop\/produkt\/verschleissteile-frontblinker-rechts-mazda-capella-00\/"},"modified":"2025-01-02T02:15:16","modified_gmt":"2025-01-02T01:15:16","slug":"verschleissteile-frontblinker-rechts-mazda-capella-00","status":"publish","type":"product","link":"https:\/\/car-2.de\/shop\/produkt\/verschleissteile-frontblinker-rechts-mazda-capella-00\/","title":{"rendered":"Verschlei\u00dfteile Frontblinker rechts Mazda Capella  00"},"content":{"rendered":"<p>Setzen Sie mit Ihrem Fahrzeug Highlights im Stra\u00dfenverkehr. Leuchtentuning gibt Ihnen die M\u00f6glichkeit Ihr Auto Ihren Vorstellungen entsprechend zu ver\u00e4ndern. Dazu z\u00e4hlen Scheinwerfer Tuning, R\u00fcckleuchten Tuning, Tagfahrlicht Tuning und Blinker Tuning. Die entsprechenden Leuchtmittel k\u00f6nnen, sofern sie nicht bereits im Bestellumfang enthalten sind, ebenfalls in unserem Online Shop erworben werden. Wir vereinen dabei erstklassige Qualit\u00e4t und top Verarbeitung mit ansprechenden und vielf\u00e4ltigen Designs. Insbesondere unsere Designfrontblinker stehen bei unseren Kunden auf der Beliebtheitsskala ganz weit oben. Wir bieten Designfrontblinker f\u00fcr zahlreiche Fahrzeughersteller und Fahrzeugmodelle an. Neben den vielen verschiedenen Auswahlm\u00f6glichkeiten f\u00fcr das Design der Designfrontblinker, hat man zus\u00e4tzlich eine gro\u00dfe Auswahl an verschiedenen Farben, in denen die Designfrontblinker geliefert werden k\u00f6nnen. Dieses gro\u00dfe Spektrum an verschiedenen Designfrontblinkern erm\u00f6glicht Ihnen eine individuelle optische Ver\u00e4nderung Ihres Fahrzeugs. Falls Sie in Sachen Beleuchtung eher die schlichteren Varianten von Frontblinkern bevorzugen, k\u00f6nnen wir Ihnen damit ebenfalls in unserem Online Shop dienen. Unsere Frontblinker werden installationsbereit geliefert, damit Sie sie sofort verbauen und in Betrieb setzen k\u00f6nnen. So k\u00f6nnen sie innerhalb von k\u00fcrzester Zeit einen starken optischen Effekt mit unseren Designfrontblinkern erzielen. Der Einbau wird durch die genaue Passform der Designfrontblinker auf die jeweiligen Fahrzeugmodelle noch zus\u00e4tzlich erleichtert. Machen Sie Ihr Fahrzeug zu einem Blickfang im Stra\u00dfenverkehr.<span style=\"display: inline-block; width: 0px; overflow: hidden; line-height: 0;\" data-mce-type=\"bookmark\" class=\"mce_SELRES_start\">\ufeff<\/span><\/p>\n","protected":false},"excerpt":{"rendered":"<p>f\u00fcr Mazda CapellaZubeh\u00f6r Frontblinker f\u00fcr Mazda Capellaf\u00fcr Baujahr: 00mit E Pr\u00fcfzeichen (eintragungsfrei)rechts \/ BeifahrerseiteLeuchtmittel: PY21Wf\u00fcr Mazda CapellaZubeh\u00f6r Frontblinker f\u00fcr Mazda Capellaf\u00fcr Baujahr: 00mit E Pr\u00fcfzeichen (eintragungsfrei)rechts \/ BeifahrerseiteLeuchtmittel: PY21W<\/p>\n","protected":false},"featured_media":53180,"comment_status":"closed","ping_status":"open","template":"","meta":[],"product_brand":[],"product_cat":[633,639],"product_tag":[],"class_list":{"0":"post-32608","1":"product","2":"type-product","3":"status-publish","4":"has-post-thumbnail","6":"product_cat-beleuchtung-tuning","7":"product_cat-blinker","8":"pa_kfz-hersteller-mazda","9":"pa_kfz-modell-capella","11":"first","12":"instock","13":"purchasable","14":"product-type-simple"},"_links":{"self":[{"href":"https:\/\/car-2.de\/shop\/wp-json\/wp\/v2\/product\/32608","targetHints":{"allow":["GET"]}}],"collection":[{"href":"https:\/\/car-2.de\/shop\/wp-json\/wp\/v2\/product"}],"about":[{"href":"https:\/\/car-2.de\/shop\/wp-json\/wp\/v2\/types\/product"}],"replies":[{"embeddable":true,"href":"https:\/\/car-2.de\/shop\/wp-json\/wp\/v2\/comments?post=32608"}],"wp:featuredmedia":[{"embeddable":true,"href":"https:\/\/car-2.de\/shop\/wp-json\/wp\/v2\/media\/53180"}],"wp:attachment":[{"href":"https:\/\/car-2.de\/shop\/wp-json\/wp\/v2\/media?parent=32608"}],"wp:term":[{"taxonomy":"product_brand","embeddable":true,"href":"https:\/\/car-2.de\/shop\/wp-json\/wp\/v2\/product_brand?post=32608"},{"taxonomy":"product_cat","embeddable":true,"href":"https:\/\/car-2.de\/shop\/wp-json\/wp\/v2\/product_cat?post=32608"},{"taxonomy":"product_tag","embeddable":true,"href":"https:\/\/car-2.de\/shop\/wp-json\/wp\/v2\/product_tag?post=32608"}],"curies":[{"name":"wp","href":"https:\/\/api.w.org\/{rel}","templated":true}]}}