{"id":32492,"date":"2025-01-02T02:14:40","date_gmt":"2025-01-02T01:14:40","guid":{"rendered":"http:\/\/automotive.system199.de\/shop\/produkt\/federwegbegrenzer-universal-75mm-lang\/"},"modified":"2025-01-02T02:14:43","modified_gmt":"2025-01-02T01:14:43","slug":"federwegbegrenzer-universal-75mm-lang","status":"publish","type":"product","link":"https:\/\/car-2.de\/shop\/produkt\/federwegbegrenzer-universal-75mm-lang\/","title":{"rendered":"Federwegbegrenzer universal 75mm lang"},"content":{"rendered":"<p><span style=\"display: inline-block; width: 0px; overflow: hidden; line-height: 0;\" data-mce-type=\"bookmark\" class=\"mce_SELRES_start\">\ufeff<\/span><\/p>\n","protected":false},"excerpt":{"rendered":"<p>Universal FederwegbegrenzerL\u00e4nge: 75 mmmin. Innendurchmesser: 19 mmmax. Au\u00dfendurchmesser: 53 mmUniversal FederwegbegrenzerL\u00e4nge: 75 mmmin. Innendurchmesser: 19 mmmax. Au\u00dfendurchmesser: 53 mm<\/p>\n","protected":false},"featured_media":52892,"comment_status":"closed","ping_status":"open","template":"","meta":[],"product_brand":[],"product_cat":[641,642],"product_tag":[],"class_list":{"0":"post-32492","1":"product","2":"type-product","3":"status-publish","4":"has-post-thumbnail","6":"product_cat-fahrwerk-tuning","7":"product_cat-fahrwerk-zubehoer","8":"pa_kfz-hersteller-universal","9":"pa_kfz-modell-universal","11":"first","12":"instock","13":"purchasable","14":"product-type-simple"},"_links":{"self":[{"href":"https:\/\/car-2.de\/shop\/wp-json\/wp\/v2\/product\/32492","targetHints":{"allow":["GET"]}}],"collection":[{"href":"https:\/\/car-2.de\/shop\/wp-json\/wp\/v2\/product"}],"about":[{"href":"https:\/\/car-2.de\/shop\/wp-json\/wp\/v2\/types\/product"}],"replies":[{"embeddable":true,"href":"https:\/\/car-2.de\/shop\/wp-json\/wp\/v2\/comments?post=32492"}],"wp:featuredmedia":[{"embeddable":true,"href":"https:\/\/car-2.de\/shop\/wp-json\/wp\/v2\/media\/52892"}],"wp:attachment":[{"href":"https:\/\/car-2.de\/shop\/wp-json\/wp\/v2\/media?parent=32492"}],"wp:term":[{"taxonomy":"product_brand","embeddable":true,"href":"https:\/\/car-2.de\/shop\/wp-json\/wp\/v2\/product_brand?post=32492"},{"taxonomy":"product_cat","embeddable":true,"href":"https:\/\/car-2.de\/shop\/wp-json\/wp\/v2\/product_cat?post=32492"},{"taxonomy":"product_tag","embeddable":true,"href":"https:\/\/car-2.de\/shop\/wp-json\/wp\/v2\/product_tag?post=32492"}],"curies":[{"name":"wp","href":"https:\/\/api.w.org\/{rel}","templated":true}]}}