{"id":32491,"date":"2025-01-02T02:14:40","date_gmt":"2025-01-02T01:14:40","guid":{"rendered":"http:\/\/automotive.system199.de\/shop\/produkt\/poloshirt-polo-shirt-top-modern-klasse-design-grau-gestreift-groesse-s\/"},"modified":"2025-01-02T02:14:43","modified_gmt":"2025-01-02T01:14:43","slug":"poloshirt-polo-shirt-top-modern-klasse-design-grau-gestreift-groesse-s","status":"publish","type":"product","link":"https:\/\/car-2.de\/shop\/produkt\/poloshirt-polo-shirt-top-modern-klasse-design-grau-gestreift-groesse-s\/","title":{"rendered":"Poloshirt, Polo, Shirt, Top Modern, Klasse Design, grau gestreift Gr\u00f6\u00dfe S"},"content":{"rendered":"<p>Erg\u00e4nzen Sie Ihre Casual-Looks mit dem legeren Poloshirt von FK! Klassische Details wie Rippb\u00fcndchen an den \u00c4rmeln, Seitenschlitze und die Label-Stickerei auf der Brust machen das Modell zu einem zeitlosen Begleiter. Weiche Material sorgt f\u00fcr hohen Tragekomfort. Anziehen und wohlf\u00fchlen!<span style=\"display: inline-block; width: 0px; overflow: hidden; line-height: 0;\" data-mce-type=\"bookmark\" class=\"mce_SELRES_start\">\ufeff<\/span><\/p>\n","protected":false},"excerpt":{"rendered":"<p>Gr\u00f6\u00dfe: SPoloshirt\/Polo\/Shirt50% Cotton, 50% PolyesterVerschiedene Ausf\u00fchrungenF\u00fcr Freizeit und Gesch\u00e4ftTop im Trend liegend, Hoher TragekomfortGr\u00f6\u00dfe: SPoloshirt\/Polo\/Shirt50% Cotton, 50% PolyesterVerschiedene Ausf\u00fchrungenF\u00fcr Freizeit und Gesch\u00e4ftTop im Trend liegend, Hoher Tragekomfort<\/p>\n","protected":false},"featured_media":52885,"comment_status":"closed","ping_status":"open","template":"","meta":[],"product_brand":[],"product_cat":[670,637],"product_tag":[],"class_list":{"0":"post-32491","1":"product","2":"type-product","3":"status-publish","4":"has-post-thumbnail","6":"product_cat-bekleidung","7":"product_cat-sale","8":"pa_kfz-hersteller-universal","9":"pa_kfz-modell-universal","11":"first","12":"instock","13":"purchasable","14":"product-type-simple"},"_links":{"self":[{"href":"https:\/\/car-2.de\/shop\/wp-json\/wp\/v2\/product\/32491","targetHints":{"allow":["GET"]}}],"collection":[{"href":"https:\/\/car-2.de\/shop\/wp-json\/wp\/v2\/product"}],"about":[{"href":"https:\/\/car-2.de\/shop\/wp-json\/wp\/v2\/types\/product"}],"replies":[{"embeddable":true,"href":"https:\/\/car-2.de\/shop\/wp-json\/wp\/v2\/comments?post=32491"}],"wp:featuredmedia":[{"embeddable":true,"href":"https:\/\/car-2.de\/shop\/wp-json\/wp\/v2\/media\/52885"}],"wp:attachment":[{"href":"https:\/\/car-2.de\/shop\/wp-json\/wp\/v2\/media?parent=32491"}],"wp:term":[{"taxonomy":"product_brand","embeddable":true,"href":"https:\/\/car-2.de\/shop\/wp-json\/wp\/v2\/product_brand?post=32491"},{"taxonomy":"product_cat","embeddable":true,"href":"https:\/\/car-2.de\/shop\/wp-json\/wp\/v2\/product_cat?post=32491"},{"taxonomy":"product_tag","embeddable":true,"href":"https:\/\/car-2.de\/shop\/wp-json\/wp\/v2\/product_tag?post=32491"}],"curies":[{"name":"wp","href":"https:\/\/api.w.org\/{rel}","templated":true}]}}