{"id":32441,"date":"2025-01-10T13:34:57","date_gmt":"2025-01-10T12:34:57","guid":{"rendered":"http:\/\/automotive.system199.de\/shop\/produkt\/scheinwerfer-set-daylight-led-tfl-optik-vw-golf-5-typ-1k-03-08-chrom-fuer-rechtslenker\/"},"modified":"2025-01-10T13:35:00","modified_gmt":"2025-01-10T12:35:00","slug":"scheinwerfer-set-daylight-led-tfl-optik-vw-golf-5-typ-1k-03-08-chrom-fuer-rechtslenker","status":"publish","type":"product","link":"https:\/\/car-2.de\/shop\/produkt\/scheinwerfer-set-daylight-led-tfl-optik-vw-golf-5-typ-1k-03-08-chrom-fuer-rechtslenker\/","title":{"rendered":"Scheinwerfer Set Daylight LED TFL-Optik VW Golf 5 Typ 1K  03-08 chrom f\u00fcr Rechtslenker"},"content":{"rendered":"<p><span style=\"display: inline-block; width: 0px; overflow: hidden; line-height: 0;\" data-mce-type=\"bookmark\" class=\"mce_SELRES_start\">\ufeff<\/span><\/p>\n","protected":false},"excerpt":{"rendered":"<p>f\u00fcr VW Golf 5f\u00fcr Rechtslenkerf\u00fcr Baujahr: 2003 bis 2008Farbe: chrommit E Pr\u00fcfzeichen (eintragungsfrei)mit elektr. Leuchtweitenregulierung inkl. StellmotorE13021Daylight Scheinwerfer mit LED Standlichtf\u00fcr VW Golf 5f\u00fcr Rechtslenkerf\u00fcr Baujahr: 2003 bis 2008Farbe: chrommit E Pr\u00fcfzeichen (eintragungsfrei)mit elektr. Leuchtweitenregulierung inkl. StellmotorE13021Daylight Scheinwerfer mit LED Standlicht<\/p>\n","protected":false},"featured_media":52550,"comment_status":"closed","ping_status":"open","template":"","meta":[],"product_brand":[],"product_cat":[633,634],"product_tag":[],"class_list":{"0":"post-32441","1":"product","2":"type-product","3":"status-publish","4":"has-post-thumbnail","6":"product_cat-beleuchtung-tuning","7":"product_cat-scheinwerfer","8":"pa_kfz-hersteller-vw","9":"pa_kfz-modell-golf-5","11":"first","12":"instock","13":"purchasable","14":"product-type-simple"},"_links":{"self":[{"href":"https:\/\/car-2.de\/shop\/wp-json\/wp\/v2\/product\/32441","targetHints":{"allow":["GET"]}}],"collection":[{"href":"https:\/\/car-2.de\/shop\/wp-json\/wp\/v2\/product"}],"about":[{"href":"https:\/\/car-2.de\/shop\/wp-json\/wp\/v2\/types\/product"}],"replies":[{"embeddable":true,"href":"https:\/\/car-2.de\/shop\/wp-json\/wp\/v2\/comments?post=32441"}],"wp:featuredmedia":[{"embeddable":true,"href":"https:\/\/car-2.de\/shop\/wp-json\/wp\/v2\/media\/52550"}],"wp:attachment":[{"href":"https:\/\/car-2.de\/shop\/wp-json\/wp\/v2\/media?parent=32441"}],"wp:term":[{"taxonomy":"product_brand","embeddable":true,"href":"https:\/\/car-2.de\/shop\/wp-json\/wp\/v2\/product_brand?post=32441"},{"taxonomy":"product_cat","embeddable":true,"href":"https:\/\/car-2.de\/shop\/wp-json\/wp\/v2\/product_cat?post=32441"},{"taxonomy":"product_tag","embeddable":true,"href":"https:\/\/car-2.de\/shop\/wp-json\/wp\/v2\/product_tag?post=32441"}],"curies":[{"name":"wp","href":"https:\/\/api.w.org\/{rel}","templated":true}]}}