{"id":32407,"date":"2025-01-02T02:13:59","date_gmt":"2025-01-02T01:13:59","guid":{"rendered":"http:\/\/automotive.system199.de\/shop\/produkt\/scheinwerfer-set-daylight-led-tfl-optik-porsche-boxster-987-04-08-silber\/"},"modified":"2025-01-02T02:14:03","modified_gmt":"2025-01-02T01:14:03","slug":"scheinwerfer-set-daylight-led-tfl-optik-porsche-boxster-987-04-08-silber","status":"publish","type":"product","link":"https:\/\/car-2.de\/shop\/produkt\/scheinwerfer-set-daylight-led-tfl-optik-porsche-boxster-987-04-08-silber\/","title":{"rendered":"Scheinwerfer Set Daylight LED TFL-Optik Porsche Boxster (987)  04-08 silber"},"content":{"rendered":"<p><span style=\"display: inline-block; width: 0px; overflow: hidden; line-height: 0;\" data-mce-type=\"bookmark\" class=\"mce_SELRES_start\">\ufeff<\/span><\/p>\n","protected":false},"excerpt":{"rendered":"<p>Daylight Scheinwerfer mit LED Standlichtf\u00fcr Porsche Boxster (987) Baujahr 2004 bis 2008Farbe: silbermit E Pr\u00fcfzeichen (eintragungsfrei)links + rechts (Set)mit elektr. Leuchtweitenregulierung ohne Stellmotor, original Motor muss \u00fcbernommen werdenDaylight Scheinwerfer mit LED Standlichtf\u00fcr Porsche Boxster (987) Baujahr 2004 bis 2008Farbe: silbermit E Pr\u00fcfzeichen (eintragungsfrei)links + rechts (Set)mit elektr. Leuchtweitenregulierung ohne Stellmotor, original Motor muss \u00fcbernommen werden<\/p>\n","protected":false},"featured_media":52170,"comment_status":"closed","ping_status":"open","template":"","meta":[],"product_brand":[],"product_cat":[633,634],"product_tag":[],"class_list":{"0":"post-32407","1":"product","2":"type-product","3":"status-publish","4":"has-post-thumbnail","6":"product_cat-beleuchtung-tuning","7":"product_cat-scheinwerfer","8":"pa_kfz-hersteller-porsche","9":"pa_kfz-modell-boxster-987","11":"first","12":"instock","13":"purchasable","14":"product-type-simple"},"_links":{"self":[{"href":"https:\/\/car-2.de\/shop\/wp-json\/wp\/v2\/product\/32407","targetHints":{"allow":["GET"]}}],"collection":[{"href":"https:\/\/car-2.de\/shop\/wp-json\/wp\/v2\/product"}],"about":[{"href":"https:\/\/car-2.de\/shop\/wp-json\/wp\/v2\/types\/product"}],"replies":[{"embeddable":true,"href":"https:\/\/car-2.de\/shop\/wp-json\/wp\/v2\/comments?post=32407"}],"wp:featuredmedia":[{"embeddable":true,"href":"https:\/\/car-2.de\/shop\/wp-json\/wp\/v2\/media\/52170"}],"wp:attachment":[{"href":"https:\/\/car-2.de\/shop\/wp-json\/wp\/v2\/media?parent=32407"}],"wp:term":[{"taxonomy":"product_brand","embeddable":true,"href":"https:\/\/car-2.de\/shop\/wp-json\/wp\/v2\/product_brand?post=32407"},{"taxonomy":"product_cat","embeddable":true,"href":"https:\/\/car-2.de\/shop\/wp-json\/wp\/v2\/product_cat?post=32407"},{"taxonomy":"product_tag","embeddable":true,"href":"https:\/\/car-2.de\/shop\/wp-json\/wp\/v2\/product_tag?post=32407"}],"curies":[{"name":"wp","href":"https:\/\/api.w.org\/{rel}","templated":true}]}}