{"id":32336,"date":"2025-01-02T02:13:43","date_gmt":"2025-01-02T01:13:43","guid":{"rendered":"http:\/\/automotive.system199.de\/shop\/produkt\/scheinwerfer-set-daylight-led-tfl-optik-ford-focus-3-4-5-trg-01-04-schwarz-fuer-rechtslenker\/"},"modified":"2025-01-02T02:13:48","modified_gmt":"2025-01-02T01:13:48","slug":"scheinwerfer-set-daylight-led-tfl-optik-ford-focus-3-4-5-trg-01-04-schwarz-fuer-rechtslenker","status":"publish","type":"product","link":"https:\/\/car-2.de\/shop\/produkt\/scheinwerfer-set-daylight-led-tfl-optik-ford-focus-3-4-5-trg-01-04-schwarz-fuer-rechtslenker\/","title":{"rendered":"Scheinwerfer Set Daylight LED TFL-Optik Ford Focus 3\/4\/5-trg.  01-04 schwarz f\u00fcr Rechtslenker"},"content":{"rendered":"<p><span style=\"display: inline-block; width: 0px; overflow: hidden; line-height: 0;\" data-mce-type=\"bookmark\" class=\"mce_SELRES_start\">\ufeff<\/span><\/p>\n","protected":false},"excerpt":{"rendered":"<p>f\u00fcr Ford Focus 1 (C170)f\u00fcr Baujahr: 2001 bis 2004mit E Pr\u00fcfzeichen (eintragungsfrei)mit elektr. Leuchtweitenregulierung ohne StellmotorFarbe: schwarzmit integriertem Blinkerf\u00fcr RechtslenkerDaylight Scheinwerfer mit LED Standlichtf\u00fcr Ford Focus 1 (C170)f\u00fcr Baujahr: 2001 bis 2004mit E Pr\u00fcfzeichen (eintragungsfrei)mit elektr. Leuchtweitenregulierung ohne StellmotorFarbe: schwarzmit integriertem Blinkerf\u00fcr RechtslenkerDaylight Scheinwerfer mit LED Standlicht<\/p>\n","protected":false},"featured_media":51920,"comment_status":"closed","ping_status":"open","template":"","meta":[],"product_brand":[],"product_cat":[633,634],"product_tag":[],"class_list":{"0":"post-32336","1":"product","2":"type-product","3":"status-publish","4":"has-post-thumbnail","6":"product_cat-beleuchtung-tuning","7":"product_cat-scheinwerfer","8":"pa_kfz-hersteller-ford","9":"pa_kfz-modell-focus-1-c170","11":"first","12":"instock","13":"purchasable","14":"product-type-simple"},"_links":{"self":[{"href":"https:\/\/car-2.de\/shop\/wp-json\/wp\/v2\/product\/32336","targetHints":{"allow":["GET"]}}],"collection":[{"href":"https:\/\/car-2.de\/shop\/wp-json\/wp\/v2\/product"}],"about":[{"href":"https:\/\/car-2.de\/shop\/wp-json\/wp\/v2\/types\/product"}],"replies":[{"embeddable":true,"href":"https:\/\/car-2.de\/shop\/wp-json\/wp\/v2\/comments?post=32336"}],"wp:featuredmedia":[{"embeddable":true,"href":"https:\/\/car-2.de\/shop\/wp-json\/wp\/v2\/media\/51920"}],"wp:attachment":[{"href":"https:\/\/car-2.de\/shop\/wp-json\/wp\/v2\/media?parent=32336"}],"wp:term":[{"taxonomy":"product_brand","embeddable":true,"href":"https:\/\/car-2.de\/shop\/wp-json\/wp\/v2\/product_brand?post=32336"},{"taxonomy":"product_cat","embeddable":true,"href":"https:\/\/car-2.de\/shop\/wp-json\/wp\/v2\/product_cat?post=32336"},{"taxonomy":"product_tag","embeddable":true,"href":"https:\/\/car-2.de\/shop\/wp-json\/wp\/v2\/product_tag?post=32336"}],"curies":[{"name":"wp","href":"https:\/\/api.w.org\/{rel}","templated":true}]}}