{"id":32239,"date":"2025-01-02T02:13:20","date_gmt":"2025-01-02T01:13:20","guid":{"rendered":"http:\/\/automotive.system199.de\/shop\/produkt\/scheinwerfer-set-bmw-x5-e53-98-02-chrom\/"},"modified":"2025-01-02T02:13:20","modified_gmt":"2025-01-02T01:13:20","slug":"scheinwerfer-set-bmw-x5-e53-98-02-chrom","status":"publish","type":"product","link":"https:\/\/car-2.de\/shop\/produkt\/scheinwerfer-set-bmw-x5-e53-98-02-chrom\/","title":{"rendered":"Scheinwerfer Set BMW X5 E53  98-02 chrom"},"content":{"rendered":"<p><span style=\"display: inline-block; width: 0px; overflow: hidden; line-height: 0;\" data-mce-type=\"bookmark\" class=\"mce_SELRES_start\">\ufeff<\/span><\/p>\n","protected":false},"excerpt":{"rendered":"<p>f\u00fcr BMW X5 E53f\u00fcr Baujahr: 1998 bis 2002Farbe: chrommit E Pr\u00fcfzeichenmit elektr. Leuchtweitenregulierung inkl. Stellmotorlinks + rechts (Set)Design ScheinwerferTop Qualit\u00e4t und Designf\u00fcr BMW X5 E53f\u00fcr Baujahr: 1998 bis 2002Farbe: chrommit E Pr\u00fcfzeichenmit elektr. Leuchtweitenregulierung inkl. Stellmotorlinks + rechts (Set)Design ScheinwerferTop Qualit\u00e4t und Design<\/p>\n","protected":false},"featured_media":51335,"comment_status":"closed","ping_status":"open","template":"","meta":[],"product_brand":[],"product_cat":[633,634],"product_tag":[],"class_list":{"0":"post-32239","1":"product","2":"type-product","3":"status-publish","4":"has-post-thumbnail","6":"product_cat-beleuchtung-tuning","7":"product_cat-scheinwerfer","8":"pa_kfz-hersteller-bmw","9":"pa_kfz-modell-x5-e53","11":"first","12":"instock","13":"purchasable","14":"product-type-simple"},"_links":{"self":[{"href":"https:\/\/car-2.de\/shop\/wp-json\/wp\/v2\/product\/32239","targetHints":{"allow":["GET"]}}],"collection":[{"href":"https:\/\/car-2.de\/shop\/wp-json\/wp\/v2\/product"}],"about":[{"href":"https:\/\/car-2.de\/shop\/wp-json\/wp\/v2\/types\/product"}],"replies":[{"embeddable":true,"href":"https:\/\/car-2.de\/shop\/wp-json\/wp\/v2\/comments?post=32239"}],"wp:featuredmedia":[{"embeddable":true,"href":"https:\/\/car-2.de\/shop\/wp-json\/wp\/v2\/media\/51335"}],"wp:attachment":[{"href":"https:\/\/car-2.de\/shop\/wp-json\/wp\/v2\/media?parent=32239"}],"wp:term":[{"taxonomy":"product_brand","embeddable":true,"href":"https:\/\/car-2.de\/shop\/wp-json\/wp\/v2\/product_brand?post=32239"},{"taxonomy":"product_cat","embeddable":true,"href":"https:\/\/car-2.de\/shop\/wp-json\/wp\/v2\/product_cat?post=32239"},{"taxonomy":"product_tag","embeddable":true,"href":"https:\/\/car-2.de\/shop\/wp-json\/wp\/v2\/product_tag?post=32239"}],"curies":[{"name":"wp","href":"https:\/\/api.w.org\/{rel}","templated":true}]}}