{"id":32234,"date":"2025-01-10T13:34:13","date_gmt":"2025-01-10T12:34:13","guid":{"rendered":"http:\/\/automotive.system199.de\/shop\/produkt\/scheinwerfer-set-bmw-3er-e46-limo-touring-02-05-chrom\/"},"modified":"2025-01-10T13:34:15","modified_gmt":"2025-01-10T12:34:15","slug":"scheinwerfer-set-bmw-3er-e46-limo-touring-02-05-chrom","status":"publish","type":"product","link":"https:\/\/car-2.de\/shop\/produkt\/scheinwerfer-set-bmw-3er-e46-limo-touring-02-05-chrom\/","title":{"rendered":"Scheinwerfer Set BMW 3er E46 Limo\/Touring  02-05 chrom"},"content":{"rendered":"<p><span style=\"display: inline-block; width: 0px; overflow: hidden; line-height: 0;\" data-mce-type=\"bookmark\" class=\"mce_SELRES_start\">\ufeff<\/span><\/p>\n","protected":false},"excerpt":{"rendered":"<p>f\u00fcr BMW 3er E46f\u00fcr Baujahr 2002 bis 2005Farbe: chrommit E Pr\u00fcfzeichen, OHNE elektr. Leuchtweitenregulierung, Einbaum\u00f6glichkeit mit Fahrzeughersteller\/Zulassungsstelle vor Einbau kl\u00e4renlinks + rechts (Set)Design Scheinwerferf\u00fcr BMW 3er E46f\u00fcr Baujahr 2002 bis 2005Farbe: chrommit E Pr\u00fcfzeichen, OHNE elektr. Leuchtweitenregulierung, Einbaum\u00f6glichkeit mit Fahrzeughersteller\/Zulassungsstelle vor Einbau kl\u00e4renlinks + rechts (Set)Design Scheinwerfer<\/p>\n","protected":false},"featured_media":51366,"comment_status":"closed","ping_status":"open","template":"","meta":[],"product_brand":[],"product_cat":[633,634],"product_tag":[],"class_list":{"0":"post-32234","1":"product","2":"type-product","3":"status-publish","4":"has-post-thumbnail","6":"product_cat-beleuchtung-tuning","7":"product_cat-scheinwerfer","8":"pa_kfz-hersteller-bmw","9":"pa_kfz-modell-3er-e46","11":"first","12":"instock","13":"purchasable","14":"product-type-simple"},"_links":{"self":[{"href":"https:\/\/car-2.de\/shop\/wp-json\/wp\/v2\/product\/32234","targetHints":{"allow":["GET"]}}],"collection":[{"href":"https:\/\/car-2.de\/shop\/wp-json\/wp\/v2\/product"}],"about":[{"href":"https:\/\/car-2.de\/shop\/wp-json\/wp\/v2\/types\/product"}],"replies":[{"embeddable":true,"href":"https:\/\/car-2.de\/shop\/wp-json\/wp\/v2\/comments?post=32234"}],"wp:featuredmedia":[{"embeddable":true,"href":"https:\/\/car-2.de\/shop\/wp-json\/wp\/v2\/media\/51366"}],"wp:attachment":[{"href":"https:\/\/car-2.de\/shop\/wp-json\/wp\/v2\/media?parent=32234"}],"wp:term":[{"taxonomy":"product_brand","embeddable":true,"href":"https:\/\/car-2.de\/shop\/wp-json\/wp\/v2\/product_brand?post=32234"},{"taxonomy":"product_cat","embeddable":true,"href":"https:\/\/car-2.de\/shop\/wp-json\/wp\/v2\/product_cat?post=32234"},{"taxonomy":"product_tag","embeddable":true,"href":"https:\/\/car-2.de\/shop\/wp-json\/wp\/v2\/product_tag?post=32234"}],"curies":[{"name":"wp","href":"https:\/\/api.w.org\/{rel}","templated":true}]}}