{"id":32127,"date":"2025-01-02T02:12:49","date_gmt":"2025-01-02T01:12:49","guid":{"rendered":"http:\/\/automotive.system199.de\/shop\/produkt\/kinderautositz-babyschale-autositz-schwarz-weiss-lila-gruppe-0-0-13-kg\/"},"modified":"2025-01-02T02:12:51","modified_gmt":"2025-01-02T01:12:51","slug":"kinderautositz-babyschale-autositz-schwarz-weiss-lila-gruppe-0-0-13-kg","status":"publish","type":"product","link":"https:\/\/car-2.de\/shop\/produkt\/kinderautositz-babyschale-autositz-schwarz-weiss-lila-gruppe-0-0-13-kg\/","title":{"rendered":"Kinderautositz Babyschale Autositz schwarz\/wei\u00df\/lila Gruppe 0+, 0-13 kg"},"content":{"rendered":"<p>Artikelbeschreibung:Ob bei der t\u00e4glichen Einkaufstour oder auf langer Fahrt in den Familienurlaub:Eine Sekunde nicht aufgepasst und schon ist es passiert: Sie m\u00fcssen eine Vollbremsung oder ein riskantes Ausweichman\u00f6ver einlegen.Damit Ihre Kleinen dabei optimal gesch\u00fctzt sind und nicht durch die Sicherheitsgurte rutschen, ist der passende Kindersitz ein absolutes Muss.Ein FK Automotive Kindersitz sch\u00fctzt Ihren kleinen Liebling perfekt, da er je nach K\u00f6rpergr\u00f6\u00dfe individuell einstellbar ist und \u201emitw\u00e4chst\u201c.Die Gurt- und Schlosspolsterungen sorgen f\u00fcr optimalen Seitenaufprallschutz und verbessern den Sitzkomfort, was sich sp\u00e4testens bei dern\u00e4chsten l\u00e4ngeren Autofahrt bemerkbar machen wird. Auch die ausgepr\u00e4gten Seitenst\u00fctzen garantieren herausragende Sicherheit f\u00fcr Ihrenkleinen Passagier. Die erstklassige Verarbeitung und die sportliche Optik machen einen FK Kindersitz zu einem potentiellen Lieblingsst\u00fcckUnsere Kindersitze gibt es in vielen bunten, fr\u00f6hlichen Farben und mit praktischen, pflegeleichten Bez\u00fcgen aus Kunststoff\/Polyester. Details:- buntes, kindgerechtes Design- H\u00f6chste Sicherheit durch individuell einstellbare H\u00f6he der Schultergurte- Wird von standardm\u00e4\u00dfig eingebauten 3-Punkt-Sicherheitsgurt gehalten- Abnehmbarer Gurt- Schutz von sensiblen K\u00f6rperpartien wie Schulter, Becken, Hals- und Lendenwirbels\u00e4ule- hoher Sitzkomfort durch dicke Polsterung- extrem strapazierf\u00e4hige und pfegeleichte Bezugsstoffe- Bezug abnehmbar bei 30\u00b0 in der Maschine waschbar- in vielen verschiedenen, sch\u00f6nen Farben erh\u00e4ltlich, z.B.: schwarz\/wei\u00df\/pink, hellgrau\/dunkelgrau, schwarz\/wei\u00df\/blau, mit unterschiedlichen Kreismustern, etc.- sehr gutes Preis-Leistungsverh\u00e4ltnis- qualitativ hochwertige Verarbeitung- Neu und OVP- Sofort lieferbarLieferumfang:1 x FK Kindersicherheitssitz1 x MontageanleitungHinweise:Ein FK Autokindersitz ist nur passend f\u00fcr nach UN\/CE Regelung Nr.16 oder vergleichbaren Standards zugelassende Fahrzeugemit 3-Punkte-Gurtsystem.Bitte beachten Sie die Hinweise auf der Bedienungsanleitung.Wir freuen uns auf Ihren Besuch in unserem Online-Shop.Dort finden Sie ein breites Sortiment an Artikeln aus dem Bereich Rennsport- und Leistungstuning, wie zum Beispiel Sportfahrwerke, Tieferlegungsfedern, Domlager Tieferlegung, Federwegbegrenzung, Koppelstangen und StabilisatorSchauen Sie einfach mal vorbei und \u00fcberzeugen Sie sich selbst!<span style=\"display: inline-block; width: 0px; overflow: hidden; line-height: 0;\" data-mce-type=\"bookmark\" class=\"mce_SELRES_start\">\ufeff<\/span><\/p>\n","protected":false},"excerpt":{"rendered":"<p>Farbe: schwarz\/wei\u00df\/lila KreismusterZugelassen nach ECE R44\/04Gruppe: 0+ (0 bis 12 Monate\/0 bis 13 kg)Sitzgr\u00f6\u00dfe: 610x430x510mmMaterial: Kunstoff\/PolyesterMaximale Sicherheit f\u00fcr die KleinenFarbe: schwarz\/wei\u00df\/lila KreismusterZugelassen nach ECE R44\/04Gruppe: 0+ (0 bis 12 Monate\/0 bis 13 kg)Sitzgr\u00f6\u00dfe: 610x430x510mmMaterial: Kunstoff\/PolyesterMaximale Sicherheit f\u00fcr die Kleinen<\/p>\n","protected":false},"featured_media":50853,"comment_status":"closed","ping_status":"open","template":"","meta":[],"product_brand":[],"product_cat":[672,655],"product_tag":[],"class_list":{"0":"post-32127","1":"product","2":"type-product","3":"status-publish","4":"has-post-thumbnail","6":"product_cat-kindersitz","7":"product_cat-sportsitze-gurte","8":"pa_kfz-hersteller-universal","9":"pa_kfz-modell-universal","11":"first","12":"instock","13":"purchasable","14":"product-type-simple"},"_links":{"self":[{"href":"https:\/\/car-2.de\/shop\/wp-json\/wp\/v2\/product\/32127","targetHints":{"allow":["GET"]}}],"collection":[{"href":"https:\/\/car-2.de\/shop\/wp-json\/wp\/v2\/product"}],"about":[{"href":"https:\/\/car-2.de\/shop\/wp-json\/wp\/v2\/types\/product"}],"replies":[{"embeddable":true,"href":"https:\/\/car-2.de\/shop\/wp-json\/wp\/v2\/comments?post=32127"}],"wp:featuredmedia":[{"embeddable":true,"href":"https:\/\/car-2.de\/shop\/wp-json\/wp\/v2\/media\/50853"}],"wp:attachment":[{"href":"https:\/\/car-2.de\/shop\/wp-json\/wp\/v2\/media?parent=32127"}],"wp:term":[{"taxonomy":"product_brand","embeddable":true,"href":"https:\/\/car-2.de\/shop\/wp-json\/wp\/v2\/product_brand?post=32127"},{"taxonomy":"product_cat","embeddable":true,"href":"https:\/\/car-2.de\/shop\/wp-json\/wp\/v2\/product_cat?post=32127"},{"taxonomy":"product_tag","embeddable":true,"href":"https:\/\/car-2.de\/shop\/wp-json\/wp\/v2\/product_tag?post=32127"}],"curies":[{"name":"wp","href":"https:\/\/api.w.org\/{rel}","templated":true}]}}