{"id":32118,"date":"2025-01-02T02:12:49","date_gmt":"2025-01-02T01:12:49","guid":{"rendered":"http:\/\/automotive.system199.de\/shop\/produkt\/bremsbelaege-bremsbelagsatz-vorderachse-ford-escort-orion-iii\/"},"modified":"2025-01-02T02:12:50","modified_gmt":"2025-01-02T01:12:50","slug":"bremsbelaege-bremsbelagsatz-vorderachse-ford-escort-orion-iii","status":"publish","type":"product","link":"https:\/\/car-2.de\/shop\/produkt\/bremsbelaege-bremsbelagsatz-vorderachse-ford-escort-orion-iii\/","title":{"rendered":"Bremsbel\u00e4ge Bremsbelagsatz Vorderachse Ford Escort Orion III"},"content":{"rendered":"<p>Die Sicherheit eines Fahrzeugs sollte im Stra\u00dfenverkehr immer an erster Stelle stehen. Ein verantwortungsvoller Fahrer sorgt immer daf\u00fcr, dass Fahrzeugteile, die an erster Stelle der Sicherheit dienen, sich immer in tadellosem Zustand befinden. Der einwandfreie Zustand von Bremsscheiben und Bremsbel\u00e4gen hat deshalb einen besonders hohen Stellenwert. Wer zudem noch einen sportlichen Fahrstil hat, braucht ganz besonders gute Bremsscheiben und Bremsbel\u00e4ge. F\u00fcr Fahrer mit einem sportlichen Fahrstil lohnt es sich daher sich Sport Bremsscheiben und Sport Bremsbel\u00e4ge zuzulegen. Wir bieten Ihnen qualitativ hochwertige Sport Bremsscheiben und Sport Bremsbel\u00e4ge in unserem FK Online Shop f\u00fcr Tuning und sportliches Autozubeh\u00f6r an. Unsere Sport Bremsscheiben wurden mit Erkenntnissen aus dem Motorsport entwickelt. Die gelochte Bremsfl\u00e4che unserer Sport Bremsscheiben verbessert die Bremswirkung entscheidend. Die L\u00f6cher sorgen daf\u00fcr, dass der Abrieb des Bremsbelags kontinuierlich entfernt wird. Das sorgt f\u00fcr eine deutlich verbesserte W\u00e4rmef\u00fchrung bei den Bremsscheiben. Die gelochte Oberfl\u00e4che verleiht Ihrem Fahrzeug au\u00dferdem zus\u00e4tzlich einen sportlicheren Look. Wir haben Sport Bremsscheiben f\u00fcr eine Vielzahl von Automarken und Fahrzeugmodellen. Sie erhalten die Sport Bremsscheiben im 2er Set f\u00fcr die Vorder- oder Hinterachse, je nach Fahrzeugmodell. Die Sportbremsscheiben werden zum gr\u00f6\u00dften Teil mit ABE geliefert. Sie sind zudem mit Serien &#8211; Bremsbel\u00e4gen kompatibel. Allerdings wird die Wirkung von Sport Bremsscheiben in Verbindung mit Sport Bremsbel\u00e4gen deutlich verbessert. Die passenden Sport Bremsbel\u00e4ge k\u00f6nnen selbstverst\u00e4ndlich ebenfalls in unserem Online Shop erworben werden. Sie erhalten unsere Sport Bremsbel\u00e4ge f\u00fcr verschiedene Automarken und Fahrzeugmodelle. Sie werden, analog zu den Bremsscheiben, im 2er Set geliefert. Selbstverst\u00e4ndlich werden auch unsere Sport Bremsbel\u00e4ge in gewohnt hoher Qualit\u00e4t geliefert. F\u00fcr weiteres sportliches Autozubeh\u00f6r sollten Sie einen Blick in unseren Online Shop werfen, wir haben in allen Bereichen ein breit gef\u00e4chertes Sortiment.<span style=\"display: inline-block; width: 0px; overflow: hidden; line-height: 0;\" data-mce-type=\"bookmark\" class=\"mce_SELRES_start\">\ufeff<\/span><\/p>\n","protected":false},"excerpt":{"rendered":"<p>f\u00fcr Ford Escort 3Satz bestehend aus 2 Bel\u00e4gen f\u00fcr 1 BremseEinbauort: Vorderachsemit E Pr\u00fcfzeichen (eintragungsfrei)Originalteilenummer zum Vergleich: 5023998f\u00fcr Ford Escort 3Satz bestehend aus 2 Bel\u00e4gen f\u00fcr 1 BremseEinbauort: Vorderachsemit E Pr\u00fcfzeichen (eintragungsfrei)Originalteilenummer zum Vergleich: 5023998<\/p>\n","protected":false},"featured_media":50839,"comment_status":"closed","ping_status":"open","template":"","meta":[],"product_brand":[],"product_cat":[],"product_tag":[],"class_list":{"0":"post-32118","1":"product","2":"type-product","3":"status-publish","4":"has-post-thumbnail","6":"pa_kfz-hersteller-ford","7":"pa_kfz-modell-escort-3","9":"first","10":"instock","11":"purchasable","12":"product-type-simple"},"_links":{"self":[{"href":"https:\/\/car-2.de\/shop\/wp-json\/wp\/v2\/product\/32118","targetHints":{"allow":["GET"]}}],"collection":[{"href":"https:\/\/car-2.de\/shop\/wp-json\/wp\/v2\/product"}],"about":[{"href":"https:\/\/car-2.de\/shop\/wp-json\/wp\/v2\/types\/product"}],"replies":[{"embeddable":true,"href":"https:\/\/car-2.de\/shop\/wp-json\/wp\/v2\/comments?post=32118"}],"wp:featuredmedia":[{"embeddable":true,"href":"https:\/\/car-2.de\/shop\/wp-json\/wp\/v2\/media\/50839"}],"wp:attachment":[{"href":"https:\/\/car-2.de\/shop\/wp-json\/wp\/v2\/media?parent=32118"}],"wp:term":[{"taxonomy":"product_brand","embeddable":true,"href":"https:\/\/car-2.de\/shop\/wp-json\/wp\/v2\/product_brand?post=32118"},{"taxonomy":"product_cat","embeddable":true,"href":"https:\/\/car-2.de\/shop\/wp-json\/wp\/v2\/product_cat?post=32118"},{"taxonomy":"product_tag","embeddable":true,"href":"https:\/\/car-2.de\/shop\/wp-json\/wp\/v2\/product_tag?post=32118"}],"curies":[{"name":"wp","href":"https:\/\/api.w.org\/{rel}","templated":true}]}}