{"id":32095,"date":"2025-01-02T02:12:43","date_gmt":"2025-01-02T01:12:43","guid":{"rendered":"http:\/\/automotive.system199.de\/shop\/produkt\/led-kennzeichenbeleuchtung-bmw-3er-e90-e91-05-09\/"},"modified":"2025-01-02T02:12:46","modified_gmt":"2025-01-02T01:12:46","slug":"led-kennzeichenbeleuchtung-bmw-3er-e90-e91-05-09","status":"publish","type":"product","link":"https:\/\/car-2.de\/shop\/produkt\/led-kennzeichenbeleuchtung-bmw-3er-e90-e91-05-09\/","title":{"rendered":"LED Kennzeichenbeleuchtung BMW 3er E90\/E91  05-09"},"content":{"rendered":"<p>In nahezu allen europ\u00e4ischen Staaten ist die Kennzeichenbeleuchtung f\u00fcr Kraftfahrzeuge vorgeschrieben. Dieser Tatsache liegt vor allem ein Sicherheitsaspekt zugrunde, den die Kennzeichenbeleuchtung durch die bessere Sicht- und Lesbarkeit gew\u00e4hrleistet. Wir bieten Ihnen in unserem Online Shop LED Kennzeichenbeleuchtungen an. Die Vorteile der LED Technik sind vielf\u00e4ltig. Sie gew\u00e4hrleistet vor allem einen geringeren Stromverbrauch im Vergleich zu herk\u00f6mmlichen Beleuchtungstechniken, zudem haben LED Kennzeichenbeleuchtungen ein deutlich h\u00f6here Lebensdauer, sie sind gegen\u00fcber Ersch\u00fctterungen nicht empfindlich und haben eine geringere W\u00e4rmeentwicklung. Sie erhalten unsere Produkte in gewohnt hoher Qualit\u00e4t und mit top Verarbeitung, sowie einem ansprechenden Design zu einem fairen Preis. Beim Kauf einer unserer LED Kennzeichenbeleuchtung erhalten sie entweder 2&#215;18 LEDs oder 2&#215;24 LEDs, je nach Automarke und Fahrzeugmodell. Unsere LED Kennzeichenbeleuchtungen werden bereits installationsbereit geliefert, so dass Sie den Artikel gleich nach Erhalt einbauen und in Betrieb nehmen k\u00f6nnen. In unserem Online Shop der FK Automotive, k\u00f6nnen Sie f\u00fcr eine gro\u00dfe Anzahl an Automarken und Fahrzeugmodellen LED Kennzeichenbeleuchtungen finden. Wir haben LED Kennzeichenbeleuchtungen f\u00fcr Audi, BMW, Mercedes Benz, Mini, Porsche und VW anzubieten. F\u00fcr den Fall, dass Sie sich generell f\u00fcr LED Beleuchtungen und LED Beleuchtungszubeh\u00f6r, interessieren, sind Sie in unserem Online Shop genau richtig. Wir bieten zahlreiche Artikel an, die mit LED Technik funktionieren. Darunter Scheinwerfer, R\u00fcckleuchten, Front- und Seitenblinker, Bremsleuchten sowie verschiedene LED Nachr\u00fcstkits. Wir k\u00f6nnen Ihnen in unserem Online Shop neben den Artikeln mit Led Technik ebenso Xenon Produkte und viele weitere Artikel rund um das optische Leuchtentuning anbieten. Schauen Sie doch einfach in unserem Online Shop vorbei.<span style=\"display: inline-block; width: 0px; overflow: hidden; line-height: 0;\" data-mce-type=\"bookmark\" class=\"mce_SELRES_start\">\ufeff<\/span><\/p>\n","protected":false},"excerpt":{"rendered":"<p>f\u00fcr BMW 3er E90\/E91f\u00fcr Baujahr 2005 bis 2009mit E Pr\u00fcfzeichen (eintragungsfrei)Zubeh\u00f6r LED KennzeichenbeleuchtungHohe LebensdauerHohe Qualit\u00e4tf\u00fcr BMW 3er E90\/E91f\u00fcr Baujahr 2005 bis 2009mit E Pr\u00fcfzeichen (eintragungsfrei)Zubeh\u00f6r LED KennzeichenbeleuchtungHohe LebensdauerHohe Qualit\u00e4t<\/p>\n","protected":false},"featured_media":50809,"comment_status":"closed","ping_status":"open","template":"","meta":[],"product_brand":[],"product_cat":[633,652],"product_tag":[],"class_list":{"0":"post-32095","1":"product","2":"type-product","3":"status-publish","4":"has-post-thumbnail","6":"product_cat-beleuchtung-tuning","7":"product_cat-birnen-co","8":"pa_kfz-hersteller-bmw","9":"pa_kfz-modell-3er-e90-e91","11":"first","12":"instock","13":"purchasable","14":"product-type-simple"},"_links":{"self":[{"href":"https:\/\/car-2.de\/shop\/wp-json\/wp\/v2\/product\/32095","targetHints":{"allow":["GET"]}}],"collection":[{"href":"https:\/\/car-2.de\/shop\/wp-json\/wp\/v2\/product"}],"about":[{"href":"https:\/\/car-2.de\/shop\/wp-json\/wp\/v2\/types\/product"}],"replies":[{"embeddable":true,"href":"https:\/\/car-2.de\/shop\/wp-json\/wp\/v2\/comments?post=32095"}],"wp:featuredmedia":[{"embeddable":true,"href":"https:\/\/car-2.de\/shop\/wp-json\/wp\/v2\/media\/50809"}],"wp:attachment":[{"href":"https:\/\/car-2.de\/shop\/wp-json\/wp\/v2\/media?parent=32095"}],"wp:term":[{"taxonomy":"product_brand","embeddable":true,"href":"https:\/\/car-2.de\/shop\/wp-json\/wp\/v2\/product_brand?post=32095"},{"taxonomy":"product_cat","embeddable":true,"href":"https:\/\/car-2.de\/shop\/wp-json\/wp\/v2\/product_cat?post=32095"},{"taxonomy":"product_tag","embeddable":true,"href":"https:\/\/car-2.de\/shop\/wp-json\/wp\/v2\/product_tag?post=32095"}],"curies":[{"name":"wp","href":"https:\/\/api.w.org\/{rel}","templated":true}]}}