{"id":31108,"date":"2025-01-02T02:08:47","date_gmt":"2025-01-02T01:08:47","guid":{"rendered":"http:\/\/automotive.system199.de\/shop\/produkt\/spurverbreiterung-distanzscheibe-system-b-20-mm-pro-rad-audi-a4-b6-qb6\/"},"modified":"2025-01-02T02:08:48","modified_gmt":"2025-01-02T01:08:48","slug":"spurverbreiterung-distanzscheibe-system-b-20-mm-pro-rad-audi-a4-b6-qb6","status":"publish","type":"product","link":"https:\/\/car-2.de\/shop\/produkt\/spurverbreiterung-distanzscheibe-system-b-20-mm-pro-rad-audi-a4-b6-qb6\/","title":{"rendered":"Spurverbreiterung Distanzscheibe System B+ 20 mm pro Rad Audi A4 (B6\/QB6)"},"content":{"rendered":"<p>Die Spurverbreiterungen werden in Verbindung mit l\u00e4ngeren Radschrauben an die Original Fahrzeugaufnahme befestigt. Die Montage ist denkbar einfach. Einfach Rad runter, Spurverbreiterung drauf und dann mittels l\u00e4ngeren Radschrauben die Felge auf die Radnabe wieder montieren. Die Spurverbreiterungen werden auf modernsten CNC gesteuerten S\u00e4ge, &#8211; Dreh und Fr\u00e4szentren produziert. L\u00e4ngere Radschrauben bitte gleich mitbestellen! FK bietet 4 verschiedene Spurverbreiterungstypen anSystem A ohne Zentrierung , diese Spurverbreiterung ist eine Art Scheibe auf die das Lochbild Ihres Fahrzeuges integriert ist. Weiter ist der Nabendurchmesser ber\u00fccksichtigt, Bei diesem Fahrzeugtyp ist wichtig das die Seriennabe eine l\u00e4ngere Zentrierung aufweist wie die Spurverbreiterung, so das die Felge \u00fcber die Seriennarbe noch mit zentriert wird. Sollte die Seriennarbe nicht die Felge zentrieren, so muss die Felge \u00fcber die Radschrauben \/ Radbolzen zentriert werden. Das bedeutet das die Schrauben im entlasteten Fahrzeug auf Nenndrehmoment angezogen werden! Befestigungsschrauben nicht im Lieferumfang enthalten.System A mit Zentrierung , diese Spurverbreiterung weist eine Zentrierung auf \u00fcber die dann die Felgen zentriert wird. Dadurch wird ein Rundlauf auch bei hohen Geschwindigkeiten gew\u00e4hrleistet. Bevor Sie eine Spurverbreiterung ohne Zentrierung montieren oder bestellen, ziehen Sie wenn es technisch m\u00f6glich ist immer eine Spurverbreiterung mit Zentrierung vor. Jedoch beachten Sie die Serienh\u00f6he der Nabe. Befestigungsschrauben nicht im Lieferumfang enthalten.System B mit Zentrierung ,bei diesem System wird die Spurverbreiterung mit den mitgelieferten Kurzkopfschrauben direkt an die Radnabe befestigt. Anschlie\u00dfend wird die Felge mittels den Originalen Felgenschrauben auf der Spurverbreiterung befestigt. Wichtig ist das Sie maximal 5-7 Schraubenumdrehungen in der Spurverbreiterung befestigt sind! Dies gilt es vor der Montage zu der Felgen mit der Spurverbreiterung zu pr\u00fcfen.System B+ mit Zentrierung ,bei diesem System wird die Spurverbreiterung mit den mitgelieferten Kurzkopfschrauben direkt an die Radnabe befestigt. Anschlie\u00dfend wird die Felge mittels den Originalen Felgenschrauben auf der Spurverbreiterung befestigt. Die Schraubenbefestigung wird durch eingepresste Stahlbuchen zu 100% gew\u00e4hrleistet! Wichtig ist das Sie maximal 5-7 Schraubenumdrehungen in der Spurverbreiterung befestigt sind! Dies gilt es vor der Montage zu der Felgen mit der Spurverbreiterung zu pr\u00fcfen.Weitere Ausf\u00fchrungsdetails: Material bestehend aus Hochfestigkeitsaluminium das auch im Flugzeugbau eingesetzt wird.Rennstrecken und Festigkeitserprobt und vom T\u00dcV nachgewiesen.Fahrzeugspezifische Spurverbreiterung und keine universal SpurverbreiterungAngaben der Breite immer pro Achse, das hei\u00dft Scheibendicke multipliziert mal zweieinfache Montage binnen Minuten toller Effektwenn die Spurverbreiterung mit Zulassung ist wird das T\u00dcV Gutachten mit geliefertMenge immer zwei Scheiben je Setes k\u00f6nnen Vorderachse und Hinterachse verschiedene Breiten montiert werdenPlan-Parallelit\u00e4t Differenz unter 0,1mmLieferumfang:1 Satz Spurverbreiterungen ( links + rechts f\u00fcr zwei Felgen )<span style=\"display: inline-block; width: 0px; overflow: hidden; line-height: 0;\" data-mce-type=\"bookmark\" class=\"mce_SELRES_start\">\ufeff<\/span><\/p>\n","protected":false},"excerpt":{"rendered":"<p>f\u00fcr Audi A4 (B6\/8E)Farbe: schwarz eloxiertBreite\/Achse 40 mmSpurverbreiterung System B+ m. Zentr.Lochkreis 5\/112 Nabenlochbohrung 57,1 M14x1,5Befestigungsschrauben im LieferumfangBeste Qualit\u00e4tf\u00fcr Audi A4 (B6\/8E)Farbe: schwarz eloxiertBreite\/Achse 40 mmSpurverbreiterung System B+ m. Zentr.Lochkreis 5\/112 Nabenlochbohrung 57,1 M14x1,5Befestigungsschrauben im LieferumfangBeste Qualit\u00e4t<\/p>\n","protected":false},"featured_media":43746,"comment_status":"closed","ping_status":"open","template":"","meta":[],"product_brand":[],"product_cat":[2030,2029],"product_tag":[],"class_list":{"0":"post-31108","1":"product","2":"type-product","3":"status-publish","4":"has-post-thumbnail","6":"product_cat-spurverbreiterungen-tuning-zubehoer","7":"product_cat-tuning-zubehoer","8":"pa_kfz-hersteller-audi","9":"pa_kfz-modell-a4-8e2-b6","10":"pa_kfz-modell-a4-8ec-b7","11":"pa_kfz-modell-a4-avant-8e5-b6","12":"pa_kfz-modell-a4-avant-8ed-b7","14":"first","15":"instock","16":"purchasable","17":"product-type-simple"},"_links":{"self":[{"href":"https:\/\/car-2.de\/shop\/wp-json\/wp\/v2\/product\/31108","targetHints":{"allow":["GET"]}}],"collection":[{"href":"https:\/\/car-2.de\/shop\/wp-json\/wp\/v2\/product"}],"about":[{"href":"https:\/\/car-2.de\/shop\/wp-json\/wp\/v2\/types\/product"}],"replies":[{"embeddable":true,"href":"https:\/\/car-2.de\/shop\/wp-json\/wp\/v2\/comments?post=31108"}],"wp:featuredmedia":[{"embeddable":true,"href":"https:\/\/car-2.de\/shop\/wp-json\/wp\/v2\/media\/43746"}],"wp:attachment":[{"href":"https:\/\/car-2.de\/shop\/wp-json\/wp\/v2\/media?parent=31108"}],"wp:term":[{"taxonomy":"product_brand","embeddable":true,"href":"https:\/\/car-2.de\/shop\/wp-json\/wp\/v2\/product_brand?post=31108"},{"taxonomy":"product_cat","embeddable":true,"href":"https:\/\/car-2.de\/shop\/wp-json\/wp\/v2\/product_cat?post=31108"},{"taxonomy":"product_tag","embeddable":true,"href":"https:\/\/car-2.de\/shop\/wp-json\/wp\/v2\/product_tag?post=31108"}],"curies":[{"name":"wp","href":"https:\/\/api.w.org\/{rel}","templated":true}]}}