{"id":30479,"date":"2025-01-02T02:06:34","date_gmt":"2025-01-02T01:06:34","guid":{"rendered":"http:\/\/automotive.system199.de\/shop\/produkt\/spurverbreiterung-distanzscheibe-system-a-13-mm-pro-rad-fiat-fiorino-146\/"},"modified":"2025-01-02T02:06:37","modified_gmt":"2025-01-02T01:06:37","slug":"spurverbreiterung-distanzscheibe-system-a-13-mm-pro-rad-fiat-fiorino-146","status":"publish","type":"product","link":"https:\/\/car-2.de\/shop\/produkt\/spurverbreiterung-distanzscheibe-system-a-13-mm-pro-rad-fiat-fiorino-146\/","title":{"rendered":"Spurverbreiterung Distanzscheibe System A 13 mm pro Rad Fiat Fiorino (146)"},"content":{"rendered":"<p>Die FK Spurverbreiterungen Made in Germany werden Made in Germany, direkt bei der FK Automotive am Standort Backnang produziert. Die Spurverbreiterungen werden in Verbindung mit l\u00e4ngeren Radschrauben an die Original Fahrzeugaufnahme befestigt. Die Montage ist denkbar einfach. Einfach Rad runter, Spurverbreiterung drauf und dann mittels l\u00e4ngeren Radschrauben die Felge auf die Radnabe wieder montieren. Die Spurverbreiterungen werden auf modernsten CNC gesteuerten S\u00e4ge, &#8211; Dreh und Fr\u00e4szentrums Made in Germany produziert. L\u00e4ngere Radschrauben bitte gleich mitbestellen! FK bietet 4 verschiedene Spurverbreiterungstypen anSystem A ohne Zentrierung , diese Spurverbreiterung ist eine Art Scheibe auf die das Lochbild Ihres Fahrzeuges integriert ist. Weiter ist der Nabendurchmesser ber\u00fccksichtigt, Bei diesem Fahrzeugtyp ist wichtig das die Seriennarbe eine l\u00e4ngere Zentrierung aufweist wie die Spurverbreiterung, so das die Felge \u00fcber die Seriennarbe noch mit zentriert wird. Sollte die Seriennarbe nicht die Felge zentrieren, so muss die Felge \u00fcber die Radschrauben \/ Radbolzen zentriert werden. Das bedeutet das die Schrauben im entlasteten Fahrzeug auf Nenndrehmoment angezogen werden!System A mit Zentrierung , diese Spurverbreiterung weist eine Zentrierung auf \u00fcber die dann die Felgen zentriert wird. Dadurch wird ein Rundlauf auch bei hohen Geschwindigkeiten gew\u00e4hrleistet. Bevor Sie eine Spurverbreiterung ohne Zentrierung montieren oder bestellen, ziehen Sie wenn es technisch m\u00f6glich ist immer eine Spurverbreiterung mit Zentrierung vor. Jedoch beachten Sie die Serienh\u00f6he der Narbe. System B mit Zentrierung ,bei diesem System wird die Spurverbreiterung mit den mitgelieferten Kurzkopfschrauben direkt an die Radnabe befestigt. Anschlie\u00dfend wird die Felge mittels den Originalen Felgenschrauben auf der Spurverbreiterung befestigt. Wichtig ist das Sie maximal 5-7 Schraubenumdrehungen in der Spurverbreiterung befestigt sind! Dies gilt es vor der Montage zu der Felgen mit der Spurverbreiterung zu pr\u00fcfen.System B+ mit Zentrierung ,bei diesem System wird die Spurverbreiterung mit den mitgelieferten Kurzkopfschrauben direkt an die Radnabe befestigt. Anschlie\u00dfend wird die Felge mittels den Originalen Felgenschrauben auf der Spurverbreiterung befestigt. Die Schraubenbefestigung wird durch eingepresste Stahlbuchen zu 100% gew\u00e4hrleistet! Wichtig ist das Sie maximal 5-7 Schraubenumdrehungen in der Spurverbreiterung befestigt sind! Dies gilt es vor der Montage zu der Felgen mit der Spurverbreiterung zu pr\u00fcfen.Weitere Ausf\u00fchrungsdetails: Made in Germany bei FK direkt in BacknangMaterial bestehend aus Hochfestigkeitsaluminium das auch im Flugzeugbau eingesetzt wird.Rennstrecken und Festigkeitserprobt und vom T\u00dcV nachgewiesen.Fahrzeugspezifische Spurverbreiterung und keine universal SpurverbreiterungAngaben der Breite immer pro Achse, das hei\u00dft Scheibendicke multipliziert mal zweieinfache Montage binnen Minuten toller EffektT\u00dcV Festigkeitsgutachten wird mit geliefertMenge immer zwei Scheiben je Setes k\u00f6nnen Vorderachse und Hinterachse verschiedene breiten montiert werdenPlan-Parallelit\u00e4t Differenz unter 0,1mmLieferumfang:1 Satz Spurverbreiterungen ( links + rechts f\u00fcr zwei Felgen )<span style=\"display: inline-block; width: 0px; overflow: hidden; line-height: 0;\" data-mce-type=\"bookmark\" class=\"mce_SELRES_start\">\ufeff<\/span><\/p>\n","protected":false},"excerpt":{"rendered":"<p>f\u00fcr Baujahr: 1983 bis 2000Breite\/Achse 26 mmSpurverbreiterung System A o. Zentr.Lochkreis 5\/98 Nabenlochbohrung 58,1 M14x1,5Beste Qualit\u00e4tmit ZulassungBefestigungsschrauben nicht im Lieferumfangf\u00fcr Baujahr: 1983 bis 2000Breite\/Achse 26 mmSpurverbreiterung System A o. Zentr.Lochkreis 5\/98 Nabenlochbohrung 58,1 M14x1,5Beste Qualit\u00e4tmit ZulassungBefestigungsschrauben nicht im Lieferumfang<\/p>\n","protected":false},"featured_media":50718,"comment_status":"closed","ping_status":"open","template":"","meta":[],"product_brand":[],"product_cat":[2030,2029],"product_tag":[],"class_list":{"0":"post-30479","1":"product","2":"type-product","3":"status-publish","4":"has-post-thumbnail","6":"product_cat-spurverbreiterungen-tuning-zubehoer","7":"product_cat-tuning-zubehoer","8":"pa_kfz-hersteller-fiat","9":"pa_kfz-modell-fiorino-kasten-146-uno","11":"first","12":"instock","13":"purchasable","14":"product-type-simple"},"_links":{"self":[{"href":"https:\/\/car-2.de\/shop\/wp-json\/wp\/v2\/product\/30479","targetHints":{"allow":["GET"]}}],"collection":[{"href":"https:\/\/car-2.de\/shop\/wp-json\/wp\/v2\/product"}],"about":[{"href":"https:\/\/car-2.de\/shop\/wp-json\/wp\/v2\/types\/product"}],"replies":[{"embeddable":true,"href":"https:\/\/car-2.de\/shop\/wp-json\/wp\/v2\/comments?post=30479"}],"wp:featuredmedia":[{"embeddable":true,"href":"https:\/\/car-2.de\/shop\/wp-json\/wp\/v2\/media\/50718"}],"wp:attachment":[{"href":"https:\/\/car-2.de\/shop\/wp-json\/wp\/v2\/media?parent=30479"}],"wp:term":[{"taxonomy":"product_brand","embeddable":true,"href":"https:\/\/car-2.de\/shop\/wp-json\/wp\/v2\/product_brand?post=30479"},{"taxonomy":"product_cat","embeddable":true,"href":"https:\/\/car-2.de\/shop\/wp-json\/wp\/v2\/product_cat?post=30479"},{"taxonomy":"product_tag","embeddable":true,"href":"https:\/\/car-2.de\/shop\/wp-json\/wp\/v2\/product_tag?post=30479"}],"curies":[{"name":"wp","href":"https:\/\/api.w.org\/{rel}","templated":true}]}}