{"id":30399,"date":"2025-01-02T02:06:13","date_gmt":"2025-01-02T01:06:13","guid":{"rendered":"http:\/\/automotive.system199.de\/shop\/produkt\/steuergeraet-fuer-scheinwerfer-daylight-vw-passat-typ-3c\/"},"modified":"2025-01-02T02:06:15","modified_gmt":"2025-01-02T01:06:15","slug":"steuergeraet-fuer-scheinwerfer-daylight-vw-passat-typ-3c","status":"publish","type":"product","link":"https:\/\/car-2.de\/shop\/produkt\/steuergeraet-fuer-scheinwerfer-daylight-vw-passat-typ-3c\/","title":{"rendered":"Steuerger\u00e4t f\u00fcr Scheinwerfer Daylight VW Passat (Typ 3C)"},"content":{"rendered":"<p><span style=\"display: inline-block; width: 0px; overflow: hidden; line-height: 0;\" data-mce-type=\"bookmark\" class=\"mce_SELRES_start\">\ufeff<\/span><\/p>\n","protected":false},"excerpt":{"rendered":"<p>f\u00fcr VW Passat (B5\/3B)Steuerger\u00e4t f\u00fcr LED Daylight Design Scheinwerfer2er Setpassend f\u00fcr die FK Daylight Design Scheinwerfer FKFSVW010029 und FKFSVW010031f\u00fcr Baujahr:05-10f\u00fcr Fahrzeugtyp: Typ 3Cf\u00fcr VW Passat (B5\/3B)Steuerger\u00e4t f\u00fcr LED Daylight Design Scheinwerfer2er Setpassend f\u00fcr die FK Daylight Design Scheinwerfer FKFSVW010029 und FKFSVW010031f\u00fcr Baujahr:05-10f\u00fcr Fahrzeugtyp: Typ 3C<\/p>\n","protected":false},"featured_media":50622,"comment_status":"closed","ping_status":"open","template":"","meta":[],"product_brand":[],"product_cat":[633,634],"product_tag":[],"class_list":{"0":"post-30399","1":"product","2":"type-product","3":"status-publish","4":"has-post-thumbnail","6":"product_cat-beleuchtung-tuning","7":"product_cat-scheinwerfer","8":"pa_kfz-hersteller-vw","9":"pa_kfz-modell-passat-b5-3b","11":"first","12":"instock","13":"purchasable","14":"product-type-simple"},"_links":{"self":[{"href":"https:\/\/car-2.de\/shop\/wp-json\/wp\/v2\/product\/30399","targetHints":{"allow":["GET"]}}],"collection":[{"href":"https:\/\/car-2.de\/shop\/wp-json\/wp\/v2\/product"}],"about":[{"href":"https:\/\/car-2.de\/shop\/wp-json\/wp\/v2\/types\/product"}],"replies":[{"embeddable":true,"href":"https:\/\/car-2.de\/shop\/wp-json\/wp\/v2\/comments?post=30399"}],"wp:featuredmedia":[{"embeddable":true,"href":"https:\/\/car-2.de\/shop\/wp-json\/wp\/v2\/media\/50622"}],"wp:attachment":[{"href":"https:\/\/car-2.de\/shop\/wp-json\/wp\/v2\/media?parent=30399"}],"wp:term":[{"taxonomy":"product_brand","embeddable":true,"href":"https:\/\/car-2.de\/shop\/wp-json\/wp\/v2\/product_brand?post=30399"},{"taxonomy":"product_cat","embeddable":true,"href":"https:\/\/car-2.de\/shop\/wp-json\/wp\/v2\/product_cat?post=30399"},{"taxonomy":"product_tag","embeddable":true,"href":"https:\/\/car-2.de\/shop\/wp-json\/wp\/v2\/product_tag?post=30399"}],"curies":[{"name":"wp","href":"https:\/\/api.w.org\/{rel}","templated":true}]}}