{"id":30336,"date":"2025-01-02T02:05:45","date_gmt":"2025-01-02T01:05:45","guid":{"rendered":"http:\/\/automotive.system199.de\/shop\/produkt\/nebelscheinwerfer-set-chrom-fuer-stossstange-bmw-3er\/"},"modified":"2025-01-02T02:05:48","modified_gmt":"2025-01-02T01:05:48","slug":"nebelscheinwerfer-set-chrom-fuer-stossstange-bmw-3er","status":"publish","type":"product","link":"https:\/\/car-2.de\/shop\/produkt\/nebelscheinwerfer-set-chrom-fuer-stossstange-bmw-3er\/","title":{"rendered":"Nebelscheinwerfer Set chrom f\u00fcr Sto\u00dfstange &#8211; BMW 3er"},"content":{"rendered":"<p><span style=\"display: inline-block; width: 0px; overflow: hidden; line-height: 0;\" data-mce-type=\"bookmark\" class=\"mce_SELRES_start\">\ufeff<\/span><\/p>\n","protected":false},"excerpt":{"rendered":"<p>Nebelscheinwerfer Set chrom f\u00fcr Sto\u00dfstangeSuper VerarbeitungTop DesignHohe Passgenauigkeitmit M-Sto\u00dfstangef\u00fcr Baujahr: 05-08f\u00fcr Fahrzeugtyp: Typ E90\/E91Farbe: chrommit ZulassungNebelscheinwerfer Set chrom f\u00fcr Sto\u00dfstangeSuper VerarbeitungTop DesignHohe Passgenauigkeitmit M-Sto\u00dfstangef\u00fcr Baujahr: 05-08f\u00fcr Fahrzeugtyp: Typ E90\/E91Farbe: chrommit Zulassung<\/p>\n","protected":false},"featured_media":50379,"comment_status":"closed","ping_status":"open","template":"","meta":[],"product_brand":[],"product_cat":[633,634],"product_tag":[],"class_list":{"0":"post-30336","1":"product","2":"type-product","3":"status-publish","4":"has-post-thumbnail","6":"product_cat-beleuchtung-tuning","7":"product_cat-scheinwerfer","9":"first","10":"instock","11":"purchasable","12":"product-type-simple"},"_links":{"self":[{"href":"https:\/\/car-2.de\/shop\/wp-json\/wp\/v2\/product\/30336","targetHints":{"allow":["GET"]}}],"collection":[{"href":"https:\/\/car-2.de\/shop\/wp-json\/wp\/v2\/product"}],"about":[{"href":"https:\/\/car-2.de\/shop\/wp-json\/wp\/v2\/types\/product"}],"replies":[{"embeddable":true,"href":"https:\/\/car-2.de\/shop\/wp-json\/wp\/v2\/comments?post=30336"}],"wp:featuredmedia":[{"embeddable":true,"href":"https:\/\/car-2.de\/shop\/wp-json\/wp\/v2\/media\/50379"}],"wp:attachment":[{"href":"https:\/\/car-2.de\/shop\/wp-json\/wp\/v2\/media?parent=30336"}],"wp:term":[{"taxonomy":"product_brand","embeddable":true,"href":"https:\/\/car-2.de\/shop\/wp-json\/wp\/v2\/product_brand?post=30336"},{"taxonomy":"product_cat","embeddable":true,"href":"https:\/\/car-2.de\/shop\/wp-json\/wp\/v2\/product_cat?post=30336"},{"taxonomy":"product_tag","embeddable":true,"href":"https:\/\/car-2.de\/shop\/wp-json\/wp\/v2\/product_tag?post=30336"}],"curies":[{"name":"wp","href":"https:\/\/api.w.org\/{rel}","templated":true}]}}