{"id":30333,"date":"2025-01-02T02:05:45","date_gmt":"2025-01-02T01:05:45","guid":{"rendered":"http:\/\/automotive.system199.de\/shop\/produkt\/nebelscheinwerfersatz-bmw-3er-typ-e36-91-00-chrom-klar\/"},"modified":"2025-01-02T02:05:47","modified_gmt":"2025-01-02T01:05:47","slug":"nebelscheinwerfersatz-bmw-3er-typ-e36-91-00-chrom-klar","status":"publish","type":"product","link":"https:\/\/car-2.de\/shop\/produkt\/nebelscheinwerfersatz-bmw-3er-typ-e36-91-00-chrom-klar\/","title":{"rendered":"Nebelscheinwerfersatz BMW 3er Typ E36  91-00 chrom, klar"},"content":{"rendered":"<p>Nebelscheinwerfersatz BMW 3er Typ E36 Bj. 91-00 klar, chrom (links &#8211; rechts)Wenn Nebel, Regen oder Schnee Ihnen wieder einmal die Sicht versperren, dann ist es wichtig dass ihr Fahrzeug mit den besten Instrumenten ausgestattet ist, um die Gefahren, die beim Fahren bei einer solchen Witterung bestehen, zu umgehen und sicher an Ihr gew\u00fcnschtes Ziel zu gelangen. Qualitativ hochwertige Nebelscheinwerfer sind deshalb von hoher Bedeutung f\u00fcr die Sicherheit beim Fahren unter derartigen Bedingungen. Dabei m\u00fcssen Nebelscheinwerfer nicht blo\u00df funktional einwandfrei sein, f\u00fcr viele Autofahrer spielt nat\u00fcrlich auch das Design der Nebelscheinwerfer eine gro\u00dfe Rolle. Wir bei FK Automotive k\u00f6nnen Ihnen beides bieten. In unserem Online Shop finden Sie f\u00fcr zahlreiche Automarken und Fahrzeugmodelle Nebelscheinwerfer mit individuellem Design. Wie bei allen unseren Artikeln zum Leuchtentuning bestechen auch die Nebelscheinwerfer mit einem Top Design, einer hohen Qualit\u00e4t und einer f\u00fcr das jeweilige Fahrzeugmodell hohen Passform. Sie k\u00f6nnen die Nebelscheinwerfer aus unserem Haus zudem in unterschiedlichen Farbkombinationen erhalten. So k\u00f6nnen Sie Ihr Fahrzeug individuell und ihren Vorstellungen entsprechend optisch aufwerten. Die gro\u00dfe Vielfalt unserer Nebelscheinwerfer wird Ihnen die Entscheidung daher schwer machen. Unsere Nebelscheinwerfer werden installationsbereit als Set inklusive aller Kabel und Anschlussmaterial geliefert, damit Sie Ihren erhaltenen Artikel schnell verbauen und in Betrieb setzen k\u00f6nnen. In unserem Online Shop k\u00f6nnen sie neben Nebelscheinwerfern nat\u00fcrlich auch Nebelschlu\u00dfleuchten erwerben. Wir bieten zudem ein gro\u00dfes Spektrum an weiteren Artikeln zum Leuchtentuning an. Sie k\u00f6nnen im Online Shop der FK Automotive im Bereich Beleuchtung zus\u00e4tzlich viele Artikel zum Scheinwerfer Tuning, zum Blinker Tuning und zum R\u00fcckleuchten Tuning finden. Schauen Sie doch einfach einmal in unserem Online Shop vorbei.<span style=\"display: inline-block; width: 0px; overflow: hidden; line-height: 0;\" data-mce-type=\"bookmark\" class=\"mce_SELRES_start\">\ufeff<\/span><\/p>\n","protected":false},"excerpt":{"rendered":"<p>f\u00fcr BMW 3er E36f\u00fcr Baujahr: 91-00Farbe: chrommit E-Pr\u00fcfzeichen (eintragungsfrei)Set bestehend aus zwei LeuchtenZubeh\u00f6r NebelscheinwerferTop Verarbeitungf\u00fcr BMW 3er E36f\u00fcr Baujahr: 91-00Farbe: chrommit E-Pr\u00fcfzeichen (eintragungsfrei)Set bestehend aus zwei LeuchtenZubeh\u00f6r NebelscheinwerferTop Verarbeitung<\/p>\n","protected":false},"featured_media":50358,"comment_status":"closed","ping_status":"open","template":"","meta":[],"product_brand":[],"product_cat":[633,634],"product_tag":[],"class_list":{"0":"post-30333","1":"product","2":"type-product","3":"status-publish","4":"has-post-thumbnail","6":"product_cat-beleuchtung-tuning","7":"product_cat-scheinwerfer","8":"pa_kfz-hersteller-bmw","9":"pa_kfz-modell-3er-e36","11":"first","12":"instock","13":"purchasable","14":"product-type-simple"},"_links":{"self":[{"href":"https:\/\/car-2.de\/shop\/wp-json\/wp\/v2\/product\/30333","targetHints":{"allow":["GET"]}}],"collection":[{"href":"https:\/\/car-2.de\/shop\/wp-json\/wp\/v2\/product"}],"about":[{"href":"https:\/\/car-2.de\/shop\/wp-json\/wp\/v2\/types\/product"}],"replies":[{"embeddable":true,"href":"https:\/\/car-2.de\/shop\/wp-json\/wp\/v2\/comments?post=30333"}],"wp:featuredmedia":[{"embeddable":true,"href":"https:\/\/car-2.de\/shop\/wp-json\/wp\/v2\/media\/50358"}],"wp:attachment":[{"href":"https:\/\/car-2.de\/shop\/wp-json\/wp\/v2\/media?parent=30333"}],"wp:term":[{"taxonomy":"product_brand","embeddable":true,"href":"https:\/\/car-2.de\/shop\/wp-json\/wp\/v2\/product_brand?post=30333"},{"taxonomy":"product_cat","embeddable":true,"href":"https:\/\/car-2.de\/shop\/wp-json\/wp\/v2\/product_cat?post=30333"},{"taxonomy":"product_tag","embeddable":true,"href":"https:\/\/car-2.de\/shop\/wp-json\/wp\/v2\/product_tag?post=30333"}],"curies":[{"name":"wp","href":"https:\/\/api.w.org\/{rel}","templated":true}]}}