{"id":30321,"date":"2025-01-02T02:05:36","date_gmt":"2025-01-02T01:05:36","guid":{"rendered":"http:\/\/automotive.system199.de\/shop\/produkt\/indoor-banner-fk\/"},"modified":"2025-01-02T02:05:41","modified_gmt":"2025-01-02T01:05:41","slug":"indoor-banner-fk","status":"publish","type":"product","link":"https:\/\/car-2.de\/shop\/produkt\/indoor-banner-fk\/","title":{"rendered":"Indoor-Banner FK"},"content":{"rendered":"<p>Sollten Sie von unserer guten Qualit\u00e4t, unserer hohen Verarbeitung und unserem guten Service \u00fcberzeugt sein, mittlerweile schon \u00f6fter bei uns bestellt haben oder schlicht und ergreifend Fan von FK Automotive sein, k\u00f6nnen Sie bei uns originale FK Banner und Fahnen erwerben. Diese eigenen sich insbesondere auch f\u00fcr Veranstaltungen, Tuningtreffen, oder Verkaufsst\u00e4nde. Sollten Sie zum Beispiel auf einer Veranstaltung zeigen wollen, mit welcher Tuningserie Sie Ihr Auto aufgewertet haben, welches die Marke ist die Sie h\u00e4ufig in Ihrem Fahrzeug verbaut haben, dann k\u00f6nnten Sie zu Showeffekten ein Banner oder eine Fahne unserer Firma auf das Dach oder die Motorhaube Ihres Fahrzeugs legen. Sollten Sie einer unserer Verkaufspartner sein, oder an unserem Resellerprogramm teilnehmen, oder in Ihrem Sortiment FK Teile Anbieten, und diese zum Beispiel an einem Messe oder Tuningstand verkaufen und oder bewerben wollen, k\u00f6nnen Sie in dieser Kategorie Banner und Fahnen in den verschiedensten Gr\u00f6\u00dfen beziehen, um mit diesen auf die Pr\u00e4senz Ihres Verkaufsstandes und Ihrer Produkte hinzuweisen. Es kann nat\u00fcrlich auch sein, dass Ihnen einfach nur unser hauseigenes -FK\u0093-Logo und die damit verbundene Werbung gef\u00e4llt, und Sie sich so vermutlich ein Banner einer Ihrer R\u00e4umlichkeiten aufzuh\u00e4ngen. Auch in einer eigenen Garage oder einer eigenen kleinen Tuningwerkstatt macht sich ein Banner aus unserem Hause gut. Sollten Sie eine Tuningwerkstatt besitzen, und Ihren Kunden FK Teile verbauen und eventuell auch bei uns beziehen, dann haben Sie mit den hier erh\u00e4ltlichen Bannern und Fahnen die M\u00f6glichkeit dies klar und deutlich zum Ausdruck zu bringen, und daf\u00fcr zu Werben. Sie werden auf jeden Fall ein Medium finden, welches Ihnen gef\u00e4llt.<span style=\"display: inline-block; width: 0px; overflow: hidden; line-height: 0;\" data-mce-type=\"bookmark\" class=\"mce_SELRES_start\">\ufeff<\/span><\/p>\n","protected":false},"excerpt":{"rendered":"<p>super Qualit\u00e4toriginal FKideal f\u00fcr Veranstaltungen und FansGr\u00f6\u00dfe: 80 x 200 cmsuper Qualit\u00e4toriginal FKideal f\u00fcr Veranstaltungen und FansGr\u00f6\u00dfe: 80 x 200 cm<\/p>\n","protected":false},"featured_media":50293,"comment_status":"closed","ping_status":"open","template":"","meta":[],"product_brand":[],"product_cat":[669,637],"product_tag":[],"class_list":{"0":"post-30321","1":"product","2":"type-product","3":"status-publish","4":"has-post-thumbnail","6":"product_cat-fahne","7":"product_cat-sale","8":"pa_kfz-hersteller-universal","9":"pa_kfz-modell-universal","11":"first","12":"instock","13":"purchasable","14":"product-type-simple"},"_links":{"self":[{"href":"https:\/\/car-2.de\/shop\/wp-json\/wp\/v2\/product\/30321","targetHints":{"allow":["GET"]}}],"collection":[{"href":"https:\/\/car-2.de\/shop\/wp-json\/wp\/v2\/product"}],"about":[{"href":"https:\/\/car-2.de\/shop\/wp-json\/wp\/v2\/types\/product"}],"replies":[{"embeddable":true,"href":"https:\/\/car-2.de\/shop\/wp-json\/wp\/v2\/comments?post=30321"}],"wp:featuredmedia":[{"embeddable":true,"href":"https:\/\/car-2.de\/shop\/wp-json\/wp\/v2\/media\/50293"}],"wp:attachment":[{"href":"https:\/\/car-2.de\/shop\/wp-json\/wp\/v2\/media?parent=30321"}],"wp:term":[{"taxonomy":"product_brand","embeddable":true,"href":"https:\/\/car-2.de\/shop\/wp-json\/wp\/v2\/product_brand?post=30321"},{"taxonomy":"product_cat","embeddable":true,"href":"https:\/\/car-2.de\/shop\/wp-json\/wp\/v2\/product_cat?post=30321"},{"taxonomy":"product_tag","embeddable":true,"href":"https:\/\/car-2.de\/shop\/wp-json\/wp\/v2\/product_tag?post=30321"}],"curies":[{"name":"wp","href":"https:\/\/api.w.org\/{rel}","templated":true}]}}