{"id":30310,"date":"2025-01-02T02:05:36","date_gmt":"2025-01-02T01:05:36","guid":{"rendered":"http:\/\/automotive.system199.de\/shop\/produkt\/antenne-design-fk-shark-fin-mit-neonbeleuchtung-blau\/"},"modified":"2025-01-02T02:05:38","modified_gmt":"2025-01-02T01:05:38","slug":"antenne-design-fk-shark-fin-mit-neonbeleuchtung-blau","status":"publish","type":"product","link":"https:\/\/car-2.de\/shop\/produkt\/antenne-design-fk-shark-fin-mit-neonbeleuchtung-blau\/","title":{"rendered":"Antenne Design FK Shark Fin mit Neonbeleuchtung blau"},"content":{"rendered":"<p>Als Beleuchtung bezeichnet man die optische Ausleuchtung oder Erhellung eines Objektes. Viele Dinge werden aufgrund von Beleuchtung in ein besseres Licht ger\u00fcckt, oder sehen automatisch interessanter oder besser aus, einfach nur aus dem einfachen Grund dass sie beleuchtet sind. Au\u00dferdem fallen durch Beleuchtung, dadurch dass das Objekt nun selbst leuchtet, oder beleuchtet wird und dadurch heller wird, viele Dinge viel besser auf, fallen sofort ins Auge und werden somit zum Eyecatcher \u0096 zu Deutsch: Blickfang. Und genau diese Eigenschaft wollten wir vom FK Automotive Online Shop f\u00fcr Tuning und sportliches Autozubeh\u00f6r Ihnen zu Nutze machen. Wir haben f\u00fcr Sie ein Sortiment an beleuchteten Autoteilen zusammengestellt, mit denen Sie garantiert nicht in der Menge der Fahrzeuge in Ihrer N\u00e4he untergehen, wie zum Beispiel im normalen Alltag, aber auch speziell auf Tuningtreffen, f\u00fcr welches manche unserer Teile speziell ausgerichtet sind, und deshalb im Bereich der Stra\u00dfenverkehrs-Zulassungs-Ordnung nicht zugelassen sind. So finden Sie neben diesem Artikel weitere beleuchtete Autoteile in den Kategorien Interieur Tuning, Exterieur Tuning und insbesondere Beleuchtung Tuning. Darunter sind Artikel wie beleuchtete Schaltkn\u00e4ufe, beleuchtete Schalts\u00e4cke, beleuchtete Gurtpolster, K\u00fchlergrillbeleuchtung und vieles mehr. F\u00fcr das optimale -The Fast and The Furious\u0093-Feeling bieten wir Ihnen Unterboden-Beleuchtungen und Neonr\u00f6hren an, so sieht Ihr Fahrzeug nachdem Sie es bearbeitet haben aus wie im Film. Falls Sie \u00fcber das Beleuchtungs Tuning hinaus noch Interesse an weiterem Fahrzeugtuning haben, k\u00f6nnen wir Ihnen nur empfehlen weiter in unserem FK Automotive Online Shop f\u00fcr Tuning und sportliches Autozubeh\u00f6r zu st\u00f6bern. Hier finden Sie alles was das Tuning- und Autoherz begehrt!<span style=\"display: inline-block; width: 0px; overflow: hidden; line-height: 0;\" data-mce-type=\"bookmark\" class=\"mce_SELRES_start\">\ufeff<\/span><\/p>\n","protected":false},"excerpt":{"rendered":"<p>Farbe: blaunicht im Bereich StVZO zugelassentransparent mit blauer Beleuchtunguniversalabsoluter BlickfangFarbe: blaunicht im Bereich StVZO zugelassentransparent mit blauer Beleuchtunguniversalabsoluter Blickfang<\/p>\n","protected":false},"featured_media":50228,"comment_status":"closed","ping_status":"open","template":"","meta":[],"product_brand":[],"product_cat":[659],"product_tag":[],"class_list":{"0":"post-30310","1":"product","2":"type-product","3":"status-publish","4":"has-post-thumbnail","6":"product_cat-normale-versandkosten","7":"pa_kfz-hersteller-universal","8":"pa_kfz-modell-universal","10":"first","11":"instock","12":"purchasable","13":"product-type-simple"},"_links":{"self":[{"href":"https:\/\/car-2.de\/shop\/wp-json\/wp\/v2\/product\/30310","targetHints":{"allow":["GET"]}}],"collection":[{"href":"https:\/\/car-2.de\/shop\/wp-json\/wp\/v2\/product"}],"about":[{"href":"https:\/\/car-2.de\/shop\/wp-json\/wp\/v2\/types\/product"}],"replies":[{"embeddable":true,"href":"https:\/\/car-2.de\/shop\/wp-json\/wp\/v2\/comments?post=30310"}],"wp:featuredmedia":[{"embeddable":true,"href":"https:\/\/car-2.de\/shop\/wp-json\/wp\/v2\/media\/50228"}],"wp:attachment":[{"href":"https:\/\/car-2.de\/shop\/wp-json\/wp\/v2\/media?parent=30310"}],"wp:term":[{"taxonomy":"product_brand","embeddable":true,"href":"https:\/\/car-2.de\/shop\/wp-json\/wp\/v2\/product_brand?post=30310"},{"taxonomy":"product_cat","embeddable":true,"href":"https:\/\/car-2.de\/shop\/wp-json\/wp\/v2\/product_cat?post=30310"},{"taxonomy":"product_tag","embeddable":true,"href":"https:\/\/car-2.de\/shop\/wp-json\/wp\/v2\/product_tag?post=30310"}],"curies":[{"name":"wp","href":"https:\/\/api.w.org\/{rel}","templated":true}]}}