{"id":30306,"date":"2025-01-02T02:05:36","date_gmt":"2025-01-02T01:05:36","guid":{"rendered":"http:\/\/automotive.system199.de\/shop\/produkt\/spiegelcover-spiegelabdeckung-chrom-mazda-2-typ-de-07-chrom\/"},"modified":"2025-01-02T02:05:37","modified_gmt":"2025-01-02T01:05:37","slug":"spiegelcover-spiegelabdeckung-chrom-mazda-2-typ-de-07-chrom","status":"publish","type":"product","link":"https:\/\/car-2.de\/shop\/produkt\/spiegelcover-spiegelabdeckung-chrom-mazda-2-typ-de-07-chrom\/","title":{"rendered":"Spiegelcover Spiegelabdeckung Chrom Mazda 2 Typ DE  07-, chrom"},"content":{"rendered":"<p>FK Automotive Chrom Spiegelcover bestechen durch ihr super Design, ihre top Verarbeitung zu gewohnt g\u00fcnstigen FK Preisen. Wir bieten Chrom Spiegelcover in verschiedenen Formen passend f\u00fcr Modelle der Marken Audi, Ford Land Rover, Mazda, Mercedes Benz, Opel, Peugeot, Renault, Skoda und VW. Wir bieten auch teilweise Spiegelcover mit integrierten LED\u00b4s. Die Chrom Spiegelcover werden aus hochwertigem ABS Kunststoff hergestellt. Dank der genauen Passform und der guten Verarbeitung der Spiegelcover ist die Montage an ihren Serienspiegeln unkompliziert und schnell durchf\u00fchrbar. Die Spiegelcover werden direkt auf die Serienspiegel aufgeklebt. Mit den FK Chrom Spiegelcovern erhalten sie einen edlen Racing- Look wie es viele Supersportwagen oder Luxuslimousinen haben. G\u00f6nnen sie sich etwas besonderes, die Spiegelcover sind ein Blickfang und fallen jedem sofort ins Auge. Ein absolutes Muss in Sachen Exterieur- Tuning. Gerade f\u00fcr Tuningeinsteiger sind die Chrom Spiegelcover ein interessantes Angebot. Der niedrige Preis und die einfache Montage in Verbindung mit dem riesen Versch\u00f6nerungseffekt machen die Spiegelcover zu einem top Angebot f\u00fcr Tuningsfans. Dank FK Tuningteilen haben sie die M\u00f6glichkeit ihr Fahrzeug nach ihren W\u00fcnschen und Vorstellungen zu veredeln. Wir bieten ihnen eines der gr\u00f6\u00dften Sortimente auf dem Tuningmarkt. Speziell im Bereich Exterieur bieten wir eine riesen Anzahl an Zubeh\u00f6rteilen und Tuningartikeln. Um auf dem neusten Stand zu bleiben und ihnen immer die aktuellsten Teile anbieten zu k\u00f6nnen erweitern wir st\u00e4ndig unser Sortiment und bringen fast t\u00e4glich neue Artikel auf den Markt. Schauen sie jetzt in unseren Online Shop bestimmt haben wir auch f\u00fcr sie ein passendes Angebot verf\u00fcgbar. Z\u00f6gern sie nicht lange und greifen sie jetzt zu!<span style=\"display: inline-block; width: 0px; overflow: hidden; line-height: 0;\" data-mce-type=\"bookmark\" class=\"mce_SELRES_start\">\ufeff<\/span><\/p>\n","protected":false},"excerpt":{"rendered":"<p>f\u00fcr Mazda 2 (DE)f\u00fcr Baujahr: ab 2007Farbe: chromZulassungsfreiABSmit LEDSpiegelcoversuper Designf\u00fcr Mazda 2 (DE)f\u00fcr Baujahr: ab 2007Farbe: chromZulassungsfreiABSmit LEDSpiegelcoversuper Design<\/p>\n","protected":false},"featured_media":50214,"comment_status":"closed","ping_status":"open","template":"","meta":[],"product_brand":[],"product_cat":[637],"product_tag":[],"class_list":{"0":"post-30306","1":"product","2":"type-product","3":"status-publish","4":"has-post-thumbnail","6":"product_cat-sale","7":"pa_kfz-hersteller-mazda","8":"pa_kfz-modell-2-de","10":"first","11":"instock","12":"purchasable","13":"product-type-simple"},"_links":{"self":[{"href":"https:\/\/car-2.de\/shop\/wp-json\/wp\/v2\/product\/30306","targetHints":{"allow":["GET"]}}],"collection":[{"href":"https:\/\/car-2.de\/shop\/wp-json\/wp\/v2\/product"}],"about":[{"href":"https:\/\/car-2.de\/shop\/wp-json\/wp\/v2\/types\/product"}],"replies":[{"embeddable":true,"href":"https:\/\/car-2.de\/shop\/wp-json\/wp\/v2\/comments?post=30306"}],"wp:featuredmedia":[{"embeddable":true,"href":"https:\/\/car-2.de\/shop\/wp-json\/wp\/v2\/media\/50214"}],"wp:attachment":[{"href":"https:\/\/car-2.de\/shop\/wp-json\/wp\/v2\/media?parent=30306"}],"wp:term":[{"taxonomy":"product_brand","embeddable":true,"href":"https:\/\/car-2.de\/shop\/wp-json\/wp\/v2\/product_brand?post=30306"},{"taxonomy":"product_cat","embeddable":true,"href":"https:\/\/car-2.de\/shop\/wp-json\/wp\/v2\/product_cat?post=30306"},{"taxonomy":"product_tag","embeddable":true,"href":"https:\/\/car-2.de\/shop\/wp-json\/wp\/v2\/product_tag?post=30306"}],"curies":[{"name":"wp","href":"https:\/\/api.w.org\/{rel}","templated":true}]}}