{"id":30294,"date":"2025-01-02T02:05:28","date_gmt":"2025-01-02T01:05:28","guid":{"rendered":"http:\/\/automotive.system199.de\/shop\/produkt\/ersatzteil-fuer-sportgrill-audi-a4-typ-b5-94-00\/"},"modified":"2025-01-02T02:05:31","modified_gmt":"2025-01-02T01:05:31","slug":"ersatzteil-fuer-sportgrill-audi-a4-typ-b5-94-00","status":"publish","type":"product","link":"https:\/\/car-2.de\/shop\/produkt\/ersatzteil-fuer-sportgrill-audi-a4-typ-b5-94-00\/","title":{"rendered":"Ersatzteil f\u00fcr Sportgrill &#8211; Audi A4 (Typ B5)  94-00"},"content":{"rendered":"<p>Wir m\u00f6chten, dass unsere Kunden mit dem Kauf von Artikeln aus unserem Haus rundum zufrieden sind. Deshalb ist es uns auch wichtig Ihnen die passenden Ersatzteile zu den bei uns gekauften Produkten anbieten zu k\u00f6nnen. Insbesondere im Falle eines Unfalls oder beim Diebstahl von Teilen kann dies von N\u00f6ten sein. In unserem Online Shop f\u00fcr Tuning und sportliches Autozubeh\u00f6r k\u00f6nnen Sie unter anderem Einzelteile zu Ihrem Sportgrill bestellen. Von Hauben\u00f6ffnern, \u00fcber Halbmonde f\u00fcr Motorhaube und Sto\u00dfstange bis zu Abdeckungen k\u00f6nnen wir Ihnen ein gro\u00dfes Angebot an Ersatzteilen f\u00fcr Ihren Sportgrill anbieten. Sie erhalten unsere Halbmonde f\u00fcr Motorhauben und Sto\u00dfstangen f\u00fcr viele verschiedene Fahrzeugmodelle. Unsere Halbmonde f\u00fcr Motorhauben und Sto\u00dfstangen werden selbstverst\u00e4ndlich in gewohnt hoher Qualit\u00e4t und mit einer top Verarbeitung geliefert. Wir bieten Ihnen au\u00dferdem zu Ihrem Sportgrill passende Hauben\u00f6ffner an, diese sind aufgrund ihrer hohen Passgenauigkeit spielend leicht zu montieren und werden ebenfalls in bester Qualit\u00e4t geliefert. F\u00fcr weiteres Zubeh\u00f6r f\u00fcr Ihren Sportgrill sollten Sie sich in unserem Online Shop umsehen. Falls Sie noch Fragen haben, so verwenden Sie bitte das Kontaktformular auf unserer Homepage und schreiben uns, unter Nennung der exakten Bezeichnung Ihres Sportgrills. Unsere Experten werden versuchen Ihnen so schnell wie m\u00f6glich Antworten auf Ihre Fragen zu geben. Bei Interesse an weiteren Einzel- und Ersatzteilen f\u00fcr verschiedene Fahrzeugbereiche, sehen Sie sich in unserem Online Shop um, denn hier finden Sie, dank unserer gro\u00dfen Auswahl, bestimmt das Richtige. Auch in allen anderen Tuning Bereichen k\u00f6nnen wir Ihnen mit unserem breit gef\u00e4cherten Sortiment eine Vielzahl an Artikeln anbieten. Schauen Sie vorbei und \u00fcberzeugen Sie sich selbst.<span style=\"display: inline-block; width: 0px; overflow: hidden; line-height: 0;\" data-mce-type=\"bookmark\" class=\"mce_SELRES_start\">\ufeff<\/span><\/p>\n","protected":false},"excerpt":{"rendered":"<p>f\u00fcr Audi A4 (B5\/8D)Hauben\u00f6ffnerTop Qualit\u00e4tTob Verarbeitungf\u00fcr Baujahr: 94-00f\u00fcr Fahrzeugtyp: Typ B5f\u00fcr Audi A4 (B5\/8D)Hauben\u00f6ffnerTop Qualit\u00e4tTob Verarbeitungf\u00fcr Baujahr: 94-00f\u00fcr Fahrzeugtyp: Typ B5<\/p>\n","protected":false},"featured_media":50148,"comment_status":"closed","ping_status":"open","template":"","meta":[],"product_brand":[],"product_cat":[667,649,637],"product_tag":[],"class_list":{"0":"post-30294","1":"product","2":"type-product","3":"status-publish","4":"has-post-thumbnail","6":"product_cat-autogrill-zubehoer","7":"product_cat-grill-tuning","8":"product_cat-sale","9":"pa_kfz-hersteller-audi","10":"pa_kfz-modell-a4-b5-8d","12":"first","13":"instock","14":"purchasable","15":"product-type-simple"},"_links":{"self":[{"href":"https:\/\/car-2.de\/shop\/wp-json\/wp\/v2\/product\/30294","targetHints":{"allow":["GET"]}}],"collection":[{"href":"https:\/\/car-2.de\/shop\/wp-json\/wp\/v2\/product"}],"about":[{"href":"https:\/\/car-2.de\/shop\/wp-json\/wp\/v2\/types\/product"}],"replies":[{"embeddable":true,"href":"https:\/\/car-2.de\/shop\/wp-json\/wp\/v2\/comments?post=30294"}],"wp:featuredmedia":[{"embeddable":true,"href":"https:\/\/car-2.de\/shop\/wp-json\/wp\/v2\/media\/50148"}],"wp:attachment":[{"href":"https:\/\/car-2.de\/shop\/wp-json\/wp\/v2\/media?parent=30294"}],"wp:term":[{"taxonomy":"product_brand","embeddable":true,"href":"https:\/\/car-2.de\/shop\/wp-json\/wp\/v2\/product_brand?post=30294"},{"taxonomy":"product_cat","embeddable":true,"href":"https:\/\/car-2.de\/shop\/wp-json\/wp\/v2\/product_cat?post=30294"},{"taxonomy":"product_tag","embeddable":true,"href":"https:\/\/car-2.de\/shop\/wp-json\/wp\/v2\/product_tag?post=30294"}],"curies":[{"name":"wp","href":"https:\/\/api.w.org\/{rel}","templated":true}]}}