{"id":30289,"date":"2025-01-02T02:05:28","date_gmt":"2025-01-02T01:05:28","guid":{"rendered":"http:\/\/automotive.system199.de\/shop\/produkt\/sportgrill-frontgrill-grill-vw-jetta-typ-19e-88-92-chrom\/"},"modified":"2025-01-02T02:05:30","modified_gmt":"2025-01-02T01:05:30","slug":"sportgrill-frontgrill-grill-vw-jetta-typ-19e-88-92-chrom","status":"publish","type":"product","link":"https:\/\/car-2.de\/shop\/produkt\/sportgrill-frontgrill-grill-vw-jetta-typ-19e-88-92-chrom\/","title":{"rendered":"Sportgrill Frontgrill Grill VW Jetta Typ 19E  88-92 chrom"},"content":{"rendered":"<p>Design Sportgrills in ABS Ausf\u00fchrung chrom Diese hochwertigen Sportgrills werden in h\u00f6chster Qualit\u00e4t in ABS Spritzguss hergestellt und verleihen Ihrem Auto eine TOP Optik zum geringen Anschaffungswert. TOP Qualit\u00e4t, eine sehr gute Passgenauigkeit verbunden mit einer TOP Optik verleiht Ihrem Fahrzeug eine absolute Sportlichkeit.  KEINE KOSTEN EINTRAGUNGSFREI: Die Sportgrills sind eintragungsfrei. Teilweise liegt auch eine Freigabe des T\u00dcVs vor!  GERINGE EINBAUKOSTEN: Die ABS Sportgrills k\u00f6nnen problemlos von jeder Fachwerkstatt binnen ca. 0,5 Stunden eingebaut werden.  Einbauanleitung: Eine Einbauanleitung liegt nicht vor, da die Sportgrills an der Serienbefestigung des Seriengrills befestigt werden.  Die Qualit\u00e4t: Die Sportgrills werden in einer sehr hohen Qualit\u00e4t, fast in Erstausr\u00fcsterqualit\u00e4t produziert! Das Preis Leistungs-Verh\u00e4ltnis ist sehr gut. Die Chrombeschichtung: Der Sportgrill wird als erstes vollverchromt. Der Preis: Der Preis ist au\u00dferordentlich gut und die Umr\u00fcstung des Sportgrills ist denkbar einfach und schnell zu realisieren. Das Portgrill Produktionsverfahren: Diese Sportgrills werden in speziell daf\u00fcr angefertigten ABS Spritzgusswerkzeuge in Serienproduktion in Erstausr\u00fcsterqualit\u00e4t produziert. Die Sportgrills sind Millionenfach bereits bew\u00e4hrt und sehr ausgereift. Es ist zu Beachten das es Fahrzeugtoleranzen bauseits an den Fahrzeugen gibt. Daher kann es m\u00f6glich sein das mittels eine Feile die Anschlusspunkte des Sportgrills minimal ge\u00e4ndert werden m\u00fcssen! Dies ist aber eher ein Einzelfall.  Sie m\u00f6chten Ihrem Fahrzeug eine sportliche Note geben? Dann sollten Sie gleich diesen tollen Sportgrill bestellen.   Weitere Ausf\u00fchrungsdetails:    Sportgrill aus ABS Kunststoffverfahren in Spritzgusstechnik gefertigt  Der Sportgrill wird komplett verchromt  Anschluss erfolgt \u00fcber fahrzeugspezifischen Befestigungspunkte des Sportgrills   Lange Lebensdauer durch die Verwendung von hochwertigen Material und Verchromung  Lieferumfang:    1 Sportgrill in der Ausf\u00fchrung Chrom<span style=\"display: inline-block; width: 0px; overflow: hidden; line-height: 0;\" data-mce-type=\"bookmark\" class=\"mce_SELRES_start\">\ufeff<\/span><\/p>\n","protected":false},"excerpt":{"rendered":"<p>f\u00fcr VW Jetta 2f\u00fcr Baujahr: 1988 bis 1992Farbe: Vollchrommit ZulassungABS Sportgrillf\u00fcr Fahrzeugtyp: Jetta 2 (Typ 19E)super Designtop Qualit\u00e4tf\u00fcr VW Jetta 2f\u00fcr Baujahr: 1988 bis 1992Farbe: Vollchrommit ZulassungABS Sportgrillf\u00fcr Fahrzeugtyp: Jetta 2 (Typ 19E)super Designtop Qualit\u00e4t<\/p>\n","protected":false},"featured_media":50122,"comment_status":"closed","ping_status":"open","template":"","meta":[],"product_brand":[],"product_cat":[649,637,662],"product_tag":[],"class_list":{"0":"post-30289","1":"product","2":"type-product","3":"status-publish","4":"has-post-thumbnail","6":"product_cat-grill-tuning","7":"product_cat-sale","8":"product_cat-sportgrill","9":"pa_kfz-hersteller-vw","10":"pa_kfz-modell-jetta-2","12":"first","13":"instock","14":"purchasable","15":"product-type-simple"},"_links":{"self":[{"href":"https:\/\/car-2.de\/shop\/wp-json\/wp\/v2\/product\/30289","targetHints":{"allow":["GET"]}}],"collection":[{"href":"https:\/\/car-2.de\/shop\/wp-json\/wp\/v2\/product"}],"about":[{"href":"https:\/\/car-2.de\/shop\/wp-json\/wp\/v2\/types\/product"}],"replies":[{"embeddable":true,"href":"https:\/\/car-2.de\/shop\/wp-json\/wp\/v2\/comments?post=30289"}],"wp:featuredmedia":[{"embeddable":true,"href":"https:\/\/car-2.de\/shop\/wp-json\/wp\/v2\/media\/50122"}],"wp:attachment":[{"href":"https:\/\/car-2.de\/shop\/wp-json\/wp\/v2\/media?parent=30289"}],"wp:term":[{"taxonomy":"product_brand","embeddable":true,"href":"https:\/\/car-2.de\/shop\/wp-json\/wp\/v2\/product_brand?post=30289"},{"taxonomy":"product_cat","embeddable":true,"href":"https:\/\/car-2.de\/shop\/wp-json\/wp\/v2\/product_cat?post=30289"},{"taxonomy":"product_tag","embeddable":true,"href":"https:\/\/car-2.de\/shop\/wp-json\/wp\/v2\/product_tag?post=30289"}],"curies":[{"name":"wp","href":"https:\/\/api.w.org\/{rel}","templated":true}]}}