{"id":30284,"date":"2025-01-02T02:05:28","date_gmt":"2025-01-02T01:05:28","guid":{"rendered":"http:\/\/automotive.system199.de\/shop\/produkt\/stehbolzen-set-fuer-ford-fahrzeuge-10-stueck-laenge-40-mm\/"},"modified":"2025-01-02T02:05:29","modified_gmt":"2025-01-02T01:05:29","slug":"stehbolzen-set-fuer-ford-fahrzeuge-10-stueck-laenge-40-mm","status":"publish","type":"product","link":"https:\/\/car-2.de\/shop\/produkt\/stehbolzen-set-fuer-ford-fahrzeuge-10-stueck-laenge-40-mm\/","title":{"rendered":"Stehbolzen Set f\u00fcr Ford Fahrzeuge (10 St\u00fcck), L\u00e4nge 40 mm"},"content":{"rendered":"<p>Distanzscheiben, auch Spurverbreiterungen genannt, sollen jedem Auto nicht nur ein sportliches Aussehen verleihen, sondern auch durch Fahrstabilit\u00e4t \u00fcberzeugen. F\u00fcr den Einbau sind aber auch Teile erforderlich, die durch hohe Qualit\u00e4tsstandards punkten und sich durch eine Langlebigkeit auszeichnen. FK Automotive Stehbolzen aus hochwertigem Stahl erf\u00fcllen diese Kriterien ebenso wie Radmuttern und Radschrauben aus dem FK Automotive-Onlineshop f\u00fcr modernes Tuning und sportliches Autozubeh\u00f6r. Wer seinem Auto eine Spurverbreiterung aus dem FK Automotive-Onlineshop f\u00fcr modernes Tuning und sportliches Autozubeh\u00f6r g\u00f6nnen will, kann diese leicht selbst einbauen. Aber ein Einpressen von l\u00e4ngeren Stehbolzen sollte nur vom Profi durchgef\u00fchrt werden. Eine Spurverbreiterung, die man selber vornehmen will, muss mit Muttern durchgef\u00fchrt werden. Die unterschiedlichen und von FK Automotive entwickelten Systeme zur Spurverbreiterung aus einem Hochfestigkeits-Aluminium, lassen sich problemlos einbauen und \u00fcberzeugen durch ein attraktives Preis-Leistungs-Verh\u00e4ltnis. Qualit\u00e4t und Sicherheit stehen bei uns auch im Mittelpunkt, wenn es um Zubeh\u00f6r wie Stehbolzen geht. Die FK Automotive Stehbolzen gibt es in vielen Varianten, so dass auch die passenden f\u00fcr sie dabei sind. Sie k\u00f6nnen im FK Automotive-Onlineshop zwischen den passenden Gewinden, R\u00e4ndeldurchmessern und L\u00e4ngen w\u00e4hlen. F\u00fcr Ford-Fahrzeuge haben wir extra Stehbolzen. Im FK Automotive-Onlineshop finden Sie Stehbolzen Sets in den ben\u00f6tigten Gr\u00f6\u00dfen. Sie k\u00f6nnen die Stehbolzen im Set oder bei Bedarf auch einen FK Automotive Stehbolzen einzeln bestellen. Selbstverst\u00e4ndlich sind die Stehbolzen in bester FK-Qualit\u00e4t und sorgen f\u00fcr einen sicheren Sitz, damit sie viel Freude mit ihrem Fahrzeug haben. Im FK Automotive-Onlineshop finden sie \u00fcbrigens auch Radschrauben, Radmuttern, genau so wie Felgen in vielen trendigen Designs.<span style=\"display: inline-block; width: 0px; overflow: hidden; line-height: 0;\" data-mce-type=\"bookmark\" class=\"mce_SELRES_start\">\ufeff<\/span><\/p>\n","protected":false},"excerpt":{"rendered":"<p>f\u00fcr Ford universalFarbe: SchwarzStahlGewinde M12 x 1,5R\u00e4ndeldurchmesser 13 mmL\u00e4nge 40 mmF\u00fcr sicheren SitzLieferung im Set (10 St\u00fcck)StehbolzenBeste Qualit\u00e4tf\u00fcr Ford universalFarbe: SchwarzStahlGewinde M12 x 1,5R\u00e4ndeldurchmesser 13 mmL\u00e4nge 40 mmF\u00fcr sicheren SitzLieferung im Set (10 St\u00fcck)StehbolzenBeste Qualit\u00e4t<\/p>\n","protected":false},"featured_media":50107,"comment_status":"closed","ping_status":"open","template":"","meta":[],"product_brand":[],"product_cat":[2034,2029],"product_tag":[],"class_list":{"0":"post-30284","1":"product","2":"type-product","3":"status-publish","4":"has-post-thumbnail","6":"product_cat-radschrauben-muttern-tuning-zubehoer","7":"product_cat-tuning-zubehoer","8":"pa_kfz-hersteller-ford","9":"pa_kfz-modell-universal","11":"first","12":"instock","13":"purchasable","14":"product-type-simple"},"_links":{"self":[{"href":"https:\/\/car-2.de\/shop\/wp-json\/wp\/v2\/product\/30284","targetHints":{"allow":["GET"]}}],"collection":[{"href":"https:\/\/car-2.de\/shop\/wp-json\/wp\/v2\/product"}],"about":[{"href":"https:\/\/car-2.de\/shop\/wp-json\/wp\/v2\/types\/product"}],"replies":[{"embeddable":true,"href":"https:\/\/car-2.de\/shop\/wp-json\/wp\/v2\/comments?post=30284"}],"wp:featuredmedia":[{"embeddable":true,"href":"https:\/\/car-2.de\/shop\/wp-json\/wp\/v2\/media\/50107"}],"wp:attachment":[{"href":"https:\/\/car-2.de\/shop\/wp-json\/wp\/v2\/media?parent=30284"}],"wp:term":[{"taxonomy":"product_brand","embeddable":true,"href":"https:\/\/car-2.de\/shop\/wp-json\/wp\/v2\/product_brand?post=30284"},{"taxonomy":"product_cat","embeddable":true,"href":"https:\/\/car-2.de\/shop\/wp-json\/wp\/v2\/product_cat?post=30284"},{"taxonomy":"product_tag","embeddable":true,"href":"https:\/\/car-2.de\/shop\/wp-json\/wp\/v2\/product_tag?post=30284"}],"curies":[{"name":"wp","href":"https:\/\/api.w.org\/{rel}","templated":true}]}}