{"id":30275,"date":"2025-01-02T02:05:20","date_gmt":"2025-01-02T01:05:20","guid":{"rendered":"http:\/\/automotive.system199.de\/shop\/produkt\/inbusschrauben-set-10-stueck-m12-x-15-25-zylinderkopf\/"},"modified":"2025-01-02T02:05:25","modified_gmt":"2025-01-02T01:05:25","slug":"inbusschrauben-set-10-stueck-m12-x-15-25-zylinderkopf","status":"publish","type":"product","link":"https:\/\/car-2.de\/shop\/produkt\/inbusschrauben-set-10-stueck-m12-x-15-25-zylinderkopf\/","title":{"rendered":"Inbusschrauben Set (10 St\u00fcck), M12 x 1,5 25 Zylinderkopf"},"content":{"rendered":"<p>Inbusschrauben \/ Zylinderschrauben eignen sich gut f\u00fcrSchraubenverbindungen, bei denen die Schraubenk\u00f6pfe konstruktionsbedingt schwer zug\u00e4nglich sind. Bei Inbusschrauben reicht es, wenn der Kopf von oben, z. B. durch ein Loch, dessen Durchmesser gr\u00f6\u00dfer als das Eckenma\u00dfdes jeweiligen Schl\u00fcssels ist, erreicht werden kann.<span style=\"display: inline-block; width: 0px; overflow: hidden; line-height: 0;\" data-mce-type=\"bookmark\" class=\"mce_SELRES_start\">\ufeff<\/span><\/p>\n","protected":false},"excerpt":{"rendered":"<p>Radschrauben SetHochwertig und langlebigF\u00fcr sicheren SitzLieferung im Set (10 St\u00fcck)mit Innensechskant (bei System B enthalten)Farbe: chromStahlM12 x 1,5 \/ ZylinderschraubeSchaftl\u00e4nge 25 mmRadschrauben SetHochwertig und langlebigF\u00fcr sicheren SitzLieferung im Set (10 St\u00fcck)mit Innensechskant (bei System B enthalten)Farbe: chromStahlM12 x 1,5 \/ ZylinderschraubeSchaftl\u00e4nge 25 mm<\/p>\n","protected":false},"featured_media":50068,"comment_status":"closed","ping_status":"open","template":"","meta":[],"product_brand":[],"product_cat":[2034,2029],"product_tag":[],"class_list":{"0":"post-30275","1":"product","2":"type-product","3":"status-publish","4":"has-post-thumbnail","6":"product_cat-radschrauben-muttern-tuning-zubehoer","7":"product_cat-tuning-zubehoer","8":"pa_kfz-hersteller-universal","9":"pa_kfz-modell-universal","11":"first","12":"instock","13":"purchasable","14":"product-type-simple"},"_links":{"self":[{"href":"https:\/\/car-2.de\/shop\/wp-json\/wp\/v2\/product\/30275","targetHints":{"allow":["GET"]}}],"collection":[{"href":"https:\/\/car-2.de\/shop\/wp-json\/wp\/v2\/product"}],"about":[{"href":"https:\/\/car-2.de\/shop\/wp-json\/wp\/v2\/types\/product"}],"replies":[{"embeddable":true,"href":"https:\/\/car-2.de\/shop\/wp-json\/wp\/v2\/comments?post=30275"}],"wp:featuredmedia":[{"embeddable":true,"href":"https:\/\/car-2.de\/shop\/wp-json\/wp\/v2\/media\/50068"}],"wp:attachment":[{"href":"https:\/\/car-2.de\/shop\/wp-json\/wp\/v2\/media?parent=30275"}],"wp:term":[{"taxonomy":"product_brand","embeddable":true,"href":"https:\/\/car-2.de\/shop\/wp-json\/wp\/v2\/product_brand?post=30275"},{"taxonomy":"product_cat","embeddable":true,"href":"https:\/\/car-2.de\/shop\/wp-json\/wp\/v2\/product_cat?post=30275"},{"taxonomy":"product_tag","embeddable":true,"href":"https:\/\/car-2.de\/shop\/wp-json\/wp\/v2\/product_tag?post=30275"}],"curies":[{"name":"wp","href":"https:\/\/api.w.org\/{rel}","templated":true}]}}