{"id":30227,"date":"2025-01-02T02:05:13","date_gmt":"2025-01-02T01:05:13","guid":{"rendered":"http:\/\/automotive.system199.de\/shop\/produkt\/radmuttern-set-8-stk-laenge-23mm-kegelbund-m14x15-silber\/"},"modified":"2025-01-02T02:05:13","modified_gmt":"2025-01-02T01:05:13","slug":"radmuttern-set-8-stk-laenge-23mm-kegelbund-m14x15-silber","status":"publish","type":"product","link":"https:\/\/car-2.de\/shop\/produkt\/radmuttern-set-8-stk-laenge-23mm-kegelbund-m14x15-silber\/","title":{"rendered":"Radmuttern Set (8 Stk.) L\u00e4nge 23mm Kegelbund M14X1,5 silber"},"content":{"rendered":"<p>Wer seinem Auto eine Spurverbreiterung aus dem FK Automotive-Onlineshop f\u00fcr modernes Tuning und sportliches Autozubeh\u00f6r g\u00f6nnen will, kann diese leicht selbst einbauen. Der Autoliebhaber kann dabei w\u00e4hlen, ob er die Distanzscheiben an beiden Achsen oder nur an der hinteren Achse einbauen will. Er kann bei seinem Tuning sogar frei entscheiden, ob die hintere Spur breiter als die vordere ausfallen soll. Je nachdem, welches System gew\u00e4hlt wird, werden die Felgen und Verbreiterungsscheiben direkt an den Radnaben befestigt oder die Felgen werden an den Scheiben befestigt, die mit den Naben zuvor fest verschraubt wurden. Auf jeden Fall aber werden f\u00fcr dieses Fahrzeugtuning die passenden Radmuttern von FK Automotive gebraucht. Wer sich zum Beispiel aus dem Sortiment sportliches Autozubeh\u00f6r f\u00fcr eine Spurverbreiterung System A entschieden hat, muss verl\u00e4ngerte Radschrauben von FK Automotive verwenden. Die dazugeh\u00f6rigen FK Automotive Radmuttern gibt es in vielen verschiedenen Varianten, so dass auch die passenden f\u00fcr sie dabei sind. Sie k\u00f6nnen im FK Automotive-Onlineshop zwischen den passenden Gewinden, L\u00e4ngen, Schl\u00fcsselweiten und zwischen Kegelbund, Kugelbund und Kurzkopf w\u00e4hlen. Die richtige L\u00e4nge errechnet man, indem man den Gesamtwert der Spurverbreiterung halbiert und die Schaftl\u00e4nge der Original-Radmutter addiert. Im FK Automotive-Onlineshop finden Sie Radmutter Sets in den ben\u00f6tigten Gr\u00f6\u00dfen. Sie k\u00f6nnen die Radmuttern im Set oder bei Bedarf auch eine FK Automotive Radmutter einzeln bestellen. Selbstverst\u00e4ndlich sind die Radmuttern in bester FK-Qualit\u00e4t und sorgen f\u00fcr einen sicheren Sitz, damit sie viel Freude mit ihrem Fahrzeug haben. Im FK Automotive-Onlineshop finden sie \u00fcbrigens auch Felgen zu den Radmuttern, in vielen trendigen Designs.<span style=\"display: inline-block; width: 0px; overflow: hidden; line-height: 0;\" data-mce-type=\"bookmark\" class=\"mce_SELRES_start\">\ufeff<\/span><\/p>\n","protected":false},"excerpt":{"rendered":"<p>Radmuttern Set (8 Stk.)universell verwendbarSchl\u00fcsselweite: 19 mmFarbe: silber-L\u00e4nge 23mm-Kopf: KegelbundRadmuttern Set (8 Stk.)universell verwendbarSchl\u00fcsselweite: 19 mmFarbe: silber-L\u00e4nge 23mm-Kopf: Kegelbund<\/p>\n","protected":false},"featured_media":49913,"comment_status":"closed","ping_status":"open","template":"","meta":[],"product_brand":[],"product_cat":[2034,2029],"product_tag":[],"class_list":{"0":"post-30227","1":"product","2":"type-product","3":"status-publish","4":"has-post-thumbnail","6":"product_cat-radschrauben-muttern-tuning-zubehoer","7":"product_cat-tuning-zubehoer","8":"pa_kfz-hersteller-universal","9":"pa_kfz-modell-universal","11":"first","12":"instock","13":"purchasable","14":"product-type-simple"},"_links":{"self":[{"href":"https:\/\/car-2.de\/shop\/wp-json\/wp\/v2\/product\/30227","targetHints":{"allow":["GET"]}}],"collection":[{"href":"https:\/\/car-2.de\/shop\/wp-json\/wp\/v2\/product"}],"about":[{"href":"https:\/\/car-2.de\/shop\/wp-json\/wp\/v2\/types\/product"}],"replies":[{"embeddable":true,"href":"https:\/\/car-2.de\/shop\/wp-json\/wp\/v2\/comments?post=30227"}],"wp:featuredmedia":[{"embeddable":true,"href":"https:\/\/car-2.de\/shop\/wp-json\/wp\/v2\/media\/49913"}],"wp:attachment":[{"href":"https:\/\/car-2.de\/shop\/wp-json\/wp\/v2\/media?parent=30227"}],"wp:term":[{"taxonomy":"product_brand","embeddable":true,"href":"https:\/\/car-2.de\/shop\/wp-json\/wp\/v2\/product_brand?post=30227"},{"taxonomy":"product_cat","embeddable":true,"href":"https:\/\/car-2.de\/shop\/wp-json\/wp\/v2\/product_cat?post=30227"},{"taxonomy":"product_tag","embeddable":true,"href":"https:\/\/car-2.de\/shop\/wp-json\/wp\/v2\/product_tag?post=30227"}],"curies":[{"name":"wp","href":"https:\/\/api.w.org\/{rel}","templated":true}]}}