{"id":30211,"date":"2025-01-02T02:05:05","date_gmt":"2025-01-02T01:05:05","guid":{"rendered":"http:\/\/automotive.system199.de\/shop\/produkt\/handbremsgriff-design-leder-gelb-universal-gelb-handbremshebel\/"},"modified":"2025-01-02T02:05:07","modified_gmt":"2025-01-02T01:05:07","slug":"handbremsgriff-design-leder-gelb-universal-gelb-handbremshebel","status":"publish","type":"product","link":"https:\/\/car-2.de\/shop\/produkt\/handbremsgriff-design-leder-gelb-universal-gelb-handbremshebel\/","title":{"rendered":"Handbremsgriff Design Leder gelb universal gelb Handbremshebel"},"content":{"rendered":"<p>Machen Sie den Innenraum Ihres Fahrzeugs zu einem Highlight und versetzen Sie Ihre Beifahrer damit ins Staunen. Die kleinsten Details k\u00f6nnen einen \u00fcberraschend gro\u00dfen Effekt erzielen, der seine Wirkung bei Ihren Mitfahrern nicht verfehlt. Unsere Handbremsgriffe und Handbremsgriffcover sind ein gutes Beispiel f\u00fcr einen solchen Artikel. Wir bieten unsere Handbremsgriffe und &#8211; cover in vielen verschiedenen Farben, Formen und Designs an. Die Handbremsgriffe und &#8211; cover werden durchweg aus Aluminium gefertigt. Je nach Modell k\u00f6nnen sie in den verschiedensten Farben bestellt werden. Ein besonderes Highlight f\u00fcr unsere weiblichen Tuning Fans sind die mit Kristallen \u00fcberzogenen Handbremsgriffe in unserem Sortiment. Oder \u00fcberraschen Sie Ihre Mitfahrer doch mit Handbremsgriffen in farbigem eloxiertem Aluminium. Auch unsere Handbremsgriffe aus farbigem Leder ziehen alle Blicke auf sich. Unsere Cover f\u00fcr Handbremsgriffe im Carbon &#8211; Look und im Titan &#8211; Look sind ein ganz besonderer Blickfang, ihr sportliches Design setzt besondere Akzente im Innenraum Ihres Fahrzeugs. Unsere Handbremsgriffe sind universell f\u00fcr alle Automarken und Fahrzeugmodelle anwendbar. Die Handbremsgriffe haben genauso wie die Handbremsgriffcover eine hervorragende Griffigkeit. Wir liefern unsere Handbremsgriffe und Handbremscover selbstverst\u00e4ndlich in gewohnt hoher Qualit\u00e4t und mit top Verarbeitung. Sie k\u00f6nnen die Handbremsgriffe und &#8211; cover im Handumdrehen montieren. Wenn Sie Interesse an weiterem Tuningzubeh\u00f6r f\u00fcr den Innenraum Ihres Fahrzeugs haben, dann sind Sie in unserem FK Online Shop f\u00fcr Tuning und sportliches Autozubeh\u00f6r genau richtig. Auch in allen anderen Bereichen des Tunings kann Ihnen unser FK Online Shop, mit seinem breit gef\u00e4cherten Sortiment, eine gro\u00dfe Zahl an Artikeln bieten. \u00dcberzeugen Sie sich selbst uns schauen Sie doch einfach rein.<span style=\"display: inline-block; width: 0px; overflow: hidden; line-height: 0;\" data-mce-type=\"bookmark\" class=\"mce_SELRES_start\">\ufeff<\/span><\/p>\n","protected":false},"excerpt":{"rendered":"<p>Farbe: gelbohne ZulassungLederDesign HandbremsgriffHohe Qualit\u00e4tTop DesignFarbe: gelbohne ZulassungLederDesign HandbremsgriffHohe Qualit\u00e4tTop Design<\/p>\n","protected":false},"featured_media":49837,"comment_status":"closed","ping_status":"open","template":"","meta":[],"product_brand":[],"product_cat":[659],"product_tag":[],"class_list":{"0":"post-30211","1":"product","2":"type-product","3":"status-publish","4":"has-post-thumbnail","6":"product_cat-normale-versandkosten","7":"pa_kfz-hersteller-universal","8":"pa_kfz-modell-universal","10":"first","11":"instock","12":"purchasable","13":"product-type-simple"},"_links":{"self":[{"href":"https:\/\/car-2.de\/shop\/wp-json\/wp\/v2\/product\/30211","targetHints":{"allow":["GET"]}}],"collection":[{"href":"https:\/\/car-2.de\/shop\/wp-json\/wp\/v2\/product"}],"about":[{"href":"https:\/\/car-2.de\/shop\/wp-json\/wp\/v2\/types\/product"}],"replies":[{"embeddable":true,"href":"https:\/\/car-2.de\/shop\/wp-json\/wp\/v2\/comments?post=30211"}],"wp:featuredmedia":[{"embeddable":true,"href":"https:\/\/car-2.de\/shop\/wp-json\/wp\/v2\/media\/49837"}],"wp:attachment":[{"href":"https:\/\/car-2.de\/shop\/wp-json\/wp\/v2\/media?parent=30211"}],"wp:term":[{"taxonomy":"product_brand","embeddable":true,"href":"https:\/\/car-2.de\/shop\/wp-json\/wp\/v2\/product_brand?post=30211"},{"taxonomy":"product_cat","embeddable":true,"href":"https:\/\/car-2.de\/shop\/wp-json\/wp\/v2\/product_cat?post=30211"},{"taxonomy":"product_tag","embeddable":true,"href":"https:\/\/car-2.de\/shop\/wp-json\/wp\/v2\/product_tag?post=30211"}],"curies":[{"name":"wp","href":"https:\/\/api.w.org\/{rel}","templated":true}]}}