{"id":30206,"date":"2025-01-10T13:28:22","date_gmt":"2025-01-10T12:28:22","guid":{"rendered":"http:\/\/automotive.system199.de\/shop\/produkt\/schaltknauf-aluminium-mit-kristallen-oberflaeche-chrom\/"},"modified":"2025-01-10T13:28:24","modified_gmt":"2025-01-10T12:28:24","slug":"schaltknauf-aluminium-mit-kristallen-oberflaeche-chrom","status":"publish","type":"product","link":"https:\/\/car-2.de\/shop\/produkt\/schaltknauf-aluminium-mit-kristallen-oberflaeche-chrom\/","title":{"rendered":"Schaltknauf Aluminium mit Kristallen, Oberfl\u00e4che chrom"},"content":{"rendered":"<p>Fahrzeug Tuning spielt sich noch immer zum gr\u00f6\u00dften Teil im Au\u00dfenbereich eines Fahrzeugs ab. Sie sollten jedoch nicht die M\u00f6glichkeiten au\u00dfer Acht lassen, die Ihnen das Fahrzeug Tuning f\u00fcr den Innenraum ihres Fahrzeugs bietet. Setzen Sie mit unseren Schaltkn\u00e4ufen Highlights im Innenraum Ihres Fahrzeugs! Wir bieten Ihnen in unserem Online Shop eine riesige Auswahl an Schaltkn\u00e4ufen in den verschiedensten Designs, Farben und Formen an. Unsere Schaltkn\u00e4ufe sind universell f\u00fcr alle Automarken und Fahrzeugmodelle verwendbar. Setzen Sie Akzente und bringen Sie Ihre Beifahrer, mit unseren ausgefallenen Schaltkn\u00e4ufen, zum Staunen, Sie k\u00f6nnen unsere Schaltkn\u00e4ufe in verschiedenen Materialien erwerben, darunter Aluminium und Leder. Sie sind je nach Modell zudem mit farbigen Kunststoffeins\u00e4tzen, Leder &#8211; Absetzung oder Chrom &#8211; Absetzung versehen. Speziell f\u00fcr unsere weiblichen Tuning Fans bieten wir Schaltkn\u00e4ufe im Swarovski Design an, diese Schaltkn\u00e4ufe sind mit glitzernden Kristallen besetzt. Oder \u00fcberraschen Sie Ihre Beifahrer mit unseren speziellen Handyschaltkn\u00e4ufen, diese fangen an zu blinken, sobald Sie auf Ihrem Handy angerufen werden. Ein weiteres besonderes Highlight sind unsere Schaltkn\u00e4ufe mit farbiger LED &#8211; Beleuchtung oder Neon &#8211; Beleuchtung. Sie k\u00f6nnen dabei zwischen verschiedenen Farben ausw\u00e4hlen oder sich f\u00fcr die Multicolor &#8211; Variante entscheiden. Wer es besonders sportlich mag, dem k\u00f6nnen wir unsere FK Sport Linie empfehlen. Diese Schaltkn\u00e4ufe haben ein ganz besonders sportliches Design verbunden mit einer hervorragenden Griffigkeit. Wir liefern unsere Schaltkn\u00e4ufe selbstverst\u00e4ndlich in gewohnt hoher Qualit\u00e4t mit top Verarbeitung. Auch in allen anderen Bereichen des Tunings kann Ihnen unser Online Shop, mit seinem breit gef\u00e4cherten Sortiment, eine gro\u00dfe Zahl an Artikeln bieten. Schauen Sie doch einfach rein.<span style=\"display: inline-block; width: 0px; overflow: hidden; line-height: 0;\" data-mce-type=\"bookmark\" class=\"mce_SELRES_start\">\ufeff<\/span><\/p>\n","protected":false},"excerpt":{"rendered":"<p>Material: Aluminium, Oberfl\u00e4che chrommit ZulassungSchaltknauf aus AluminiumTop Designmit KristallenMaterial: Aluminium, Oberfl\u00e4che chrommit ZulassungSchaltknauf aus AluminiumTop Designmit Kristallen<\/p>\n","protected":false},"featured_media":49830,"comment_status":"closed","ping_status":"open","template":"","meta":[],"product_brand":[],"product_cat":[666,637],"product_tag":[],"class_list":{"0":"post-30206","1":"product","2":"type-product","3":"status-publish","4":"has-post-thumbnail","6":"product_cat-dies-das","7":"product_cat-sale","8":"pa_kfz-hersteller-universal","9":"pa_kfz-modell-universal","11":"first","12":"instock","13":"purchasable","14":"product-type-simple"},"_links":{"self":[{"href":"https:\/\/car-2.de\/shop\/wp-json\/wp\/v2\/product\/30206","targetHints":{"allow":["GET"]}}],"collection":[{"href":"https:\/\/car-2.de\/shop\/wp-json\/wp\/v2\/product"}],"about":[{"href":"https:\/\/car-2.de\/shop\/wp-json\/wp\/v2\/types\/product"}],"replies":[{"embeddable":true,"href":"https:\/\/car-2.de\/shop\/wp-json\/wp\/v2\/comments?post=30206"}],"wp:featuredmedia":[{"embeddable":true,"href":"https:\/\/car-2.de\/shop\/wp-json\/wp\/v2\/media\/49830"}],"wp:attachment":[{"href":"https:\/\/car-2.de\/shop\/wp-json\/wp\/v2\/media?parent=30206"}],"wp:term":[{"taxonomy":"product_brand","embeddable":true,"href":"https:\/\/car-2.de\/shop\/wp-json\/wp\/v2\/product_brand?post=30206"},{"taxonomy":"product_cat","embeddable":true,"href":"https:\/\/car-2.de\/shop\/wp-json\/wp\/v2\/product_cat?post=30206"},{"taxonomy":"product_tag","embeddable":true,"href":"https:\/\/car-2.de\/shop\/wp-json\/wp\/v2\/product_tag?post=30206"}],"curies":[{"name":"wp","href":"https:\/\/api.w.org\/{rel}","templated":true}]}}