{"id":30201,"date":"2025-01-02T02:05:05","date_gmt":"2025-01-02T01:05:05","guid":{"rendered":"http:\/\/automotive.system199.de\/shop\/produkt\/domlager-fiat-bravo-brava-td-20v-links\/"},"modified":"2025-01-02T02:05:05","modified_gmt":"2025-01-02T01:05:05","slug":"domlager-fiat-bravo-brava-td-20v-links","status":"publish","type":"product","link":"https:\/\/car-2.de\/shop\/produkt\/domlager-fiat-bravo-brava-td-20v-links\/","title":{"rendered":"Domlager Fiat Bravo\/Brava TD \/ 20V links"},"content":{"rendered":"<p>In dieser Kategorie unseres FK Onlineshops f\u00fcr modernes Tuning und sportliches Autozubeh\u00f6r finden Sie sowohl Tuning Domlager als auch Zubeh\u00f6r Domlager, welche in der Regel ein fester Bestandteil beim Fahrwerk Tuning und auch im Allgemeinen immer wieder ben\u00f6tigt werden. Das Domlager oder auch Federbeinlager befindet sich am oberen Ende der Feder am Federbein. Es stellt die Verbindung zwischen Federbein und Karosserie dar. Zum einen erm\u00f6glicht das Domlager das Drehen des Federbeines im Federbeindom, zum anderen kann man mit einem Domlager auch eine Ver\u00e4nderung des Winkels in welchem das Federbein zur Karosserie steht bewirken. Die wohl interessanteste und wichtigste Funktion eines Domlagers ist die D\u00e4mpfungsfunktion. Diese bewirkt, dass die Schwingungen, welche von der Stra\u00dfe auf das Federbein \u00fcbertragen werden, nicht auf die Karosserie \u00fcbertragen werden. Somit leisten Sie auch deutliche Arbeit in Sachen Komfort. Bei uns im FK Online Shop f\u00fcr Tuning und sportliches Autozubeh\u00f6r finden Sie zweierlei Domlager. Zum einen finden Sie bei uns herk\u00f6mmliche, fahrzeugspezifische Zubeh\u00f6r Domlager. Diese eigenen sich zum herk\u00f6mmlich n\u00f6tigen Domlagerwechsel, welcher in der Regel alle 60.000 Kilometer n\u00f6tig ist. Sollten Sie Ihre Domlager nicht austauschen, ist ein optimaler Fahrkomfort nicht mehr gew\u00e4hrleistet. Aus diesem Grund empfehlen wir Ihnen Ihre Domlager rechtzeitig zu tauschen. Des anderen bieten wir auch Tuning Domlager an. Dies sind Domlager, welche bei einer Tieferlegung durch ein neues Fahrwerk oder durch neue D\u00e4mpfer an die neue -Arbeitsumgebung\u0093 angepasst sind. Sie leisten eben genau den oben genannten Fahrkomfort, trotz Tieferlegung und D\u00e4mpferverstellung erm\u00f6glichen. Wir empfehlen Ihnen beim Erwerb eines neuen Fahrwerks aus unserem Hause gleich neue, angepasste Domlager zu verbauen. So sparen Sie Zeit und Aufwand, und erhalten dabei Ihren Fahrkomfort. In unserem Online Shop des Hauses FK Automotive finden Sie jede Menge fahrzeugspezifischer Zubeh\u00f6r Domlager aber auch Tuning Domlager die speziell f\u00fcr unsere Sport Edition Plus Gewindefahrwerke und Power High Tec Sportfahrwerke geschaffen sind.<span style=\"display: inline-block; width: 0px; overflow: hidden; line-height: 0;\" data-mce-type=\"bookmark\" class=\"mce_SELRES_start\">\ufeff<\/span><\/p>\n","protected":false},"excerpt":{"rendered":"<p>f\u00fcr Fiat Brava (182)Qualitativ hochwertige\/s DomlagerEmpfehlung: Bei Fahrwerksumr\u00fcstung gleich mitverbauen!linkes DomlagerzulassungsfreiVorderachsef\u00fcr Fiat Brava (182)Qualitativ hochwertige\/s DomlagerEmpfehlung: Bei Fahrwerksumr\u00fcstung gleich mitverbauen!linkes DomlagerzulassungsfreiVorderachse<\/p>\n","protected":false},"featured_media":49794,"comment_status":"closed","ping_status":"open","template":"","meta":[],"product_brand":[],"product_cat":[],"product_tag":[],"class_list":{"0":"post-30201","1":"product","2":"type-product","3":"status-publish","4":"has-post-thumbnail","6":"pa_kfz-hersteller-fiat","7":"pa_kfz-modell-brava-182","9":"first","10":"instock","11":"purchasable","12":"product-type-simple"},"_links":{"self":[{"href":"https:\/\/car-2.de\/shop\/wp-json\/wp\/v2\/product\/30201","targetHints":{"allow":["GET"]}}],"collection":[{"href":"https:\/\/car-2.de\/shop\/wp-json\/wp\/v2\/product"}],"about":[{"href":"https:\/\/car-2.de\/shop\/wp-json\/wp\/v2\/types\/product"}],"replies":[{"embeddable":true,"href":"https:\/\/car-2.de\/shop\/wp-json\/wp\/v2\/comments?post=30201"}],"wp:featuredmedia":[{"embeddable":true,"href":"https:\/\/car-2.de\/shop\/wp-json\/wp\/v2\/media\/49794"}],"wp:attachment":[{"href":"https:\/\/car-2.de\/shop\/wp-json\/wp\/v2\/media?parent=30201"}],"wp:term":[{"taxonomy":"product_brand","embeddable":true,"href":"https:\/\/car-2.de\/shop\/wp-json\/wp\/v2\/product_brand?post=30201"},{"taxonomy":"product_cat","embeddable":true,"href":"https:\/\/car-2.de\/shop\/wp-json\/wp\/v2\/product_cat?post=30201"},{"taxonomy":"product_tag","embeddable":true,"href":"https:\/\/car-2.de\/shop\/wp-json\/wp\/v2\/product_tag?post=30201"}],"curies":[{"name":"wp","href":"https:\/\/api.w.org\/{rel}","templated":true}]}}