{"id":30186,"date":"2025-01-02T02:04:59","date_gmt":"2025-01-02T01:04:59","guid":{"rendered":"http:\/\/automotive.system199.de\/shop\/produkt\/tieferlegungsfedern-mazda-2-dy-nur-schraegheck-va-ha-ca-30-mm\/"},"modified":"2025-01-02T02:05:00","modified_gmt":"2025-01-02T01:05:00","slug":"tieferlegungsfedern-mazda-2-dy-nur-schraegheck-va-ha-ca-30-mm","status":"publish","type":"product","link":"https:\/\/car-2.de\/shop\/produkt\/tieferlegungsfedern-mazda-2-dy-nur-schraegheck-va-ha-ca-30-mm\/","title":{"rendered":"Tieferlegungsfedern Mazda 2 (DY) nur Schr\u00e4gheck VA\/HA ca. 30 mm"},"content":{"rendered":"<p>Tieferlegungsfedern Mazda 2 (DY):Durch eine Tieferlegung wird die Stabilit\u00e4t Ihres Fahrzeugsinsbesondere in Kurvenlagen erh\u00f6ht, was Ihnen eine sportlichere Fahrweiseerlaubt. Zudem spielt die dynamischere Optik, die ein Fahrzeug durch eineTieferlegung erzielen kann, f\u00fcr viele Fahrer eine wichtige Rolle. Mit unserenTieferlegungsfedern aus unserem Online-Shop k\u00f6nnen Sie die Fahrzeugh\u00f6he bis zu 75mm reduzieren.Zus\u00e4tzlich zur bereits erw\u00e4hnten sportlicheren Optik verlagert die Tieferlegungden Schwerpunkt Ihres Fahrzeugs, was eine deutlich sportlichere Fahrweiseerlaubt. Dies \u00e4u\u00dfert sich durch eine geringere Rollneigung und ein vermindertesAusfedern bei der Beschleunigung, wobei der Komfort dennoch nicht zu kurz kommt. Unsere Tieferlegungsfedern werden nach den strengen Richtliniender DIN EN ISO 9001-2001 auf modernsten CNC Wickelmaschinen aus speziellemChrom-Silizium Stahl gefertigt, endgesetzt und als hochwertigerKorrosionsschutz kunststoffbeschichtet. Vorteile:Hohe Performance ohne SicherheitsverlustPr\u00e4zise Verarbeitung Alltagstauglichkeit Verringertes Ausfedern beim BeschleunigenErh\u00f6hte Stabilit\u00e4t\u00a0Strafferes, sportlicheres Fahrverhalten Verringertes Eintauchen beim BremsenReduzierte Rollneigung der KarosserieHochwertige Materialien: Silizium, Chrom, Stahl Technische Daten:Tieferlegungsfedern High TecF\u00fcr Mazda 2 DYMaterial: Chrom,Silizium,StahlMit ZulassungTieferlegung: ca. 35-40mmF\u00fcr Baujahr: 10.2003 bis 2007Lieferumfang:2 Vorderachsfedern2 Hinterachsfedern1 Montageanleitung Bis zu einer Tieferlegung von 40mm k\u00f6nnen Sie mit denSeriensto\u00dfd\u00e4mpfer Ihres Fahrzeugs weiterfahren. Danach sollten Sie allerdingsSportsto\u00dfd\u00e4mpfer einbauen, denn ab einer Tieferlegung von 40mm m\u00fcssen gek\u00fcrzteSportsto\u00dfd\u00e4mpfer verwendet werden, da die Tieferlegungsfeder sonst keineVorspannung mehr hat, das Fahrwerk dann nicht mehr richtig arbeiten kann. Dabei ist zus\u00e4tzlich darauf zu achten, dass dieTieferlegungsfeder und der Sportd\u00e4mpfer optimal zueinander passen. In unserem Online Shop k\u00f6nnen Sie daher selbstverst\u00e4ndlich zu den Tieferlegungsfedern passende Sportd\u00e4mpfer oder andere Teile aus allen Tuningbereichen erwerben.<span style=\"display: inline-block; width: 0px; overflow: hidden; line-height: 0;\" data-mce-type=\"bookmark\" class=\"mce_SELRES_start\">\ufeff<\/span><\/p>\n","protected":false},"excerpt":{"rendered":"<p>f\u00fcr Mazda 2 (DY)f\u00fcr Baujahr: ab 10.2003 bis 2007Material: Chrom Silizium Stahlmit ZulassungTieferlegung ca. 30 mmTieferlegungsfedern High TecTop Verarbeitungf\u00fcr Mazda 2 (DY)f\u00fcr Baujahr: ab 10.2003 bis 2007Material: Chrom Silizium Stahlmit ZulassungTieferlegung ca. 30 mmTieferlegungsfedern High TecTop Verarbeitung<\/p>\n","protected":false},"featured_media":49771,"comment_status":"closed","ping_status":"open","template":"","meta":[],"product_brand":[],"product_cat":[641,663],"product_tag":[],"class_list":{"0":"post-30186","1":"product","2":"type-product","3":"status-publish","4":"has-post-thumbnail","6":"product_cat-fahrwerk-tuning","7":"product_cat-tieferlegungsfedern","8":"pa_kfz-hersteller-mazda","9":"pa_kfz-modell-2-dy","11":"first","12":"instock","13":"purchasable","14":"product-type-simple"},"_links":{"self":[{"href":"https:\/\/car-2.de\/shop\/wp-json\/wp\/v2\/product\/30186","targetHints":{"allow":["GET"]}}],"collection":[{"href":"https:\/\/car-2.de\/shop\/wp-json\/wp\/v2\/product"}],"about":[{"href":"https:\/\/car-2.de\/shop\/wp-json\/wp\/v2\/types\/product"}],"replies":[{"embeddable":true,"href":"https:\/\/car-2.de\/shop\/wp-json\/wp\/v2\/comments?post=30186"}],"wp:featuredmedia":[{"embeddable":true,"href":"https:\/\/car-2.de\/shop\/wp-json\/wp\/v2\/media\/49771"}],"wp:attachment":[{"href":"https:\/\/car-2.de\/shop\/wp-json\/wp\/v2\/media?parent=30186"}],"wp:term":[{"taxonomy":"product_brand","embeddable":true,"href":"https:\/\/car-2.de\/shop\/wp-json\/wp\/v2\/product_brand?post=30186"},{"taxonomy":"product_cat","embeddable":true,"href":"https:\/\/car-2.de\/shop\/wp-json\/wp\/v2\/product_cat?post=30186"},{"taxonomy":"product_tag","embeddable":true,"href":"https:\/\/car-2.de\/shop\/wp-json\/wp\/v2\/product_tag?post=30186"}],"curies":[{"name":"wp","href":"https:\/\/api.w.org\/{rel}","templated":true}]}}