{"id":30185,"date":"2025-01-02T02:04:59","date_gmt":"2025-01-02T01:04:59","guid":{"rendered":"http:\/\/automotive.system199.de\/shop\/produkt\/tieferlegungsfedern-kia-rio-de-va-ha-ca-35-mm-export\/"},"modified":"2025-01-02T02:05:00","modified_gmt":"2025-01-02T01:05:00","slug":"tieferlegungsfedern-kia-rio-de-va-ha-ca-35-mm-export","status":"publish","type":"product","link":"https:\/\/car-2.de\/shop\/produkt\/tieferlegungsfedern-kia-rio-de-va-ha-ca-35-mm-export\/","title":{"rendered":"Tieferlegungsfedern KIA Rio (DE) VA\/HA ca. 35 mm *EXPORT*"},"content":{"rendered":"<p>M\u00f6chten Sie die Fahreigenschaften Ihres Fahrzeugs durch eine Tieferlegung verbessern? Dann sind Sie in unserem Online Shop genau richtig, hier k\u00f6nnen Sie Tieferlegungsfedern f\u00fcr nahezu alle Automarken und Fahrzeugmodelle finden. Wir bieten Ihnen Tieferlegungsfedern in hoher Qualit\u00e4t und mit einer top Verarbeitung an. Unsere Tieferlegungsfedern werden nach den strengen Richtlinien der DIN EN ISO 9001-2001 auf modernsten CNC Wickelmaschinen aus speziellem Chrom-Silizium Stahl gefertigt, endgesetzt und als hochwertiger Korrosionsschutz kunststoffbeschichtet. Durch eine Tieferlegung wird die Stabilit\u00e4t Ihres Fahrzeugs insbesondere in Kurvenlagen erh\u00f6ht, was Ihnen eine sportlichere Fahrweise erlaubt. Zudem spielt die dynamischere Optik, die ein Fahrzeug durch eine Tieferlegung erzielen kann, f\u00fcr viele Fahrer eine wichtige Rolle. Mit unseren Tieferlegungsfedern k\u00f6nnen Sie die Fahrzeugh\u00f6he bis zu 75mm reduzieren. Zus\u00e4tzlich zur bereits erw\u00e4hnten sportlicheren Optik verlagert die Tieferlegung den Schwerpunkt Ihres Fahrzeugs, was eine deutlich sportlichere Fahrweise erlaubt. Dies \u00e4u\u00dfert sich durch eine geringere Rollneigung und ein vermindertes Ausfedern bei der Beschleunigung, wobei der Komfort dennoch nicht zu kurz kommt. Bis zu einer Tieferlegung von 40mm k\u00f6nnen Sie mit den Seriensto\u00dfd\u00e4mpfer Ihres Fahrzeugs weiterfahren. Danach sollten Sie allerdings Sportsto\u00dfd\u00e4mpfer einbauen, denn ab einer Tieferlegung von 40mm m\u00fcssen gek\u00fcrzte Sportsto\u00dfd\u00e4mpfer verwendet werden, da die Tieferlegungsfeder sonst keine Vorspannung mehr hat, das Fahrwerk dann nicht mehr richtig arbeiten kann und es zu lauten Ger\u00e4uschen kommen kann, au\u00dferdem besteht die Gefahr, dass sich die Tieferlegungsfeder verkantet. Dabei ist zus\u00e4tzlich darauf zu achten, dass die Tieferlegungsfeder und der Sportd\u00e4mpfer optimal zueinander passen. In unserem Online Shop k\u00f6nnen Sie daher selbstverst\u00e4ndlich zu den Tieferlegungsfedern passende Sportd\u00e4mpfer erwerben. Wir haben zudem in allen Tuningbereichen ein breit gef\u00e4chertes Sortiment, schauen Sie doch in unserem Online Shop vorbei.<span style=\"display: inline-block; width: 0px; overflow: hidden; line-height: 0;\" data-mce-type=\"bookmark\" class=\"mce_SELRES_start\">\ufeff<\/span><\/p>\n","protected":false},"excerpt":{"rendered":"<p>f\u00fcr Kia Rio 1f\u00fcr Baujahr: 08.2005 bis 2011Material: Chrom Silizium Stahlohne ZulassungTieferlegung ca. 30 bis 35 mmTieferlegungsfedern High TecTop Verarbeitungf\u00fcr Kia Rio 1f\u00fcr Baujahr: 08.2005 bis 2011Material: Chrom Silizium Stahlohne ZulassungTieferlegung ca. 30 bis 35 mmTieferlegungsfedern High TecTop Verarbeitung<\/p>\n","protected":false},"featured_media":49771,"comment_status":"closed","ping_status":"open","template":"","meta":[],"product_brand":[],"product_cat":[641,663],"product_tag":[],"class_list":{"0":"post-30185","1":"product","2":"type-product","3":"status-publish","4":"has-post-thumbnail","6":"product_cat-fahrwerk-tuning","7":"product_cat-tieferlegungsfedern","8":"pa_kfz-hersteller-kia","9":"pa_kfz-modell-rio-ii-jb","10":"pa_kfz-modell-rio-ii-stufenheck-jb","12":"first","13":"instock","14":"purchasable","15":"product-type-simple"},"_links":{"self":[{"href":"https:\/\/car-2.de\/shop\/wp-json\/wp\/v2\/product\/30185","targetHints":{"allow":["GET"]}}],"collection":[{"href":"https:\/\/car-2.de\/shop\/wp-json\/wp\/v2\/product"}],"about":[{"href":"https:\/\/car-2.de\/shop\/wp-json\/wp\/v2\/types\/product"}],"replies":[{"embeddable":true,"href":"https:\/\/car-2.de\/shop\/wp-json\/wp\/v2\/comments?post=30185"}],"wp:featuredmedia":[{"embeddable":true,"href":"https:\/\/car-2.de\/shop\/wp-json\/wp\/v2\/media\/49771"}],"wp:attachment":[{"href":"https:\/\/car-2.de\/shop\/wp-json\/wp\/v2\/media?parent=30185"}],"wp:term":[{"taxonomy":"product_brand","embeddable":true,"href":"https:\/\/car-2.de\/shop\/wp-json\/wp\/v2\/product_brand?post=30185"},{"taxonomy":"product_cat","embeddable":true,"href":"https:\/\/car-2.de\/shop\/wp-json\/wp\/v2\/product_cat?post=30185"},{"taxonomy":"product_tag","embeddable":true,"href":"https:\/\/car-2.de\/shop\/wp-json\/wp\/v2\/product_tag?post=30185"}],"curies":[{"name":"wp","href":"https:\/\/api.w.org\/{rel}","templated":true}]}}